{"id":726150,"date":"2025-08-27T20:01:52","date_gmt":"2025-08-27T17:01:52","guid":{"rendered":"https:\/\/roveyayinevi.com.tr\/index.php\/urun\/kurkcu-dukkani\/"},"modified":"2026-04-16T02:34:01","modified_gmt":"2026-04-15T23:34:01","slug":"kurkcu-dukkani","status":"publish","type":"product","link":"https:\/\/roveyayinevi.com.tr\/index.php\/urun\/kurkcu-dukkani\/","title":{"rendered":"K\u00fcrk\u00e7\u00fc D\u00fckkan\u0131"},"content":{"rendered":"<p>K\u00fcrk\u00e7\u00fc D\u00fckk\u00e2n\u0131\u2019nda bir insan\u0131n kendine yenili\u015fi g\u00f6zler \u00f6n\u00fcne seriliyor. S\u00fcheyl\u00e2, mutlulu\u011fu para ve mal varl\u0131\u011f\u0131yla elde edece\u011fine inanan, h\u0131rsl\u0131 bir anne ile onun s\u00f6z\u00fcnden \u00e7\u0131kmayan bir baba elinde yanl\u0131\u015f se\u00e7imlere s\u00fcr\u00fckleniyor. Zengin kumarbaz Adnan, ta\u015fral\u0131 Ekrem ve sab\u0131rl\u0131 \u00e2\u015f\u0131k Cemal M\u00fcnir. Ve bu \u00fc\u00e7 erke\u011fin aras\u0131nda hayat\u0131 yang\u0131n yerine d\u00f6nen gen\u00e7 bir kad\u0131n. S\u0131n\u0131f \u00e7at\u0131\u015fmalar\u0131n\u0131n T\u00fcrk edebiyat\u0131nda hen\u00fcz y\u00fcz\u00fcn\u00fc g\u00f6stermeye ba\u015flad\u0131\u011f\u0131 20. y\u00fczy\u0131l\u0131n ilk yar\u0131s\u0131nda evlilik, a\u015fk ve intikam ekseninde \u015fekillenen toplumsal ili\u015fkileri okurken, eski \u0130stanbul\u2019dan manzaralarla kar\u015f\u0131la\u015facaks\u0131n\u0131z.***\u0130stanbul\u2019da 1895 y\u0131l\u0131nda d\u00fcnyaya gelen Yusuf Ziya Orta\u00e7, edebiyata Vefa \u0130dadisi\u2019nde okurken aruz vezninde yazd\u0131\u011f\u0131 \u015fiirlerle ba\u015flad\u0131. Gen\u00e7 ya\u015fta tan\u0131\u015ft\u0131\u011f\u0131 Ziya G\u00f6kalp\u2019in etkisiyle hece \u00f6l\u00e7\u00fcs\u00fcn\u00fc benimsedi ve bu t\u00fcrde verdi\u011fi ba\u015far\u0131l\u0131 \u00f6rnekler sayesinde \u201cHecenin Be\u015f \u015eairi\u201dnden biri olarak \u00fcnlendi. 1915\u2019te edebiyat \u00f6\u011fretmenli\u011fine ba\u015flayan Orta\u00e7, edebi faaliyetlerine \u00e7e\u015fitli dergilerde yazarak devam etti. As\u0131l y\u00fckseli\u015fini ise 1922\u2019de Orhan Seyfi Orhon\u2019la birlikte \u00e7\u0131karmaya ba\u015flad\u0131klar\u0131 \u201cAkbaba\u201d adl\u0131 mizah dergisi ile ya\u015fad\u0131. K\u0131sa s\u00fcrede en \u00fcnl\u00fc mizah yazarlar\u0131ndan biri haline geldi ve \u00f6l\u00fcm\u00fcne de\u011fin dergiyi \u00e7\u0131karmaya devam etti. D\u00f6nemine yay\u0131nc\u0131l\u0131k faaliyetleriyle damga vuran Orta\u00e7, 1946-1954 y\u0131llar\u0131 aras\u0131nda milletvekilli\u011fi de yapt\u0131. Orta\u00e7, 1967\u2019de, do\u011fdu\u011fu \u015fehirde hayat\u0131n\u0131 kaybetti.<\/p>\n","protected":false},"excerpt":{"rendered":"<p>K\u00fcrk\u00e7\u00fc D\u00fckk\u00e2n\u0131\u2019nda bir insan\u0131n kendine yenili\u015fi g\u00f6zler \u00f6n\u00fcne seriliyor. S\u00fcheyl\u00e2, mutlulu\u011fu para ve mal varl\u0131\u011f\u0131yla elde edece\u011fine inanan, h\u0131rsl\u0131 bir anne ile onun s\u00f6z\u00fcnden \u00e7\u0131kmayan bir<span class=\"excerpt-hellip\"> [\u2026]<\/span><\/p>\n","protected":false},"featured_media":0,"template":"","meta":{"_monsterinsights_skip_tracking":false,"_monsterinsights_sitenote_active":false,"_monsterinsights_sitenote_note":"","_monsterinsights_sitenote_category":0},"product_brand":[],"product_cat":[12291,12711],"product_tag":[],"class_list":{"0":"post-726150","1":"product","2":"type-product","3":"status-publish","5":"product_cat-edebiyat","6":"product_cat-roman-oyku","7":"pa_cilt-ciltsiz","8":"pa_tur-kitap","9":"pa_yayinevi-inkilap-kitabevi","10":"pa_yazar-yusuf-ziya-ortac","12":"first","13":"instock","14":"sale","15":"shipping-taxable","16":"purchasable","17":"product-type-simple"},"_links":{"self":[{"href":"https:\/\/roveyayinevi.com.tr\/index.php\/wp-json\/wp\/v2\/product\/726150","targetHints":{"allow":["GET"]}}],"collection":[{"href":"https:\/\/roveyayinevi.com.tr\/index.php\/wp-json\/wp\/v2\/product"}],"about":[{"href":"https:\/\/roveyayinevi.com.tr\/index.php\/wp-json\/wp\/v2\/types\/product"}],"wp:attachment":[{"href":"https:\/\/roveyayinevi.com.tr\/index.php\/wp-json\/wp\/v2\/media?parent=726150"}],"wp:term":[{"taxonomy":"product_brand","embeddable":true,"href":"https:\/\/roveyayinevi.com.tr\/index.php\/wp-json\/wp\/v2\/product_brand?post=726150"},{"taxonomy":"product_cat","embeddable":true,"href":"https:\/\/roveyayinevi.com.tr\/index.php\/wp-json\/wp\/v2\/product_cat?post=726150"},{"taxonomy":"product_tag","embeddable":true,"href":"https:\/\/roveyayinevi.com.tr\/index.php\/wp-json\/wp\/v2\/product_tag?post=726150"}],"curies":[{"name":"wp","href":"https:\/\/api.w.org\/{rel}","templated":true}]}}