{"id":726148,"date":"2025-08-27T20:01:50","date_gmt":"2025-08-27T17:01:50","guid":{"rendered":"https:\/\/roveyayinevi.com.tr\/index.php\/urun\/bizim-yokus\/"},"modified":"2026-04-16T02:34:01","modified_gmt":"2026-04-15T23:34:01","slug":"bizim-yokus","status":"publish","type":"product","link":"https:\/\/roveyayinevi.com.tr\/index.php\/urun\/bizim-yokus\/","title":{"rendered":"Bizim Yoku\u015f"},"content":{"rendered":"<p>Yusuf Ziya Orta\u00e7\u2019\u0131n Bizim Yoku\u015f diye bahsetti\u011fi yoku\u015f \u2212kitab\u0131n ilk c\u00fcmlelerinde de g\u00f6rece\u011fimiz \u00fczere\u2212 Bab\u0131\u00e2li Yoku\u015fu\u2019dur. Bab\u0131\u00e2li Yoku\u015fu, bir d\u00f6nem ba\u015fta \u0130stanbul olmak \u00fczere T\u00fcrk yay\u0131nc\u0131l\u0131\u011f\u0131n\u0131n kalbinin att\u0131\u011f\u0131 yerdir. Kitabevleri, gazeteler, matbaalar\u2026 O yoku\u015f, deyim yerindeyse koca bir k\u00fclt\u00fcr-sanat pasaj\u0131d\u0131r. \u0130\u00e7inde Servet-i F\u00fcnunlar\u0131, Akbabalar\u0131, Kehke\u015fanlar\u0131, Safahatlar\u0131, H\u00fcrriyetleri, Cumhuriyetleri, Cenap \u015eehabettinleri, R\u0131za Tevfikleri, Ziya G\u00f6kalpleri, Ahmet Ha\u015fimleri, Aziz Nesinleri, Refik Halitleri, Re\u015fat Nurileri ya\u015fatan bir yoku\u015f\u2026 \u0130stanbul\u2019da 1895 y\u0131l\u0131nda d\u00fcnyaya gelen Yusuf Ziya Orta\u00e7, edebiyata Vefa \u0130dadisi\u2019nde okurken aruz vezninde yazd\u0131\u011f\u0131 \u015fiirlerle ba\u015flad\u0131. Gen\u00e7 ya\u015fta tan\u0131\u015ft\u0131\u011f\u0131 Ziya G\u00f6kalp\u2019in etkisiyle hece \u00f6l\u00e7\u00fcs\u00fcn\u00fc benimsedi ve bu t\u00fcrde verdi\u011fi ba\u015far\u0131l\u0131 \u00f6rnekler sayesinde \u201cHecenin Be\u015f \u015eairi\u201dnden biri olarak \u00fcnlendi. 1915\u2019te edebiyat \u00f6\u011fretmenli\u011fine ba\u015flayan Orta\u00e7, edebi faaliyetlerine \u00e7e\u015fitli dergilerde yazarak devam etti. As\u0131l y\u00fckseli\u015fini ise 1922\u2019de Orhan Seyfi Orhon\u2019la birlikte \u00e7\u0131karmaya ba\u015flad\u0131klar\u0131 \u201cAkbaba\u201d adl\u0131 mizah dergisi ile ya\u015fad\u0131. K\u0131sa s\u00fcrede en \u00fcnl\u00fc mizah yazarlar\u0131ndan biri haline geldi ve \u00f6l\u00fcm\u00fcne de\u011fin dergiyi \u00e7\u0131karmaya devam etti. D\u00f6nemine yay\u0131nc\u0131l\u0131k faaliyetleriyle damga vuran Orta\u00e7, 1946-1954 y\u0131llar\u0131 aras\u0131nda milletvekilli\u011fi de yapt\u0131. Orta\u00e7, 1967\u2019de, do\u011fdu\u011fu \u015fehirde hayat\u0131n\u0131 kaybetti. <\/p>\n","protected":false},"excerpt":{"rendered":"<p>Yusuf Ziya Orta\u00e7\u2019\u0131n Bizim Yoku\u015f diye bahsetti\u011fi yoku\u015f \u2212kitab\u0131n ilk c\u00fcmlelerinde de g\u00f6rece\u011fimiz \u00fczere\u2212 Bab\u0131\u00e2li Yoku\u015fu\u2019dur. Bab\u0131\u00e2li Yoku\u015fu, bir d\u00f6nem ba\u015fta \u0130stanbul olmak \u00fczere T\u00fcrk yay\u0131nc\u0131l\u0131\u011f\u0131n\u0131n<span class=\"excerpt-hellip\"> [\u2026]<\/span><\/p>\n","protected":false},"featured_media":0,"template":"","meta":{"_monsterinsights_skip_tracking":false,"_monsterinsights_sitenote_active":false,"_monsterinsights_sitenote_note":"","_monsterinsights_sitenote_category":0},"product_brand":[],"product_cat":[13701,12291],"product_tag":[],"class_list":{"0":"post-726148","1":"product","2":"type-product","3":"status-publish","5":"product_cat-ani-mektup-gunluk","6":"product_cat-edebiyat","7":"pa_cilt-ciltsiz","8":"pa_tur-kitap","9":"pa_yayinevi-inkilap-kitabevi","10":"pa_yazar-yusuf-ziya-ortac","12":"first","13":"instock","14":"sale","15":"shipping-taxable","16":"purchasable","17":"product-type-simple"},"_links":{"self":[{"href":"https:\/\/roveyayinevi.com.tr\/index.php\/wp-json\/wp\/v2\/product\/726148","targetHints":{"allow":["GET"]}}],"collection":[{"href":"https:\/\/roveyayinevi.com.tr\/index.php\/wp-json\/wp\/v2\/product"}],"about":[{"href":"https:\/\/roveyayinevi.com.tr\/index.php\/wp-json\/wp\/v2\/types\/product"}],"wp:attachment":[{"href":"https:\/\/roveyayinevi.com.tr\/index.php\/wp-json\/wp\/v2\/media?parent=726148"}],"wp:term":[{"taxonomy":"product_brand","embeddable":true,"href":"https:\/\/roveyayinevi.com.tr\/index.php\/wp-json\/wp\/v2\/product_brand?post=726148"},{"taxonomy":"product_cat","embeddable":true,"href":"https:\/\/roveyayinevi.com.tr\/index.php\/wp-json\/wp\/v2\/product_cat?post=726148"},{"taxonomy":"product_tag","embeddable":true,"href":"https:\/\/roveyayinevi.com.tr\/index.php\/wp-json\/wp\/v2\/product_tag?post=726148"}],"curies":[{"name":"wp","href":"https:\/\/api.w.org\/{rel}","templated":true}]}}