{"id":726144,"date":"2025-08-27T20:01:46","date_gmt":"2025-08-27T17:01:46","guid":{"rendered":"https:\/\/roveyayinevi.com.tr\/index.php\/urun\/adini-arayan-aslan\/"},"modified":"2026-04-16T02:34:01","modified_gmt":"2026-04-15T23:34:01","slug":"adini-arayan-aslan","status":"publish","type":"product","link":"https:\/\/roveyayinevi.com.tr\/index.php\/urun\/adini-arayan-aslan\/","title":{"rendered":"Ad\u0131n\u0131 Arayan Aslan"},"content":{"rendered":"<p>Benim ad\u0131m Mi\u00fc. S\u00fcr\u00fcm\u00fczdeki t\u00fcm yavru aslanlar gibi bir g\u00fcn benim de ad\u0131m Huar olacak. Ben de daha do\u011fdu\u011fum g\u00fcn belli olan isimlerim ve g\u00f6revlerimle, benden \u00f6nceki t\u00fcm kral aslanlar gibi ya\u015fayaca\u011f\u0131m ve ya\u015flanaca\u011f\u0131m. Bana \u00f6zel hi\u00e7bir \u015fey olmadan, di\u011ferlerinden hi\u00e7bir fark\u0131m olmadan\u2026  Ama ben bunu istemiyorum!  Ad\u0131m\u0131 ar\u0131yorum ve onu sadece ben bulabilirim. Di\u011ferleri gibi ayn\u0131 yerde durmayaca\u011f\u0131m. Orman\u0131n derinliklerine dal\u0131p onu sakland\u0131\u011f\u0131 yerden \u00e7\u0131kartaca\u011f\u0131m.\u201d  Sahi siz daha \u00f6nce ad\u0131n\u0131n \u201cSo\u011fan\u201d olmas\u0131n\u0131 isteyen bir yavru aslanla kar\u015f\u0131la\u015ft\u0131n\u0131z m\u0131?  Ad\u0131n\u0131 arayan aslan, orman\u0131n derinliklerinde e\u011flenceli bir maceraya at\u0131l\u0131yor<\/p>\n","protected":false},"excerpt":{"rendered":"<p>Benim ad\u0131m Mi\u00fc. S\u00fcr\u00fcm\u00fczdeki t\u00fcm yavru aslanlar gibi bir g\u00fcn benim de ad\u0131m Huar olacak. Ben de daha do\u011fdu\u011fum g\u00fcn belli olan isimlerim ve g\u00f6revlerimle, benden<span class=\"excerpt-hellip\"> [\u2026]<\/span><\/p>\n","protected":false},"featured_media":0,"template":"","meta":{"_monsterinsights_skip_tracking":false,"_monsterinsights_sitenote_active":false,"_monsterinsights_sitenote_note":"","_monsterinsights_sitenote_category":0},"product_brand":[],"product_cat":[12274,12523],"product_tag":[],"class_list":{"0":"post-726144","1":"product","2":"type-product","3":"status-publish","5":"product_cat-cocuk-ve-genclik-kitaplari","6":"product_cat-masallar","7":"pa_cilt-ciltsiz","8":"pa_tur-kitap","9":"pa_yayinevi-masalperest-ozel-urun","10":"pa_yazar-serhan-kansu","12":"first","13":"instock","14":"sale","15":"shipping-taxable","16":"purchasable","17":"product-type-simple"},"_links":{"self":[{"href":"https:\/\/roveyayinevi.com.tr\/index.php\/wp-json\/wp\/v2\/product\/726144","targetHints":{"allow":["GET"]}}],"collection":[{"href":"https:\/\/roveyayinevi.com.tr\/index.php\/wp-json\/wp\/v2\/product"}],"about":[{"href":"https:\/\/roveyayinevi.com.tr\/index.php\/wp-json\/wp\/v2\/types\/product"}],"wp:attachment":[{"href":"https:\/\/roveyayinevi.com.tr\/index.php\/wp-json\/wp\/v2\/media?parent=726144"}],"wp:term":[{"taxonomy":"product_brand","embeddable":true,"href":"https:\/\/roveyayinevi.com.tr\/index.php\/wp-json\/wp\/v2\/product_brand?post=726144"},{"taxonomy":"product_cat","embeddable":true,"href":"https:\/\/roveyayinevi.com.tr\/index.php\/wp-json\/wp\/v2\/product_cat?post=726144"},{"taxonomy":"product_tag","embeddable":true,"href":"https:\/\/roveyayinevi.com.tr\/index.php\/wp-json\/wp\/v2\/product_tag?post=726144"}],"curies":[{"name":"wp","href":"https:\/\/api.w.org\/{rel}","templated":true}]}}