{"id":726143,"date":"2025-08-27T20:01:46","date_gmt":"2025-08-27T17:01:46","guid":{"rendered":"https:\/\/roveyayinevi.com.tr\/index.php\/urun\/adan-zye-meslekler\/"},"modified":"2026-04-16T02:34:00","modified_gmt":"2026-04-15T23:34:00","slug":"adan-zye-meslekler","status":"publish","type":"product","link":"https:\/\/roveyayinevi.com.tr\/index.php\/urun\/adan-zye-meslekler\/","title":{"rendered":"A&#8217;dan Z&#8217;ye Meslekler"},"content":{"rendered":"<p>ARKEOLOG, DOKTOR, \u00d6\u011eRETMEN, VETER\u0130NER&#8230;A\u2019dan Z\u2019ye Meslekler\u2019in e\u011flenceli \u00e7izimleri vereng\u00e2renk harfleri sayesinde alfabeyi \u00f6\u011frenirken,\u201cBen Kimim?\u201d sorusuna arayaca\u011f\u0131n\u0131z cevaplarlameslekleri ve zanaatlar\u0131 ke\u015ffedeceksiniz!   <\/p>\n","protected":false},"excerpt":{"rendered":"<p>ARKEOLOG, DOKTOR, \u00d6\u011eRETMEN, VETER\u0130NER&#8230;A\u2019dan Z\u2019ye Meslekler\u2019in e\u011flenceli \u00e7izimleri vereng\u00e2renk harfleri sayesinde alfabeyi \u00f6\u011frenirken,\u201cBen Kimim?\u201d sorusuna arayaca\u011f\u0131n\u0131z cevaplarlameslekleri ve zanaatlar\u0131 ke\u015ffedeceksiniz!<\/p>\n","protected":false},"featured_media":0,"template":"","meta":{"_monsterinsights_skip_tracking":false,"_monsterinsights_sitenote_active":false,"_monsterinsights_sitenote_note":"","_monsterinsights_sitenote_category":0},"product_brand":[],"product_cat":[12274,12518],"product_tag":[],"class_list":{"0":"post-726143","1":"product","2":"type-product","3":"status-publish","5":"product_cat-cocuk-ve-genclik-kitaplari","6":"product_cat-okul-oncesi-kitaplar","7":"pa_cilt-ciltsiz","8":"pa_tur-kitap","9":"pa_yayinevi-masalperest","10":"pa_yazar-sema-gunaydin-cinar","12":"first","13":"instock","14":"sale","15":"shipping-taxable","16":"purchasable","17":"product-type-simple"},"_links":{"self":[{"href":"https:\/\/roveyayinevi.com.tr\/index.php\/wp-json\/wp\/v2\/product\/726143","targetHints":{"allow":["GET"]}}],"collection":[{"href":"https:\/\/roveyayinevi.com.tr\/index.php\/wp-json\/wp\/v2\/product"}],"about":[{"href":"https:\/\/roveyayinevi.com.tr\/index.php\/wp-json\/wp\/v2\/types\/product"}],"wp:attachment":[{"href":"https:\/\/roveyayinevi.com.tr\/index.php\/wp-json\/wp\/v2\/media?parent=726143"}],"wp:term":[{"taxonomy":"product_brand","embeddable":true,"href":"https:\/\/roveyayinevi.com.tr\/index.php\/wp-json\/wp\/v2\/product_brand?post=726143"},{"taxonomy":"product_cat","embeddable":true,"href":"https:\/\/roveyayinevi.com.tr\/index.php\/wp-json\/wp\/v2\/product_cat?post=726143"},{"taxonomy":"product_tag","embeddable":true,"href":"https:\/\/roveyayinevi.com.tr\/index.php\/wp-json\/wp\/v2\/product_tag?post=726143"}],"curies":[{"name":"wp","href":"https:\/\/api.w.org\/{rel}","templated":true}]}}