{"id":726138,"date":"2025-08-27T20:01:41","date_gmt":"2025-08-27T17:01:41","guid":{"rendered":"https:\/\/roveyayinevi.com.tr\/index.php\/urun\/goldeki-hayalet-kim-kagan\/"},"modified":"2026-04-16T02:34:00","modified_gmt":"2026-04-15T23:34:00","slug":"goldeki-hayalet-kim-kagan","status":"publish","type":"product","link":"https:\/\/roveyayinevi.com.tr\/index.php\/urun\/goldeki-hayalet-kim-kagan\/","title":{"rendered":"G\u00f6ldeki Hayalet Kim? &#8211; Ka\u011fan"},"content":{"rendered":"<p>Ka\u011fan, her an yepyeni ipu\u00e7lar\u0131yla kar\u015f\u0131la\u015f\u0131yordu. Fakat hayalet bunlardan biri olmamal\u0131yd\u0131! Kasaba, ormanda gezen hayalet haberiyle \u00e7alkalan\u0131yordu. G\u00f6ldeki hayalet, Ka\u011fan, Onur ve Asya\u2019n\u0131n da kar\u015f\u0131s\u0131na \u00e7\u0131km\u0131\u015ft\u0131. Acaba ger\u00e7ekten hayalet var m\u0131yd\u0131? Dedesinin bu hayaletle bir ilgisi olabilir miydi? Ka\u011fan\u2019\u0131n akl\u0131 yine \u00e7ok kar\u0131\u015fm\u0131\u015ft\u0131\u2026Ak\u0131ll\u0131, sevimli ve merakl\u0131 Ka\u011fan\u2019\u0131n ba\u015f\u0131ndan ge\u00e7en heyecan verici, gizemli ve ilgin\u00e7 maceralara haz\u0131r olun!<\/p>\n","protected":false},"excerpt":{"rendered":"<p>Ka\u011fan, her an yepyeni ipu\u00e7lar\u0131yla kar\u015f\u0131la\u015f\u0131yordu. Fakat hayalet bunlardan biri olmamal\u0131yd\u0131! Kasaba, ormanda gezen hayalet haberiyle \u00e7alkalan\u0131yordu. G\u00f6ldeki hayalet, Ka\u011fan, Onur ve Asya\u2019n\u0131n da kar\u015f\u0131s\u0131na \u00e7\u0131km\u0131\u015ft\u0131.<span class=\"excerpt-hellip\"> [\u2026]<\/span><\/p>\n","protected":false},"featured_media":0,"template":"","meta":{"_monsterinsights_skip_tracking":false,"_monsterinsights_sitenote_active":false,"_monsterinsights_sitenote_note":"","_monsterinsights_sitenote_category":0},"product_brand":[],"product_cat":[12274,12284],"product_tag":[],"class_list":{"0":"post-726138","1":"product","2":"type-product","3":"status-publish","5":"product_cat-cocuk-ve-genclik-kitaplari","6":"product_cat-hikayeler","7":"pa_cilt-ciltsiz","8":"pa_tur-kitap","9":"pa_yayinevi-timas-cocuk","10":"pa_yazar-mustafa-orakci","12":"first","13":"instock","14":"sale","15":"shipping-taxable","16":"purchasable","17":"product-type-simple"},"_links":{"self":[{"href":"https:\/\/roveyayinevi.com.tr\/index.php\/wp-json\/wp\/v2\/product\/726138","targetHints":{"allow":["GET"]}}],"collection":[{"href":"https:\/\/roveyayinevi.com.tr\/index.php\/wp-json\/wp\/v2\/product"}],"about":[{"href":"https:\/\/roveyayinevi.com.tr\/index.php\/wp-json\/wp\/v2\/types\/product"}],"wp:attachment":[{"href":"https:\/\/roveyayinevi.com.tr\/index.php\/wp-json\/wp\/v2\/media?parent=726138"}],"wp:term":[{"taxonomy":"product_brand","embeddable":true,"href":"https:\/\/roveyayinevi.com.tr\/index.php\/wp-json\/wp\/v2\/product_brand?post=726138"},{"taxonomy":"product_cat","embeddable":true,"href":"https:\/\/roveyayinevi.com.tr\/index.php\/wp-json\/wp\/v2\/product_cat?post=726138"},{"taxonomy":"product_tag","embeddable":true,"href":"https:\/\/roveyayinevi.com.tr\/index.php\/wp-json\/wp\/v2\/product_tag?post=726138"}],"curies":[{"name":"wp","href":"https:\/\/api.w.org\/{rel}","templated":true}]}}