{"id":726137,"date":"2025-08-27T20:01:40","date_gmt":"2025-08-27T17:01:40","guid":{"rendered":"https:\/\/roveyayinevi.com.tr\/index.php\/urun\/cesur-yurek-hermit-evim-olmadan-asla\/"},"modified":"2025-12-30T10:32:45","modified_gmt":"2025-12-30T07:32:45","slug":"cesur-yurek-hermit-evim-olmadan-asla","status":"publish","type":"product","link":"https:\/\/roveyayinevi.com.tr\/index.php\/urun\/cesur-yurek-hermit-evim-olmadan-asla\/","title":{"rendered":"Cesur Y\u00fcrek Hermit &#8211; Evim Olmadan Asla"},"content":{"rendered":"<p>Cesur bir y\u00fcrek o\u2026 \u0130\u00e7i i\u00e7ine s\u0131\u011fmad\u0131\u011f\u0131 gibi kabu\u011funa da s\u0131\u011fmayan hem cesur hem kocaman bir y\u00fcrek\u2026 S\u0131k s\u0131k ta\u015f\u0131nmak, ev de\u011fi\u015ftirmek zorunda olan minik bir dostumuz: Cesur Y\u00fcrek Hermit\u2026Okyanuslardan gelen o sesi sen de duyuyor musun?A\u00e7 bakal\u0131m kulaklar\u0131n\u0131\u2026 \u015eimdi gezegenimizdeki t\u00fcm cesur y\u00fcreklerin birle\u015fme zaman\u0131\u2026 \u00c7\u00fcnk\u00fc masmavi, yemye\u015fil d\u00fcnyam\u0131z hepimizin ilk yuvas\u0131\u2026<\/p>\n","protected":false},"excerpt":{"rendered":"<p>Cesur bir y\u00fcrek o\u2026 \u0130\u00e7i i\u00e7ine s\u0131\u011fmad\u0131\u011f\u0131 gibi kabu\u011funa da s\u0131\u011fmayan hem cesur hem kocaman bir y\u00fcrek\u2026 S\u0131k s\u0131k ta\u015f\u0131nmak, ev de\u011fi\u015ftirmek zorunda olan minik bir<span class=\"excerpt-hellip\"> [\u2026]<\/span><\/p>\n","protected":false},"featured_media":0,"template":"","meta":{"_monsterinsights_skip_tracking":false,"_monsterinsights_sitenote_active":false,"_monsterinsights_sitenote_note":"","_monsterinsights_sitenote_category":0},"product_brand":[],"product_cat":[12274,12284],"product_tag":[],"class_list":{"0":"post-726137","1":"product","2":"type-product","3":"status-publish","5":"product_cat-cocuk-ve-genclik-kitaplari","6":"product_cat-hikayeler","7":"pa_cilt-ciltsiz","8":"pa_tur-kitap","9":"pa_yayinevi-timas-cocuk","10":"pa_yazar-asiye-yildirim","12":"first","13":"instock","14":"sale","15":"shipping-taxable","16":"purchasable","17":"product-type-simple"},"_links":{"self":[{"href":"https:\/\/roveyayinevi.com.tr\/index.php\/wp-json\/wp\/v2\/product\/726137","targetHints":{"allow":["GET"]}}],"collection":[{"href":"https:\/\/roveyayinevi.com.tr\/index.php\/wp-json\/wp\/v2\/product"}],"about":[{"href":"https:\/\/roveyayinevi.com.tr\/index.php\/wp-json\/wp\/v2\/types\/product"}],"wp:attachment":[{"href":"https:\/\/roveyayinevi.com.tr\/index.php\/wp-json\/wp\/v2\/media?parent=726137"}],"wp:term":[{"taxonomy":"product_brand","embeddable":true,"href":"https:\/\/roveyayinevi.com.tr\/index.php\/wp-json\/wp\/v2\/product_brand?post=726137"},{"taxonomy":"product_cat","embeddable":true,"href":"https:\/\/roveyayinevi.com.tr\/index.php\/wp-json\/wp\/v2\/product_cat?post=726137"},{"taxonomy":"product_tag","embeddable":true,"href":"https:\/\/roveyayinevi.com.tr\/index.php\/wp-json\/wp\/v2\/product_tag?post=726137"}],"curies":[{"name":"wp","href":"https:\/\/api.w.org\/{rel}","templated":true}]}}