{"id":726136,"date":"2025-08-27T20:01:39","date_gmt":"2025-08-27T17:01:39","guid":{"rendered":"https:\/\/roveyayinevi.com.tr\/index.php\/urun\/risk\/"},"modified":"2026-04-16T02:34:00","modified_gmt":"2026-04-15T23:34:00","slug":"risk","status":"publish","type":"product","link":"https:\/\/roveyayinevi.com.tr\/index.php\/urun\/risk\/","title":{"rendered":"Risk"},"content":{"rendered":"<p>Herkes benim k\u00f6t\u00fc bir k\u0131z oldu\u011fumu s\u00f6yl\u00fcyor. Bir bak\u0131ma hakl\u0131 da say\u0131l\u0131rlar, \u00e7\u00fcnk\u00fc korkunun bana h\u00fckmetmesine asla izin vermem ve insanlar\u0131n ne d\u00fc\u015f\u00fcnd\u00fc\u011f\u00fcn\u00fc hi\u00e7 umursamam. D\u00fc\u015fmanlar\u0131mla arama s\u0131n\u0131r \u00e7izerim. Briar hokey tak\u0131m\u0131n\u0131n bir numaral\u0131 adam\u0131n\u0131n, yani ko\u00e7un k\u0131z\u0131 oldu\u011fum i\u00e7in rakip tak\u0131mdan biriyle tak\u0131l\u0131rsamsayg\u0131nl\u0131\u011f\u0131ma zarar gelece\u011fini bilirim.Jake Connelly ise birlikte olmamam gereken as\u0131l ki\u015fi. Harvard\u2019\u0131n y\u0131ld\u0131z forvet oyuncusu. Tam bir kibir abidesi, fazlas\u0131yla sinir bozucu ve bir o kadar da \u00e7ekici. Ama kader \u00e7ok zalim. Deli gibi istedi\u011fim bir stajyerlik i\u015fi i\u00e7in Jake\u2019in sahte sevgilim olmas\u0131 gerekiyor. Fakat o, her sahte randevu kar\u015f\u0131l\u0131\u011f\u0131nda ger\u00e7ek bir randevu istiyor.Anlayaca\u011f\u0131n\u0131z bu k\u00f6t\u00fc k\u0131z\u0131n ba\u015f\u0131 dertte. Jake\u2019le gizlice tak\u0131lman\u0131n pek de iyi sonu\u00e7lanaca\u011f\u0131 s\u00f6ylenemez. Babam \u00f6\u011frenirse delirir, arkada\u015flar\u0131m da \u00e7ok sinirlenirler. Ancak as\u0131l sorun \u015fu: Her ne kadar \u00fcniversite sonras\u0131 kariyerim i\u00e7in onun yard\u0131m\u0131na ihtiyac\u0131m olsa da Jake\u2019in ukala s\u0131r\u0131t\u0131\u015f\u0131na ve cazibesine kap\u0131lmamam gerek. Ona \u00e2\u015f\u0131k olmay\u0131 reddediyorum.\u00c7\u00fcnk\u00fc bu asla alamayaca\u011f\u0131m tek risk.<\/p>\n","protected":false},"excerpt":{"rendered":"<p>Herkes benim k\u00f6t\u00fc bir k\u0131z oldu\u011fumu s\u00f6yl\u00fcyor. Bir bak\u0131ma hakl\u0131 da say\u0131l\u0131rlar, \u00e7\u00fcnk\u00fc korkunun bana h\u00fckmetmesine asla izin vermem ve insanlar\u0131n ne d\u00fc\u015f\u00fcnd\u00fc\u011f\u00fcn\u00fc hi\u00e7 umursamam. D\u00fc\u015fmanlar\u0131mla<span class=\"excerpt-hellip\"> [\u2026]<\/span><\/p>\n","protected":false},"featured_media":0,"template":"","meta":{"_monsterinsights_skip_tracking":false,"_monsterinsights_sitenote_active":false,"_monsterinsights_sitenote_note":"","_monsterinsights_sitenote_category":0},"product_brand":[],"product_cat":[12291,50487],"product_tag":[],"class_list":{"0":"post-726136","1":"product","2":"type-product","3":"status-publish","5":"product_cat-edebiyat","6":"product_cat-kurgu","7":"pa_cilt-ciltsiz","8":"pa_tur-kitap","9":"pa_yayinevi-nemesis-kitap","10":"pa_yazar-elle-kennedy","12":"first","13":"instock","14":"sale","15":"shipping-taxable","16":"purchasable","17":"product-type-simple"},"_links":{"self":[{"href":"https:\/\/roveyayinevi.com.tr\/index.php\/wp-json\/wp\/v2\/product\/726136","targetHints":{"allow":["GET"]}}],"collection":[{"href":"https:\/\/roveyayinevi.com.tr\/index.php\/wp-json\/wp\/v2\/product"}],"about":[{"href":"https:\/\/roveyayinevi.com.tr\/index.php\/wp-json\/wp\/v2\/types\/product"}],"wp:attachment":[{"href":"https:\/\/roveyayinevi.com.tr\/index.php\/wp-json\/wp\/v2\/media?parent=726136"}],"wp:term":[{"taxonomy":"product_brand","embeddable":true,"href":"https:\/\/roveyayinevi.com.tr\/index.php\/wp-json\/wp\/v2\/product_brand?post=726136"},{"taxonomy":"product_cat","embeddable":true,"href":"https:\/\/roveyayinevi.com.tr\/index.php\/wp-json\/wp\/v2\/product_cat?post=726136"},{"taxonomy":"product_tag","embeddable":true,"href":"https:\/\/roveyayinevi.com.tr\/index.php\/wp-json\/wp\/v2\/product_tag?post=726136"}],"curies":[{"name":"wp","href":"https:\/\/api.w.org\/{rel}","templated":true}]}}