{"id":726135,"date":"2025-08-27T20:01:38","date_gmt":"2025-08-27T17:01:38","guid":{"rendered":"https:\/\/roveyayinevi.com.tr\/index.php\/urun\/yenilenen-beden\/"},"modified":"2026-04-16T02:34:00","modified_gmt":"2026-04-15T23:34:00","slug":"yenilenen-beden","status":"publish","type":"product","link":"https:\/\/roveyayinevi.com.tr\/index.php\/urun\/yenilenen-beden\/","title":{"rendered":"Yenilenen Beden"},"content":{"rendered":"<p>Karaci\u011ferini kurtar ki o da senin hayat\u0131n\u0131 kurtars\u0131n!  Medikal Medyum, Yenilenen Beden: V\u00fccudun Mucizesi Karaci\u011fer, karaci\u011ferinizin a\u015f\u0131r\u0131 y\u00fcklenmesinden ka\u00e7\u0131narak, sa\u011fl\u0131\u011f\u0131n\u0131z\u0131 nas\u0131l iyile\u015ftirilebilece\u011finizi g\u00f6zler \u00f6n\u00fcne seriyor. G\u00fcn\u00fcm\u00fcz d\u00fcnyas\u0131nda, a\u015f\u0131r\u0131 y\u00fcklenmi\u015f bir karaci\u011ferin sebep oldu\u011fu hastal\u0131klar\u0131n ve belirtilerin say\u0131s\u0131 hak\u0131nda bir fikrimiz yok. Sadece karaci\u011fer kanseri, siroz ve hepatitin de\u011fil; genel sa\u011fl\u0131k \u015fik\u00e2yetlerinden sindirim sorunlar\u0131na, duygusal m\u00fccadelelerden kilo almaya, y\u00fcksek tansiyondan kalp sorunlar\u0131na, bilin\u00e7 bulan\u0131kl\u0131\u011f\u0131ndan cilt problemlerine hatta otoimm\u00fcn ve di\u011fer kronik rahats\u0131zl\u0131klara kadar her t\u00fcrl\u00fc sorunun kayna\u011f\u0131 a\u015f\u0131r\u0131 y\u00fcklenmi\u015f karaci\u011ferdir. Bu k\u0131ymetli organ\u0131n g\u00fcc\u00fcn\u00fc kontrol alt\u0131na al\u0131rsan\u0131z, onu g\u00fc\u00e7lendirebilir ve iyile\u015ftirebilirsiniz.***Bu kitapla karaci\u011ferinizi kurtarman\u0131n sizin i\u00e7in ne anlama geldi\u011fini ortaya \u00e7\u0131kar\u0131n: Daha berrak bir zihin mi, daha \u00e7ok huzur mu, daha fazla mutluluk mu yoksa h\u0131zla de\u011fi\u015fen zamana daha iyi ayak uydurma yetene\u011fi mi? Sa\u011fl\u0131kl\u0131 bir karaci\u011fer, strese ve ya\u015flanmaya kar\u015f\u0131 iyi bir m\u00fcttefik, d\u00fcnyan\u0131n tehditlerine kar\u015f\u0131 iyi bir koruyucudur. Bu kitapta a\u015fa\u011f\u0131daki rahats\u0131zl\u0131klar\u0131n ger\u00e7ek nedenlerini ve iyile\u015fme yollar\u0131n\u0131 ke\u015ffedeceksiniz\u00b7 D\u0130YABE\u00b7 K\u0130LO KAYBI \u00b7 ADRENAL YETMEZL\u0130\u011e\u0130 \u00b7 STREPTOKOK \u00b7 EGZAMA\u00b7 SEDEF HASTALI\u011eI \u00b7 AKNE \u00b7 \u015e\u0130\u015eK\u0130NL\u0130K \u00b7 SIBO \u00b7 GUT\u00b7 SAFRAKESES\u0130 TA\u015eLARI \u00b7 KARAC\u0130\u011eER YA\u011eLANMASI \u00b7 KARAC\u0130\u011eER B\u0130TK\u0130NL\u0130\u011e\u0130 \u00b7 OTO\u0130MM\u00dcN HASTALIKLAR <\/p>\n","protected":false},"excerpt":{"rendered":"<p>Karaci\u011ferini kurtar ki o da senin hayat\u0131n\u0131 kurtars\u0131n! Medikal Medyum, Yenilenen Beden: V\u00fccudun Mucizesi Karaci\u011fer, karaci\u011ferinizin a\u015f\u0131r\u0131 y\u00fcklenmesinden ka\u00e7\u0131narak, sa\u011fl\u0131\u011f\u0131n\u0131z\u0131 nas\u0131l iyile\u015ftirilebilece\u011finizi g\u00f6zler \u00f6n\u00fcne seriyor. G\u00fcn\u00fcm\u00fcz<span class=\"excerpt-hellip\"> [\u2026]<\/span><\/p>\n","protected":false},"featured_media":0,"template":"","meta":{"_monsterinsights_skip_tracking":false,"_monsterinsights_sitenote_active":false,"_monsterinsights_sitenote_note":"","_monsterinsights_sitenote_category":0},"product_brand":[],"product_cat":[13366,13365],"product_tag":[],"class_list":{"0":"post-726135","1":"product","2":"type-product","3":"status-publish","5":"product_cat-diger-saglik","6":"product_cat-saglik","7":"pa_cilt-ciltsiz","8":"pa_tur-kitap","9":"pa_yayinevi-nemesis-kitap","10":"pa_yazar-anthony-william","12":"first","13":"instock","14":"sale","15":"shipping-taxable","16":"purchasable","17":"product-type-simple"},"_links":{"self":[{"href":"https:\/\/roveyayinevi.com.tr\/index.php\/wp-json\/wp\/v2\/product\/726135","targetHints":{"allow":["GET"]}}],"collection":[{"href":"https:\/\/roveyayinevi.com.tr\/index.php\/wp-json\/wp\/v2\/product"}],"about":[{"href":"https:\/\/roveyayinevi.com.tr\/index.php\/wp-json\/wp\/v2\/types\/product"}],"wp:attachment":[{"href":"https:\/\/roveyayinevi.com.tr\/index.php\/wp-json\/wp\/v2\/media?parent=726135"}],"wp:term":[{"taxonomy":"product_brand","embeddable":true,"href":"https:\/\/roveyayinevi.com.tr\/index.php\/wp-json\/wp\/v2\/product_brand?post=726135"},{"taxonomy":"product_cat","embeddable":true,"href":"https:\/\/roveyayinevi.com.tr\/index.php\/wp-json\/wp\/v2\/product_cat?post=726135"},{"taxonomy":"product_tag","embeddable":true,"href":"https:\/\/roveyayinevi.com.tr\/index.php\/wp-json\/wp\/v2\/product_tag?post=726135"}],"curies":[{"name":"wp","href":"https:\/\/api.w.org\/{rel}","templated":true}]}}