{"id":726130,"date":"2025-08-27T20:01:34","date_gmt":"2025-08-27T17:01:34","guid":{"rendered":"https:\/\/roveyayinevi.com.tr\/index.php\/urun\/copsuz-koy\/"},"modified":"2026-04-16T02:34:00","modified_gmt":"2026-04-15T23:34:00","slug":"copsuz-koy","status":"publish","type":"product","link":"https:\/\/roveyayinevi.com.tr\/index.php\/urun\/copsuz-koy\/","title":{"rendered":"\u00c7\u00f6ps\u00fcz K\u00f6y"},"content":{"rendered":"<p>\u2018\u2019Do\u011fa bizim \u00e7\u00f6pl\u00fc\u011f\u00fcm\u00fcz de\u011fil.\u2019\u2019Gitti\u011fi k\u00f6yde hi\u00e7 \u00e7\u00f6p kovas\u0131 olmad\u0131\u011f\u0131n\u0131 fark eden k\u00fc\u00e7\u00fck k\u0131z ve bu gizemi \u00e7\u00f6zerken b\u00fcy\u00fck bir uyum ile i\u015fleyen do\u011fay\u0131 ke\u015ffetmesi.Kitaplarla, hayvan sevgisiyle, dostlukla tan\u0131\u015fan \u00e7ocuklar\u0131n heyecanlar\u0131na ortak olaca\u011f\u0131n\u0131z hikayeler sizleri bekliyor.<\/p>\n","protected":false},"excerpt":{"rendered":"<p>\u2018\u2019Do\u011fa bizim \u00e7\u00f6pl\u00fc\u011f\u00fcm\u00fcz de\u011fil.\u2019\u2019Gitti\u011fi k\u00f6yde hi\u00e7 \u00e7\u00f6p kovas\u0131 olmad\u0131\u011f\u0131n\u0131 fark eden k\u00fc\u00e7\u00fck k\u0131z ve bu gizemi \u00e7\u00f6zerken b\u00fcy\u00fck bir uyum ile i\u015fleyen do\u011fay\u0131 ke\u015ffetmesi.Kitaplarla, hayvan sevgisiyle,<span class=\"excerpt-hellip\"> [\u2026]<\/span><\/p>\n","protected":false},"featured_media":0,"template":"","meta":{"_monsterinsights_skip_tracking":false,"_monsterinsights_sitenote_active":false,"_monsterinsights_sitenote_note":"","_monsterinsights_sitenote_category":0},"product_brand":[],"product_cat":[12274,12284],"product_tag":[],"class_list":{"0":"post-726130","1":"product","2":"type-product","3":"status-publish","5":"product_cat-cocuk-ve-genclik-kitaplari","6":"product_cat-hikayeler","7":"pa_cilt-ciltsiz","8":"pa_tur-kitap","9":"pa_yayinevi-iki-eylul-yayinevi","10":"pa_yazar-armagan-can","12":"first","13":"instock","14":"sale","15":"shipping-taxable","16":"purchasable","17":"product-type-simple"},"_links":{"self":[{"href":"https:\/\/roveyayinevi.com.tr\/index.php\/wp-json\/wp\/v2\/product\/726130","targetHints":{"allow":["GET"]}}],"collection":[{"href":"https:\/\/roveyayinevi.com.tr\/index.php\/wp-json\/wp\/v2\/product"}],"about":[{"href":"https:\/\/roveyayinevi.com.tr\/index.php\/wp-json\/wp\/v2\/types\/product"}],"wp:attachment":[{"href":"https:\/\/roveyayinevi.com.tr\/index.php\/wp-json\/wp\/v2\/media?parent=726130"}],"wp:term":[{"taxonomy":"product_brand","embeddable":true,"href":"https:\/\/roveyayinevi.com.tr\/index.php\/wp-json\/wp\/v2\/product_brand?post=726130"},{"taxonomy":"product_cat","embeddable":true,"href":"https:\/\/roveyayinevi.com.tr\/index.php\/wp-json\/wp\/v2\/product_cat?post=726130"},{"taxonomy":"product_tag","embeddable":true,"href":"https:\/\/roveyayinevi.com.tr\/index.php\/wp-json\/wp\/v2\/product_tag?post=726130"}],"curies":[{"name":"wp","href":"https:\/\/api.w.org\/{rel}","templated":true}]}}