{"id":726129,"date":"2025-08-27T20:01:33","date_gmt":"2025-08-27T17:01:33","guid":{"rendered":"https:\/\/roveyayinevi.com.tr\/index.php\/urun\/23-gen\/"},"modified":"2026-04-16T02:34:00","modified_gmt":"2026-04-15T23:34:00","slug":"23-gen","status":"publish","type":"product","link":"https:\/\/roveyayinevi.com.tr\/index.php\/urun\/23-gen\/","title":{"rendered":"23. Gen"},"content":{"rendered":"<p>So\u011fuk mor tonlar\u0131nda \u0131\u015f\u0131ldayan solucan deli\u011fi kapanana kadar 23. Gen\u2019in bulunup kusursuzca i\u015flenmesi i\u00e7in KG\u2019ye ula\u015ft\u0131r\u0131lmas\u0131 gerekiyordu. Yoksa evrende farkl\u0131 gezegenlerde nefes alan 23 insan \u0131rk\u0131n\u0131n sonsuza kadar yok olmas\u0131 ka\u00e7\u0131n\u0131lmazd\u0131. K\u00e2hin OrYuka ve ekibinin ba\u015far\u0131l\u0131 olmas\u0131 durumunda ise D\u00fcnya ba\u015fta olmak \u00fczere 23 gezegenin tamam\u0131 yok olu\u015f program\u0131na d\u00e2hil edilecekti.K\u0131rg\u0131zl\u0131 gen\u00e7 bir d\u00e2hi \u0130limbeg Dora\u2019s\u0131n\u0131 ya\u015fatmak; Prof. Eliot ise e\u015finin katillerinin intikam\u0131n\u0131 almak ad\u0131na D\u00fcnya\u2019y\u0131 kurtarman\u0131n hesaplar\u0131n\u0131 yap\u0131yordu. Ama K\u00e2hin OrYuka ve sRak\u2019\u0131n hesaplar\u0131 daha mant\u0131kl\u0131 ve s\u0131ra d\u0131\u015f\u0131 g\u00f6r\u00fcn\u00fcyordu.Monako, K\u0131rg\u0131zistan ve KG isimli gezegen aras\u0131ndaki gizem \u00fc\u00e7geninde kimler, nas\u0131l bir Mars deneyinin i\u00e7indeydiler?<\/p>\n","protected":false},"excerpt":{"rendered":"<p>So\u011fuk mor tonlar\u0131nda \u0131\u015f\u0131ldayan solucan deli\u011fi kapanana kadar 23. Gen\u2019in bulunup kusursuzca i\u015flenmesi i\u00e7in KG\u2019ye ula\u015ft\u0131r\u0131lmas\u0131 gerekiyordu. Yoksa evrende farkl\u0131 gezegenlerde nefes alan 23 insan \u0131rk\u0131n\u0131n<span class=\"excerpt-hellip\"> [\u2026]<\/span><\/p>\n","protected":false},"featured_media":0,"template":"","meta":{"_monsterinsights_skip_tracking":false,"_monsterinsights_sitenote_active":false,"_monsterinsights_sitenote_note":"","_monsterinsights_sitenote_category":0},"product_brand":[],"product_cat":[12291,12711],"product_tag":[],"class_list":{"0":"post-726129","1":"product","2":"type-product","3":"status-publish","5":"product_cat-edebiyat","6":"product_cat-roman-oyku","7":"pa_cilt-ciltsiz","8":"pa_tur-kitap","9":"pa_yayinevi-iki-eylul-yayinevi","10":"pa_yazar-ismail-aslanhatun","12":"first","13":"instock","14":"sale","15":"shipping-taxable","16":"purchasable","17":"product-type-simple"},"_links":{"self":[{"href":"https:\/\/roveyayinevi.com.tr\/index.php\/wp-json\/wp\/v2\/product\/726129","targetHints":{"allow":["GET"]}}],"collection":[{"href":"https:\/\/roveyayinevi.com.tr\/index.php\/wp-json\/wp\/v2\/product"}],"about":[{"href":"https:\/\/roveyayinevi.com.tr\/index.php\/wp-json\/wp\/v2\/types\/product"}],"wp:attachment":[{"href":"https:\/\/roveyayinevi.com.tr\/index.php\/wp-json\/wp\/v2\/media?parent=726129"}],"wp:term":[{"taxonomy":"product_brand","embeddable":true,"href":"https:\/\/roveyayinevi.com.tr\/index.php\/wp-json\/wp\/v2\/product_brand?post=726129"},{"taxonomy":"product_cat","embeddable":true,"href":"https:\/\/roveyayinevi.com.tr\/index.php\/wp-json\/wp\/v2\/product_cat?post=726129"},{"taxonomy":"product_tag","embeddable":true,"href":"https:\/\/roveyayinevi.com.tr\/index.php\/wp-json\/wp\/v2\/product_tag?post=726129"}],"curies":[{"name":"wp","href":"https:\/\/api.w.org\/{rel}","templated":true}]}}