{"id":726128,"date":"2025-08-27T20:01:32","date_gmt":"2025-08-27T17:01:32","guid":{"rendered":"https:\/\/roveyayinevi.com.tr\/index.php\/urun\/cigilin-koca-cenesi\/"},"modified":"2026-04-16T02:34:00","modified_gmt":"2026-04-15T23:34:00","slug":"cigilin-koca-cenesi","status":"publish","type":"product","link":"https:\/\/roveyayinevi.com.tr\/index.php\/urun\/cigilin-koca-cenesi\/","title":{"rendered":"\u00c7\u0131\u011f\u0131l\u2019\u0131n Koca \u00c7enesi"},"content":{"rendered":"<p>Hangi \u00e7ocu\u011fa sorsan\u0131z Boldu\u00e7a\u011f Orman\u0131\u2019n\u0131 bilir. \u00c7\u00fcnk\u00fc her \u00e7ocu\u011fun hayal etti\u011fi bir orman vard\u0131r. Minicik bir sincap olan \u00c7\u0131\u011f\u0131l da bu orman\u0131n derinliklerinde ya\u015far. G\u00fcc\u00fcyle \u00f6v\u00fcnen timsah Koca \u00c7ene iki avc\u0131n\u0131n kurmu\u015f oldu\u011fu tuza\u011fa yakalanm\u0131\u015ft\u0131r. Onu bu tuzaktan k\u00fc\u00e7\u00fcmsedi\u011fi sevimli sincap \u00c7\u0131\u011f\u0131l kurtaracakt\u0131r.<\/p>\n","protected":false},"excerpt":{"rendered":"<p>Hangi \u00e7ocu\u011fa sorsan\u0131z Boldu\u00e7a\u011f Orman\u0131\u2019n\u0131 bilir. \u00c7\u00fcnk\u00fc her \u00e7ocu\u011fun hayal etti\u011fi bir orman vard\u0131r. Minicik bir sincap olan \u00c7\u0131\u011f\u0131l da bu orman\u0131n derinliklerinde ya\u015far. G\u00fcc\u00fcyle \u00f6v\u00fcnen<span class=\"excerpt-hellip\"> [\u2026]<\/span><\/p>\n","protected":false},"featured_media":0,"template":"","meta":{"_monsterinsights_skip_tracking":false,"_monsterinsights_sitenote_active":false,"_monsterinsights_sitenote_note":"","_monsterinsights_sitenote_category":0},"product_brand":[],"product_cat":[12274,12284],"product_tag":[],"class_list":{"0":"post-726128","1":"product","2":"type-product","3":"status-publish","5":"product_cat-cocuk-ve-genclik-kitaplari","6":"product_cat-hikayeler","7":"pa_cilt-ciltsiz","8":"pa_tur-kitap","9":"pa_yayinevi-iki-eylul-yayinevi","10":"pa_yazar-selahattin-saygi","12":"first","13":"instock","14":"sale","15":"shipping-taxable","16":"purchasable","17":"product-type-simple"},"_links":{"self":[{"href":"https:\/\/roveyayinevi.com.tr\/index.php\/wp-json\/wp\/v2\/product\/726128","targetHints":{"allow":["GET"]}}],"collection":[{"href":"https:\/\/roveyayinevi.com.tr\/index.php\/wp-json\/wp\/v2\/product"}],"about":[{"href":"https:\/\/roveyayinevi.com.tr\/index.php\/wp-json\/wp\/v2\/types\/product"}],"wp:attachment":[{"href":"https:\/\/roveyayinevi.com.tr\/index.php\/wp-json\/wp\/v2\/media?parent=726128"}],"wp:term":[{"taxonomy":"product_brand","embeddable":true,"href":"https:\/\/roveyayinevi.com.tr\/index.php\/wp-json\/wp\/v2\/product_brand?post=726128"},{"taxonomy":"product_cat","embeddable":true,"href":"https:\/\/roveyayinevi.com.tr\/index.php\/wp-json\/wp\/v2\/product_cat?post=726128"},{"taxonomy":"product_tag","embeddable":true,"href":"https:\/\/roveyayinevi.com.tr\/index.php\/wp-json\/wp\/v2\/product_tag?post=726128"}],"curies":[{"name":"wp","href":"https:\/\/api.w.org\/{rel}","templated":true}]}}