{"id":726127,"date":"2025-08-27T20:01:31","date_gmt":"2025-08-27T17:01:31","guid":{"rendered":"https:\/\/roveyayinevi.com.tr\/index.php\/urun\/col-sultani\/"},"modified":"2026-02-03T02:49:14","modified_gmt":"2026-02-02T23:49:14","slug":"col-sultani","status":"publish","type":"product","link":"https:\/\/roveyayinevi.com.tr\/index.php\/urun\/col-sultani\/","title":{"rendered":"\u00c7\u00f6l Sultan\u0131"},"content":{"rendered":"<p>\u2018\u2019Durdurulamayacak \u015feyler vard\u0131r; umut gibi\u2026\u2019\u2019          S\u0131cak bir sabah\u0131n i\u00e7inden, kumlar\u0131 eze eze ilerliyorlard\u0131. G\u00fcne\u015fin v\u00fccutlar\u0131n\u0131 yakt\u0131\u011f\u0131 kumlar ayaklar\u0131n alt\u0131nda eziliyor, tekrar kafalar\u0131n\u0131 kald\u0131r\u0131yordu. Y\u00fckselen kumlar\u0131 r\u00fczg\u00e2r da\u011f\u0131t\u0131yor, toz edip savuruyordu. \u201cNereye gidiyoruz baba?\u201d dedi \u015eemo.\u201cUmuda\u2026\u201d dedi babas\u0131.\u201cUmut \u00e7ok mu uzak?\u201dG\u00fcnlerdir, g\u00fcne\u015f denilen \u201cZalim Kral\u201d\u0131n buyru\u011fu alt\u0131nda y\u00fcr\u00fcyorlard\u0131. \u201c\u00c7\u00f6l\u00fcn Kral\u0131\u201d demi\u015fti babas\u0131, \u00e7\u00f6l de uzad\u0131k\u00e7a uzuyordu.<\/p>\n","protected":false},"excerpt":{"rendered":"<p>\u2018\u2019Durdurulamayacak \u015feyler vard\u0131r; umut gibi\u2026\u2019\u2019 S\u0131cak bir sabah\u0131n i\u00e7inden, kumlar\u0131 eze eze ilerliyorlard\u0131. G\u00fcne\u015fin v\u00fccutlar\u0131n\u0131 yakt\u0131\u011f\u0131 kumlar ayaklar\u0131n alt\u0131nda eziliyor, tekrar kafalar\u0131n\u0131 kald\u0131r\u0131yordu. Y\u00fckselen kumlar\u0131 r\u00fczg\u00e2r<span class=\"excerpt-hellip\"> [\u2026]<\/span><\/p>\n","protected":false},"featured_media":0,"template":"","meta":{"_monsterinsights_skip_tracking":false,"_monsterinsights_sitenote_active":false,"_monsterinsights_sitenote_note":"","_monsterinsights_sitenote_category":0},"product_brand":[],"product_cat":[12291,12711],"product_tag":[],"class_list":{"0":"post-726127","1":"product","2":"type-product","3":"status-publish","5":"product_cat-edebiyat","6":"product_cat-roman-oyku","7":"pa_cilt-ciltsiz","8":"pa_tur-kitap","9":"pa_yayinevi-iki-eylul-yayinevi","10":"pa_yazar-tolga-karaboga","12":"first","13":"instock","14":"sale","15":"shipping-taxable","16":"purchasable","17":"product-type-simple"},"_links":{"self":[{"href":"https:\/\/roveyayinevi.com.tr\/index.php\/wp-json\/wp\/v2\/product\/726127","targetHints":{"allow":["GET"]}}],"collection":[{"href":"https:\/\/roveyayinevi.com.tr\/index.php\/wp-json\/wp\/v2\/product"}],"about":[{"href":"https:\/\/roveyayinevi.com.tr\/index.php\/wp-json\/wp\/v2\/types\/product"}],"wp:attachment":[{"href":"https:\/\/roveyayinevi.com.tr\/index.php\/wp-json\/wp\/v2\/media?parent=726127"}],"wp:term":[{"taxonomy":"product_brand","embeddable":true,"href":"https:\/\/roveyayinevi.com.tr\/index.php\/wp-json\/wp\/v2\/product_brand?post=726127"},{"taxonomy":"product_cat","embeddable":true,"href":"https:\/\/roveyayinevi.com.tr\/index.php\/wp-json\/wp\/v2\/product_cat?post=726127"},{"taxonomy":"product_tag","embeddable":true,"href":"https:\/\/roveyayinevi.com.tr\/index.php\/wp-json\/wp\/v2\/product_tag?post=726127"}],"curies":[{"name":"wp","href":"https:\/\/api.w.org\/{rel}","templated":true}]}}