{"id":726126,"date":"2025-08-27T20:01:30","date_gmt":"2025-08-27T17:01:30","guid":{"rendered":"https:\/\/roveyayinevi.com.tr\/index.php\/urun\/safsatalar-ansiklopedisi\/"},"modified":"2026-04-16T02:34:00","modified_gmt":"2026-04-15T23:34:00","slug":"safsatalar-ansiklopedisi","status":"publish","type":"product","link":"https:\/\/roveyayinevi.com.tr\/index.php\/urun\/safsatalar-ansiklopedisi\/","title":{"rendered":"Safsatalar Ansiklopedisi"},"content":{"rendered":"<p>&#8220;\u0130nsan ak\u0131lc\u0131 d\u00fc\u015f\u00fcnen bir hayvan de\u011fildir, d\u00fc\u015f\u00fcncelerini ak\u0131l k\u0131l\u0131f\u0131na uyduran bir hayvand\u0131r.&#8221; \u2013 Robert Heinlein   Safsata bilgisi sizi neden daha mutsuz edecek? (veya: \u201cBu kitab\u0131 niye okumamal\u0131s\u0131n\u0131z?\u201d) Hangi safsatalar\u0131n Latincesi size ortamlarda puan kazand\u0131r\u0131r? (veya: \u201cNi\u00e7in bu kitab\u0131 okumu\u015f gibi yapmal\u0131s\u0131n\u0131z?\u201d) Ad hominem nedir hepimiz \u00f6\u011frensek, Demokrasi Endeksi&#8217;nde 36 s\u0131ra atlay\u0131p Papua Yeni Gine\u2019ye yeti\u015fir miyiz? Almanya k\u0131skan\u00e7l\u0131\u011f\u0131ndan ne yapaca\u011f\u0131n\u0131 \u015fa\u015f\u0131r\u0131p bir d\u00fcnya sava\u015f\u0131 daha ba\u015flat\u0131r m\u0131? Neden bizden bir \u201cDevlet\u201d, bir \u201cRetorik\u201d, bir \u201cOrganon\u201d \u00e7\u0131kmam\u0131\u015f? Yunan bu i\u015flere 2300 sene \u00f6nce ba\u015flad\u0131ysa, niye bug\u00fcn Mars&#8217;ta sirtaki yapm\u0131yor, yer\u00e7ekimsiz ortamda tabak \u00e7anak k\u0131rm\u0131yor? \u0130nsanl\u0131k Mars kolonisinden bahsedecek kadar ilerlemi\u015fken, insan niye binlerce y\u0131ld\u0131r yerinde say\u0131yor? En son ne zaman bir tart\u0131\u015fma sonucu temel bir inanc\u0131n\u0131z\u0131 de\u011fi\u015ftirdiniz? Ak\u0131l y\u00fcr\u00fctme, davran\u0131\u015flar\u0131n\u0131z\u0131n ba\u015flang\u0131c\u0131 m\u0131d\u0131r sonu mu? Zihninizin s\u00fcr\u00fcc\u00fc koltu\u011funda m\u0131s\u0131n\u0131z, yolcu koltu\u011funda m\u0131? Bagajda kilitli misiniz -metafordan \u00e7\u0131kam\u0131yorum, yard\u0131m edin- yoksa olan biteni yan \u015feritteki t\u0131ka basa dolu otob\u00fcsten mi izliyorsunuz? Bonus: Sizi bu kitab\u0131 almaya ikna edemeyeceksem, ne diye ak\u0131l y\u00fcr\u00fctme hakk\u0131nda kitap yazay\u0131m?  Mant\u0131k, inan\u00e7, tart\u0131\u015fma, \u00f6zg\u00fcr irade, evrimsel psikoloji, grup dinamikleri, retorik, \u00f6yk\u00fcc\u00fcl\u00fck, a\u015fk, \u015fehvet, intikam\u2026 Reytingler i\u00e7in gereken ne varsa hepsini i\u00e7eren bu geni\u015f co\u011frafyaya safsata kap\u0131s\u0131ndan girmeyi deneyen ilk ki\u015fi ben de\u011filim elbette. Aristo denen bir gen\u00e7 hepimizden evvel davranm\u0131\u015f. Lakin bizim i\u00e7eri girince yapacaklar\u0131m\u0131z biraz farkl\u0131. Kendimizi ak\u0131ll\u0131 san\u0131yoruz ama bizi s\u00fcrekli bat\u0131la, ezbere, sloganlara, kutupla\u015fmaya, kalabal\u0131\u011f\u0131n aptalla\u015ft\u0131r\u0131c\u0131 huzuruna \u00e7eken bir yan\u0131m\u0131z var. Amac\u0131m &#8220;memleketi kurtarmak&#8221; veya i\u00e7inizdeki o maymundan bir \u00fcbermensch yaratmak de\u011fil. Bu kitab\u0131n as\u0131l amac\u0131, Delfi\u2019deki Apollon Tap\u0131na\u011f\u0131\u2019na 2500 sene \u00f6nce kaz\u0131nm\u0131\u015f o me\u015fhur \u00f6\u011f\u00fcd\u00fc yerine getirmek:  &#8220;Ta\u015fa oturma!  P.S.: Kendini de tan\u0131 biraz.&#8221;<\/p>\n","protected":false},"excerpt":{"rendered":"<p>&#8220;\u0130nsan ak\u0131lc\u0131 d\u00fc\u015f\u00fcnen bir hayvan de\u011fildir, d\u00fc\u015f\u00fcncelerini ak\u0131l k\u0131l\u0131f\u0131na uyduran bir hayvand\u0131r.&#8221; \u2013 Robert Heinlein Safsata bilgisi sizi neden daha mutsuz edecek? (veya: \u201cBu kitab\u0131 niye<span class=\"excerpt-hellip\"> [\u2026]<\/span><\/p>\n","protected":false},"featured_media":0,"template":"","meta":{"_monsterinsights_skip_tracking":false,"_monsterinsights_sitenote_active":false,"_monsterinsights_sitenote_note":"","_monsterinsights_sitenote_category":0},"product_brand":[],"product_cat":[12291,50487],"product_tag":[],"class_list":{"0":"post-726126","1":"product","2":"type-product","3":"status-publish","5":"product_cat-edebiyat","6":"product_cat-kurgu","7":"pa_cilt-ciltsiz","8":"pa_tur-kitap","9":"pa_yayinevi-epsilon-yayinlari","10":"pa_yazar-immanuel-tolstoyevski","12":"first","13":"instock","14":"sale","15":"shipping-taxable","16":"purchasable","17":"product-type-simple"},"_links":{"self":[{"href":"https:\/\/roveyayinevi.com.tr\/index.php\/wp-json\/wp\/v2\/product\/726126","targetHints":{"allow":["GET"]}}],"collection":[{"href":"https:\/\/roveyayinevi.com.tr\/index.php\/wp-json\/wp\/v2\/product"}],"about":[{"href":"https:\/\/roveyayinevi.com.tr\/index.php\/wp-json\/wp\/v2\/types\/product"}],"wp:attachment":[{"href":"https:\/\/roveyayinevi.com.tr\/index.php\/wp-json\/wp\/v2\/media?parent=726126"}],"wp:term":[{"taxonomy":"product_brand","embeddable":true,"href":"https:\/\/roveyayinevi.com.tr\/index.php\/wp-json\/wp\/v2\/product_brand?post=726126"},{"taxonomy":"product_cat","embeddable":true,"href":"https:\/\/roveyayinevi.com.tr\/index.php\/wp-json\/wp\/v2\/product_cat?post=726126"},{"taxonomy":"product_tag","embeddable":true,"href":"https:\/\/roveyayinevi.com.tr\/index.php\/wp-json\/wp\/v2\/product_tag?post=726126"}],"curies":[{"name":"wp","href":"https:\/\/api.w.org\/{rel}","templated":true}]}}