{"id":726125,"date":"2025-08-27T20:01:29","date_gmt":"2025-08-27T17:01:29","guid":{"rendered":"https:\/\/roveyayinevi.com.tr\/index.php\/urun\/meryama\/"},"modified":"2026-04-16T02:34:00","modified_gmt":"2026-04-15T23:34:00","slug":"meryama","status":"publish","type":"product","link":"https:\/\/roveyayinevi.com.tr\/index.php\/urun\/meryama\/","title":{"rendered":"Meryama"},"content":{"rendered":"<p>Meryama kahkahalar atmay\u0131 kesip taht\u0131n\u0131n iki kolundan tutarak aya\u011fa kalkt\u0131. Dalgal\u0131 gece mavisi sa\u00e7lar\u0131 iki yana d\u00f6k\u00fclm\u00fc\u015f, kal\u00e7alar\u0131na kadar uzan\u0131yordu ve adeta bir krali\u00e7eyi and\u0131r\u0131yordu, tahtta oturmas\u0131na \u015fa\u015fmamal\u0131yd\u0131. Ellerini Meryem&#8217;e uzatarak ayd\u0131nl\u0131k tarafa do\u011fru ilerlemeye ba\u015flad\u0131 suda s\u00fcz\u00fcl\u00fcrm\u00fc\u015f\u00e7esine a\u011f\u0131r ad\u0131mlarla. Gen\u00e7 k\u0131za uzatt\u0131\u011f\u0131 eli dikkatini \u00e7ekmi\u015fti. Parmaklar\u0131 uzun, u\u00e7lar\u0131 sivriydi ve t\u0131rnak yerine ye\u015fil pullar vard\u0131 u\u00e7 k\u0131s\u0131mlar\u0131na do\u011fru. Tam aln\u0131nda, iki ka\u015f\u0131n\u0131n aras\u0131nda duran ve p\u00fcsk\u00fclleri olan alt\u0131n s\u00fcslemeli bir halka \u0131\u015f\u0131l \u0131\u015f\u0131l parl\u0131yordu. Sa\u00e7lar\u0131n\u0131n iki yan\u0131nda da u\u00e7lara do\u011fru e\u015fit aral\u0131klarla alt\u0131ndan boncuklar diziliydi, sa\u00e7\u0131ndaki bir tutam beyazl\u0131k \u0131\u015f\u0131lt\u0131 katarken k\u0131z ise kar\u015f\u0131s\u0131nda b\u00fcy\u00fclenmi\u015f, k\u0131p\u0131rdayam\u0131yordu.<\/p>\n","protected":false},"excerpt":{"rendered":"<p>Meryama kahkahalar atmay\u0131 kesip taht\u0131n\u0131n iki kolundan tutarak aya\u011fa kalkt\u0131. Dalgal\u0131 gece mavisi sa\u00e7lar\u0131 iki yana d\u00f6k\u00fclm\u00fc\u015f, kal\u00e7alar\u0131na kadar uzan\u0131yordu ve adeta bir krali\u00e7eyi and\u0131r\u0131yordu, tahtta<span class=\"excerpt-hellip\"> [\u2026]<\/span><\/p>\n","protected":false},"featured_media":0,"template":"","meta":{"_monsterinsights_skip_tracking":false,"_monsterinsights_sitenote_active":false,"_monsterinsights_sitenote_note":"","_monsterinsights_sitenote_category":0},"product_brand":[],"product_cat":[12291,12711],"product_tag":[],"class_list":{"0":"post-726125","1":"product","2":"type-product","3":"status-publish","5":"product_cat-edebiyat","6":"product_cat-roman-oyku","7":"pa_cilt-ciltsiz","8":"pa_tur-kitap","9":"pa_yayinevi-herdem-kitap","10":"pa_yazar-civan-ozturk","12":"first","13":"instock","14":"sale","15":"shipping-taxable","16":"purchasable","17":"product-type-simple"},"_links":{"self":[{"href":"https:\/\/roveyayinevi.com.tr\/index.php\/wp-json\/wp\/v2\/product\/726125","targetHints":{"allow":["GET"]}}],"collection":[{"href":"https:\/\/roveyayinevi.com.tr\/index.php\/wp-json\/wp\/v2\/product"}],"about":[{"href":"https:\/\/roveyayinevi.com.tr\/index.php\/wp-json\/wp\/v2\/types\/product"}],"wp:attachment":[{"href":"https:\/\/roveyayinevi.com.tr\/index.php\/wp-json\/wp\/v2\/media?parent=726125"}],"wp:term":[{"taxonomy":"product_brand","embeddable":true,"href":"https:\/\/roveyayinevi.com.tr\/index.php\/wp-json\/wp\/v2\/product_brand?post=726125"},{"taxonomy":"product_cat","embeddable":true,"href":"https:\/\/roveyayinevi.com.tr\/index.php\/wp-json\/wp\/v2\/product_cat?post=726125"},{"taxonomy":"product_tag","embeddable":true,"href":"https:\/\/roveyayinevi.com.tr\/index.php\/wp-json\/wp\/v2\/product_tag?post=726125"}],"curies":[{"name":"wp","href":"https:\/\/api.w.org\/{rel}","templated":true}]}}