{"id":726122,"date":"2025-08-27T20:01:26","date_gmt":"2025-08-27T17:01:26","guid":{"rendered":"https:\/\/roveyayinevi.com.tr\/index.php\/urun\/sinirsiz-zihin\/"},"modified":"2026-04-16T02:34:00","modified_gmt":"2026-04-15T23:34:00","slug":"sinirsiz-zihin","status":"publish","type":"product","link":"https:\/\/roveyayinevi.com.tr\/index.php\/urun\/sinirsiz-zihin\/","title":{"rendered":"S\u0131n\u0131rs\u0131z Zihin"},"content":{"rendered":"<p>Beynimiz, genetik olarak belirlenmi\u015f, her \u015feyi de\u011fil baz\u0131 \u015feyleri \u00f6\u011frenebilen sabit bir yap\u0131 zannedilir. Bu yanl\u0131\u015f anlay\u0131\u015f b\u00fct\u00fcn hayat\u0131m\u0131z\u0131 y\u00f6nlendirerek kimilerini matematikten, kimilerini m\u00fczikten so\u011futur.Stanford \u00dcniversitesi\u2019nde e\u011fitim profes\u00f6r\u00fc olan ve onlarca y\u0131l inan\u00e7lar\u0131n ve \u00f6nyarg\u0131n\u0131n e\u011fitim \u00fczerindeki etkisini inceleyen Jo Boaler, modern n\u00f6robilim bulgular\u0131na ve e\u011fitim alan\u0131nda yap\u0131lm\u0131\u015f onlarca \u00e7al\u0131\u015fmaya dayanarak bu \u201csabit beyin\u201d fikrini \u00e7\u00fcr\u00fct\u00fcyor. S\u0131n\u0131rs\u0131z Zihin\u2019de, en g\u00fcncel bilimsel bulgular \u0131\u015f\u0131\u011f\u0131nda, \u00f6\u011frenme potansiyelinin kilidini a\u00e7mak i\u00e7in alt\u0131 anahtar ortaya koyuyor; ve ara\u015ft\u0131rmalar\u0131, en y\u00fcksek seviyelere ula\u015fanlar\u0131n herhangi bir beceriye y\u00f6nelik genetik bir e\u011filim nedeniyle de\u011fil, kitapta ortaya koydu\u011fu anahtarlar nedeniyle bunu yapt\u0131\u011f\u0131n\u0131 kan\u0131tl\u0131yor.Beynimiz \u201csabit\u201d de\u011fildir; de\u011fi\u015fim, b\u00fcy\u00fcme, adaptasyon ve yenilenme yetene\u011fine sahiptir. Herhangi bir ya\u015ftaki herkes bir \u015fey \u00f6\u011frenebilir.\u201cJo Boaler bug\u00fcn en yarat\u0131c\u0131 ve yenilik\u00e7i e\u011fitimcilerden biri. S\u0131n\u0131rs\u0131z Zihin\u2019de, en \u00fcst d\u00fczey beyin bilimini s\u0131n\u0131ftaki tecr\u00fcbesiyle birle\u015ftiriyor ve her birimizin s\u0131n\u0131rs\u0131z potansiyele sahip oldu\u011funu kan\u0131tlamakla kalm\u0131yor, ayn\u0131 zamanda bunu nas\u0131l ba\u015farabilece\u011fimize dair stratejiler de sunuyor.\u201d-Lauren Powell JobsJo Boaler, Stanford Graduate School of Education, Matematik E\u011fitimi b\u00f6l\u00fcm\u00fcnde \u00f6\u011fretim \u00fcyesidir.<\/p>\n","protected":false},"excerpt":{"rendered":"<p>Beynimiz, genetik olarak belirlenmi\u015f, her \u015feyi de\u011fil baz\u0131 \u015feyleri \u00f6\u011frenebilen sabit bir yap\u0131 zannedilir. Bu yanl\u0131\u015f anlay\u0131\u015f b\u00fct\u00fcn hayat\u0131m\u0131z\u0131 y\u00f6nlendirerek kimilerini matematikten, kimilerini m\u00fczikten so\u011futur.Stanford \u00dcniversitesi\u2019nde<span class=\"excerpt-hellip\"> [\u2026]<\/span><\/p>\n","protected":false},"featured_media":0,"template":"","meta":{"_monsterinsights_skip_tracking":false,"_monsterinsights_sitenote_active":false,"_monsterinsights_sitenote_note":"","_monsterinsights_sitenote_category":0},"product_brand":[],"product_cat":[13005,37328],"product_tag":[],"class_list":{"0":"post-726122","1":"product","2":"type-product","3":"status-publish","5":"product_cat-bilim-muhendislik","6":"product_cat-diger-bilim-muhendislik","7":"pa_cilt-ciltsiz","8":"pa_tur-kitap","9":"pa_yayinevi-koc-universitesi-yayinlari","10":"pa_yazar-jo-boaler","12":"first","13":"instock","14":"sale","15":"shipping-taxable","16":"purchasable","17":"product-type-simple"},"_links":{"self":[{"href":"https:\/\/roveyayinevi.com.tr\/index.php\/wp-json\/wp\/v2\/product\/726122","targetHints":{"allow":["GET"]}}],"collection":[{"href":"https:\/\/roveyayinevi.com.tr\/index.php\/wp-json\/wp\/v2\/product"}],"about":[{"href":"https:\/\/roveyayinevi.com.tr\/index.php\/wp-json\/wp\/v2\/types\/product"}],"wp:attachment":[{"href":"https:\/\/roveyayinevi.com.tr\/index.php\/wp-json\/wp\/v2\/media?parent=726122"}],"wp:term":[{"taxonomy":"product_brand","embeddable":true,"href":"https:\/\/roveyayinevi.com.tr\/index.php\/wp-json\/wp\/v2\/product_brand?post=726122"},{"taxonomy":"product_cat","embeddable":true,"href":"https:\/\/roveyayinevi.com.tr\/index.php\/wp-json\/wp\/v2\/product_cat?post=726122"},{"taxonomy":"product_tag","embeddable":true,"href":"https:\/\/roveyayinevi.com.tr\/index.php\/wp-json\/wp\/v2\/product_tag?post=726122"}],"curies":[{"name":"wp","href":"https:\/\/api.w.org\/{rel}","templated":true}]}}