{"id":726118,"date":"2025-08-27T20:01:23","date_gmt":"2025-08-27T17:01:23","guid":{"rendered":"https:\/\/roveyayinevi.com.tr\/index.php\/urun\/kore-masallari\/"},"modified":"2026-04-16T02:34:00","modified_gmt":"2026-04-15T23:34:00","slug":"kore-masallari","status":"publish","type":"product","link":"https:\/\/roveyayinevi.com.tr\/index.php\/urun\/kore-masallari\/","title":{"rendered":"Kore Masallar\u0131"},"content":{"rendered":"<p>Falc\u0131lar, \u00e2limler, iblisler, huzursuz ruhlar, \u015fekil de\u011fi\u015ftiren marifetli b\u00fcy\u00fcc\u00fcler, dans\u00e7\u0131 k\u0131zlar, dilekler, gizemler, tesad\u00fcfler, bah\u015fedilenler, \u00f6denmesi gereken bedeller\u2026Her zaman mutlu sonla bitmeyen hatta mutlak sonlara pek yer vermeyen Kore masallar\u0131yla kendinizi sonsuz bir d\u00f6ng\u00fcn\u00fcn i\u00e7inde bulacak, yap\u0131lan her hareketin, s\u00f6ylenen her s\u00f6z\u00fcn evrenle olan b\u00fcy\u00fcl\u00fc temas\u0131n\u0131n bilgece i\u015fleni\u015fine \u015fahit olacaks\u0131n\u0131z. Konf\u00fc\u00e7y\u00fcsl\u00fck, Taoizm ve Budizm\u2019in \u00f6\u011fretileriyle \u015fekillenmi\u015f ortak bir bilincin \u00fcr\u00fcn\u00fc olan bu halk masallar\u0131 anlat\u0131n\u0131n \u00f6\u011freticili\u011finin g\u00f6stergesi olmaya devam ediyor.<\/p>\n","protected":false},"excerpt":{"rendered":"<p>Falc\u0131lar, \u00e2limler, iblisler, huzursuz ruhlar, \u015fekil de\u011fi\u015ftiren marifetli b\u00fcy\u00fcc\u00fcler, dans\u00e7\u0131 k\u0131zlar, dilekler, gizemler, tesad\u00fcfler, bah\u015fedilenler, \u00f6denmesi gereken bedeller\u2026Her zaman mutlu sonla bitmeyen hatta mutlak sonlara pek<span class=\"excerpt-hellip\"> [\u2026]<\/span><\/p>\n","protected":false},"featured_media":0,"template":"","meta":{"_monsterinsights_skip_tracking":false,"_monsterinsights_sitenote_active":false,"_monsterinsights_sitenote_note":"","_monsterinsights_sitenote_category":0},"product_brand":[],"product_cat":[13661,12291],"product_tag":[],"class_list":{"0":"post-726118","1":"product","2":"type-product","3":"status-publish","5":"product_cat-diger-ulke-edebiyatlari","6":"product_cat-edebiyat","7":"pa_cilt-ciltsiz","8":"pa_tur-kitap","9":"pa_yayinevi-kara-karga-yayinlari","10":"pa_yazar-im-bang-yi-ryuk","12":"first","13":"instock","14":"sale","15":"shipping-taxable","16":"purchasable","17":"product-type-simple"},"_links":{"self":[{"href":"https:\/\/roveyayinevi.com.tr\/index.php\/wp-json\/wp\/v2\/product\/726118","targetHints":{"allow":["GET"]}}],"collection":[{"href":"https:\/\/roveyayinevi.com.tr\/index.php\/wp-json\/wp\/v2\/product"}],"about":[{"href":"https:\/\/roveyayinevi.com.tr\/index.php\/wp-json\/wp\/v2\/types\/product"}],"wp:attachment":[{"href":"https:\/\/roveyayinevi.com.tr\/index.php\/wp-json\/wp\/v2\/media?parent=726118"}],"wp:term":[{"taxonomy":"product_brand","embeddable":true,"href":"https:\/\/roveyayinevi.com.tr\/index.php\/wp-json\/wp\/v2\/product_brand?post=726118"},{"taxonomy":"product_cat","embeddable":true,"href":"https:\/\/roveyayinevi.com.tr\/index.php\/wp-json\/wp\/v2\/product_cat?post=726118"},{"taxonomy":"product_tag","embeddable":true,"href":"https:\/\/roveyayinevi.com.tr\/index.php\/wp-json\/wp\/v2\/product_tag?post=726118"}],"curies":[{"name":"wp","href":"https:\/\/api.w.org\/{rel}","templated":true}]}}