{"id":726109,"date":"2025-08-27T20:01:16","date_gmt":"2025-08-27T17:01:16","guid":{"rendered":"https:\/\/roveyayinevi.com.tr\/index.php\/urun\/dovus-kulubu-3\/"},"modified":"2026-04-16T02:34:00","modified_gmt":"2026-04-15T23:34:00","slug":"dovus-kulubu-3","status":"publish","type":"product","link":"https:\/\/roveyayinevi.com.tr\/index.php\/urun\/dovus-kulubu-3\/","title":{"rendered":"D\u00f6v\u00fc\u015f Kul\u00fcb\u00fc -3"},"content":{"rendered":"<p>CHUCK PALAHNIUK D\u00d6V\u00dc\u015e KUL\u00dcB\u00dc\u2019N\u00dcN DEVAMINI YAZIYOR! \u201c\u0130ster doksanlardan beri kitab\u0131n hayran\u0131 olun ister ili\u015fkiniz \u00e7izgi romana uyarlan\u0131nca ba\u015flam\u0131\u015f olsun, bu tahmin edilemez destan\u0131n devam\u0131nda ne gelece\u011fini ka\u00e7\u0131rmak istemeyeceksiniz.\u201d Paste Magazine  \u201cStewart \u00e7izimleriyle D\u00f6v\u00fc\u015f Kul\u00fcb\u00fc serisinin hakk\u0131n\u0131 vermeye devam ediyor.\u201d Rogues Protal \u201cCesur&#8230; Palahniuk bize istedi\u011fimizi de\u011fil, aksine ihtiya\u00e7 duydu\u011fumuz \u015feyi veriyor. Okuru yaln\u0131zca olup biten hakk\u0131nda d\u00fc\u015f\u00fcnd\u00fcrm\u00fcyor, ayn\u0131 zamanda hik\u00e2yede yer alan arketiplere olan bekletisini de sorgulat\u0131yor. Birinin boynundaki ufak bir d\u00f6vme, telefonda ad\u0131 beliren \u2018kartanesi\u2019, karakterlerin niyetini sezdiren sayfalara konmu\u015f sinekler&#8230; T\u00fcm bunlar bizi bir su\u00e7 mahalinde ipucu arayan dedektif edas\u0131yla her \u015feyi didik didik etmeye y\u00f6neltiyor.\u201d Big Comic Page\u201cD\u00f6v\u00fc\u015f Kul\u00fcb\u00fc 3 bir devam hik\u00e2yesinin devam hik\u00e2yesinde olmas\u0131 gereken her \u015feye sahip. \u0130lk kitab\u0131n ve ilk \u00e7izgi roman\u0131n karanl\u0131k temas\u0131n\u0131, bir sonraki mant\u0131ks\u0131z ve inan\u0131lmaz \u015fiddetli seviyesine y\u00fckseltiyor.\u201d Comicon.com \u201cSanat; t\u0131marhanenin anahtarlar\u0131n\u0131 elinde tutanlar\u0131n, kendi deliliklerini saklamaya te\u015febb\u00fcs etmeyecek kadar kibirli ve sosyopatik oldu\u011fu ger\u00e7ek d\u00fcnyaya ayak uydurmakta zorlan\u0131yor. Hik\u00e2ye s\u0131radan ve kal\u0131pla\u015fm\u0131\u015f bir ba\u015flang\u0131\u00e7tan, Tyler\u2019\u0131n yeniden ortaya \u00e7\u0131k\u0131\u015f\u0131ndan bekledi\u011fimiz k\u0131\u015fk\u0131rt\u0131c\u0131 bir delili\u011fe d\u00f6n\u00fc\u015f\u00fcyor.\u201d Irvine Welsh, kendi yazd\u0131\u011f\u0131 \u00f6ns\u00f6zden. CHUCK PALAHNIUK Ger\u00e7ek ad\u0131 Charles Michael Palahniuk olan yazar 21 \u015eubat 1962\u2019de Burbank, Washington\u2019da do\u011fmu\u015ftur. Annesi ve babas\u0131 Chuck hen\u00fcz on d\u00f6rt ya\u015f\u0131ndayken ayr\u0131l\u0131r. Chuck ve karde\u015fleri annelerinin ebeveyninin s\u0131\u011f\u0131r \u00e7iftli\u011fine yerle\u015fir ve burada b\u00fcy\u00fcr. 1980\u2019de Columbia High School\u2019u bitirdikten sonra Oregon \u00dcniversitesi\u2019nde gazetecilik \u00f6\u011frenimi g\u00f6r\u00fcr. \u00dcniversite y\u0131llar\u0131 boyunca yazar olmay\u0131 akl\u0131ndan ge\u00e7irmez. Ge\u00e7imini Freightliner adl\u0131 \u015firkette otomobil tamircili\u011fi yaparak sa\u011flamaktayken, 1996\u2019da, arkada\u015flar\u0131yla birlikte bir edebiyat grubuna kat\u0131l\u0131r ve burada \u201cProject Mayhem\u201d (Karga\u015fa Projesi) adl\u0131 bir k\u0131sa hik\u00e2ye yazar. S\u00f6z konusu hik\u00e2ye \u00fc\u00e7 ay gibi bir zaman zarf\u0131nda Fight Club\u2019a (1996) [D\u00f6v\u00fc\u015f Kul\u00fcb\u00fc, \u00c7ev. Elif \u00d6zsayar, Ayr\u0131nt\u0131 Yay., 2001] d\u00f6n\u00fc\u015f\u00fcr. \u0130lk roman\u0131n\u0131 yay\u0131mlatmas\u0131 kolay olmaz. Pek \u00e7ok kez reddedilir. Chuck Palahniuk her reddedili\u015finde daha da \u201ckaranl\u0131k\u201d yazmaya ba\u015flar. Nihayet yay\u0131mlanan ilk roman\u0131 D\u00f6v\u00fc\u015f Kul\u00fcb\u00fc, \u00f6zellikle de 1999 y\u0131l\u0131ndaki film uyarlamas\u0131n\u0131n ard\u0131ndan b\u00fcy\u00fck bir ses getirir ve kitap Pacific Northwest Booksellers Association Award ve Oregon Book Award \u00f6d\u00fcllerine de\u011fer bulunur. Yazar\u0131n kitaplar\u0131: Survivor (1999) [G\u00f6steri Peygamberi, \u00c7ev. Funda Uncu, Ayr\u0131nt\u0131 Yay., 2002]; Invisible Monsters (1999) [G\u00f6r\u00fcnmez Canavarlar, \u00c7ev. Funda Uncu, Ayr\u0131nt\u0131 Yay., 2004]; Choke (2001) [T\u0131kanma, \u00c7ev. Funda Uncu, Ayr\u0131nt\u0131 Yay., 2003]; Lullaby (2002) [Ninni, \u00c7ev. Funda Uncu, Ayr\u0131nt\u0131 Yay., 2007]; Fugitives and Refugees (2003) [Ka\u00e7aklar ve M\u00fclteciler, \u00c7ev. Esra Ar\u0131\u015fan, Ayr\u0131nt\u0131 Yay., 2005]; Diary (2003) [G\u00fcnce, \u00c7ev. Funda Uncu, Ayr\u0131nt\u0131 Yay., 2005]; Haunted 2005 [Tekinsiz, \u00c7ev. Funda Uncu, Ayr\u0131nt\u0131 Yay., 2009]; Rant (2007) [\u00c7arp\u0131\u015fma Partisi, \u00c7ev. Funda Uncu, Ayr\u0131nt\u0131 Yay., 2010]; Snuff (2008) [\u00d6l\u00fcm Pornosu, \u00c7ev. Funda Uncu, Ayr\u0131nt\u0131 Yay., 2011]; Pygmy (2009) [Pigme, \u00c7ev. G\u00f6k\u00e7e \u00c7i\u00e7ek \u00c7etin, Ayr\u0131nt\u0131 Yay., 2013]&#8230; \u2026\u201d\u00dc\u00e7 g\u00fcn sonra kona\u011f\u0131n \u00f6n\u00fcnde bir araba durdu. D\u0131\u015f kap\u0131n\u0131n h\u0131zl\u0131 h\u0131zl\u0131 \u00e7al\u0131nd\u0131\u011f\u0131n\u0131 duyan Safiye\u2019nin y\u00fcre\u011fi kalkt\u0131. Kendini \u201cHay\u0131rd\u0131r in\u015fallah!\u201d diyerek merdivenlerden avluya att\u0131 ama g\u00f6rd\u00fc\u011f\u00fc manzara kar\u015f\u0131s\u0131nda dondu kald\u0131. Haluk\u2019la Sadri, dut a\u011fac\u0131n\u0131n alt\u0131na uzat\u0131lm\u0131\u015f, \u00fczerine bayrak serilmi\u015f bir tabutun yan\u0131nda sessiz sessiz a\u011fl\u0131yorlar, kocas\u0131 R\u0131za day\u0131 da tabuta sar\u0131lm\u0131\u015f iniyordu. Biraz sonra kona\u011f\u0131n avlusundan kad\u0131nlar\u0131n g\u00f6klere y\u00fckselen \u00e7\u0131\u011fl\u0131klar\u0131 duyuldu\u2026\u201d <\/p>\n","protected":false},"excerpt":{"rendered":"<p>CHUCK PALAHNIUK D\u00d6V\u00dc\u015e KUL\u00dcB\u00dc\u2019N\u00dcN DEVAMINI YAZIYOR! \u201c\u0130ster doksanlardan beri kitab\u0131n hayran\u0131 olun ister ili\u015fkiniz \u00e7izgi romana uyarlan\u0131nca ba\u015flam\u0131\u015f olsun, bu tahmin edilemez destan\u0131n devam\u0131nda ne gelece\u011fini<span class=\"excerpt-hellip\"> [\u2026]<\/span><\/p>\n","protected":false},"featured_media":0,"template":"","meta":{"_monsterinsights_skip_tracking":false,"_monsterinsights_sitenote_active":false,"_monsterinsights_sitenote_note":"","_monsterinsights_sitenote_category":0},"product_brand":[],"product_cat":[12416,12291],"product_tag":[],"class_list":{"0":"post-726109","1":"product","2":"type-product","3":"status-publish","5":"product_cat-cizgi-roman","6":"product_cat-edebiyat","7":"pa_cilt-ciltsiz","8":"pa_tur-kitap","9":"pa_yayinevi-ayrinti-yayinlari","10":"pa_yazar-chuck-palahniuk","12":"first","13":"instock","14":"sale","15":"shipping-taxable","16":"purchasable","17":"product-type-simple"},"_links":{"self":[{"href":"https:\/\/roveyayinevi.com.tr\/index.php\/wp-json\/wp\/v2\/product\/726109","targetHints":{"allow":["GET"]}}],"collection":[{"href":"https:\/\/roveyayinevi.com.tr\/index.php\/wp-json\/wp\/v2\/product"}],"about":[{"href":"https:\/\/roveyayinevi.com.tr\/index.php\/wp-json\/wp\/v2\/types\/product"}],"wp:attachment":[{"href":"https:\/\/roveyayinevi.com.tr\/index.php\/wp-json\/wp\/v2\/media?parent=726109"}],"wp:term":[{"taxonomy":"product_brand","embeddable":true,"href":"https:\/\/roveyayinevi.com.tr\/index.php\/wp-json\/wp\/v2\/product_brand?post=726109"},{"taxonomy":"product_cat","embeddable":true,"href":"https:\/\/roveyayinevi.com.tr\/index.php\/wp-json\/wp\/v2\/product_cat?post=726109"},{"taxonomy":"product_tag","embeddable":true,"href":"https:\/\/roveyayinevi.com.tr\/index.php\/wp-json\/wp\/v2\/product_tag?post=726109"}],"curies":[{"name":"wp","href":"https:\/\/api.w.org\/{rel}","templated":true}]}}