{"id":726107,"date":"2025-08-27T20:01:15","date_gmt":"2025-08-27T17:01:15","guid":{"rendered":"https:\/\/roveyayinevi.com.tr\/index.php\/urun\/ebeveynler-icin-basarinin-7-spirituel-yasasi\/"},"modified":"2026-04-16T02:34:00","modified_gmt":"2026-04-15T23:34:00","slug":"ebeveynler-icin-basarinin-7-spirituel-yasasi","status":"publish","type":"product","link":"https:\/\/roveyayinevi.com.tr\/index.php\/urun\/ebeveynler-icin-basarinin-7-spirituel-yasasi\/","title":{"rendered":"Ebeveynler \u0130\u00e7in Ba\u015far\u0131n\u0131n 7 Spirit\u00fcel Yasas\u0131"},"content":{"rendered":"<p>\u00c7ocu\u011funuza sa\u011flayabilece\u011finiz en derin koruma, spirit\u00fcel korumad\u0131r. &#8216;Ba\u015far\u0131n\u0131n 7 Spirit\u00fcel Yasas\u0131\u2019 kitab\u0131 milyonlarca insana ola\u011fan\u00fcst\u00fc bir \u015fekilde dokundu. Deepak Chopra, bu kitaptan sonra prensipleri \u00e7ocuklar\u0131na nas\u0131l \u00f6\u011fretebileceklerini bilmek, zengin tecr\u00fcbelerle \u00e7ocuklar\u0131n\u0131n spirit\u00fcel ihtiya\u00e7lar\u0131n\u0131 kar\u015f\u0131larken y\u00fcksek de\u011ferler kazand\u0131rmak isteyen binlerce ebeveynden mektup ald\u0131. \u201cEbevenyler \u0130\u00e7in 7 Spirit\u00fcel Yasa\u201d  o sorulara cevapt\u0131r. Dr.  Chopra\u2019n\u0131n 7 kural\u0131 \u00e7ocu\u011funuzun hayat\u0131nda basit ancak \u00e7ok derin etkiler yaratabilir:  Her \u015fey m\u00fcmk\u00fcnd\u00fcr.Bir \u015fey almak istiyorsan bir \u015fey vermelisin. Bir karar al\u0131nca gelece\u011fi de\u011fi\u015ftirirsin.\u2018Hay\u0131r\u2019 deme \u2013 ak\u0131\u015fa uy.Her bir \u015fey diledi\u011finde veya istedi\u011finde bir tohum ekersin.Yolculu\u011fun tad\u0131n\u0131 \u00e7\u0131kar.Bu hayata bir sebeple geldin.   Bu anlay\u0131\u015fla b\u00fcy\u00fct\u00fclen her \u00e7ocuk, herkesin sahip olabilece\u011fi becerilerle hayat\u0131nda en de\u011ferli ba\u015far\u0131lara sahip olabilir; sevebilme, merhametli olma, ya\u015fama sevinci ve bu sevinci etraf\u0131na yans\u0131tabilme. Deepak Chopra, bu en temel \u00e7al\u0131\u015fmada bir baba olarak tecr\u00fcbesinin yan\u0131 s\u0131ra, spirit\u00fcel yolculu\u011funun derin ve pratik yollar\u0131n\u0131 \u00e7ocuklar\u0131yla payla\u015fabilmeleri i\u00e7in anne babalara \u00f6neriyor. \u201cDerinlikli ve b\u00fcy\u00fcleyici\u201d Dr. Benjamin Spock \u201cAnneli\u011fe dair toplumun koydu\u011fu kal\u0131plar\u0131 kar\u015f\u0131lamak i\u00e7in u\u011fra\u015ft\u0131m, \u00e7abalad\u0131m, s\u0131k\u00e7a bocalad\u0131m, genelde olmas\u0131 gerekeni kovalad\u0131m. Ortaya \u00e7\u0131kan, bana g\u00f6re vasat denilebilecek, anneli\u011fim yine en \u00e7ok beni i\u00e7ten i\u00e7e t\u00fcketiyordu. O esnada \u00e7ok satan \u201cBa\u015far\u0131n\u0131n 7 Spirit\u00fcel Yasas\u0131\u201d kitab\u0131n\u0131 ile tan\u0131\u015ft\u0131m. Ve ard\u0131ndan \u2018\u2019Ebeveynler \u0130\u00e7in 7 Spirit\u00fcel Yasa \u2013 The Seven Spiritual Laws For Parent\u2019\u2019  isimli bu mucize kitap girdi hayat\u0131ma.      Bu kitap sayesinde sorumluluklar\u0131m\u0131n en g\u00fczeli olan anneli\u011fe yakla\u015f\u0131m\u0131m sonsuza dek de\u011fi\u015fti. Benim annelik ileti\u015fimimi, g\u00fcnl\u00fck davran\u0131\u015flar\u0131m\u0131, kendimle olan i\u00e7 diyalo\u011fumu de\u011fi\u015ftirdi. Bu kitab\u0131 her okudu\u011fumda -otuz defa okumu\u015fumdur- yapabildiklerime yans\u0131tt\u0131\u011f\u0131m yarg\u0131lamam hafifledi, ele\u015ftirel sesim \u0131l\u0131ml\u0131 ve \u015fefkatli bir h\u00e2l ald\u0131. Bu kitap, annelik rol\u00fcmde izin vermek, kabul etmek, m\u00fcdahale etmek aras\u0131ndaki dengeyi bulmamda basit \u00f6neriler sunan emsalsiz bir rehber oldu.   Ya\u015fam\u0131ma ve \u00f6zellikle ebeveynli\u011fime rehber olan bu e\u015fsiz kitab\u0131n daha \u00e7ok ebeveyne ula\u015fmas\u0131na niyetle T\u00fcrk\u00e7ele\u015ftirmek benim i\u00e7in paha bi\u00e7ilmez bir deneyim oldu&#8230;\u201dSer\u00e7in Kire\u00e7tepe (Kitab\u0131n \u00e7evirmeni)<\/p>\n","protected":false},"excerpt":{"rendered":"<p>\u00c7ocu\u011funuza sa\u011flayabilece\u011finiz en derin koruma, spirit\u00fcel korumad\u0131r. &#8216;Ba\u015far\u0131n\u0131n 7 Spirit\u00fcel Yasas\u0131\u2019 kitab\u0131 milyonlarca insana ola\u011fan\u00fcst\u00fc bir \u015fekilde dokundu. Deepak Chopra, bu kitaptan sonra prensipleri \u00e7ocuklar\u0131na nas\u0131l<span class=\"excerpt-hellip\"> [\u2026]<\/span><\/p>\n","protected":false},"featured_media":0,"template":"","meta":{"_monsterinsights_skip_tracking":false,"_monsterinsights_sitenote_active":false,"_monsterinsights_sitenote_note":"","_monsterinsights_sitenote_category":0},"product_brand":[],"product_cat":[12831,12324],"product_tag":[],"class_list":{"0":"post-726107","1":"product","2":"type-product","3":"status-publish","5":"product_cat-aile-ve-cocuk","6":"product_cat-sosyoloji","7":"pa_cilt-ciltsiz","8":"pa_tur-kitap","9":"pa_yayinevi-pozitif-yayinlari","10":"pa_yazar-deepak-chopra","12":"first","13":"instock","14":"sale","15":"shipping-taxable","16":"purchasable","17":"product-type-simple"},"_links":{"self":[{"href":"https:\/\/roveyayinevi.com.tr\/index.php\/wp-json\/wp\/v2\/product\/726107","targetHints":{"allow":["GET"]}}],"collection":[{"href":"https:\/\/roveyayinevi.com.tr\/index.php\/wp-json\/wp\/v2\/product"}],"about":[{"href":"https:\/\/roveyayinevi.com.tr\/index.php\/wp-json\/wp\/v2\/types\/product"}],"wp:attachment":[{"href":"https:\/\/roveyayinevi.com.tr\/index.php\/wp-json\/wp\/v2\/media?parent=726107"}],"wp:term":[{"taxonomy":"product_brand","embeddable":true,"href":"https:\/\/roveyayinevi.com.tr\/index.php\/wp-json\/wp\/v2\/product_brand?post=726107"},{"taxonomy":"product_cat","embeddable":true,"href":"https:\/\/roveyayinevi.com.tr\/index.php\/wp-json\/wp\/v2\/product_cat?post=726107"},{"taxonomy":"product_tag","embeddable":true,"href":"https:\/\/roveyayinevi.com.tr\/index.php\/wp-json\/wp\/v2\/product_tag?post=726107"}],"curies":[{"name":"wp","href":"https:\/\/api.w.org\/{rel}","templated":true}]}}