{"id":726106,"date":"2025-08-27T20:01:14","date_gmt":"2025-08-27T17:01:14","guid":{"rendered":"https:\/\/roveyayinevi.com.tr\/index.php\/urun\/kutlecekimin-yukselisi\/"},"modified":"2026-04-16T02:34:00","modified_gmt":"2026-04-15T23:34:00","slug":"kutlecekimin-yukselisi","status":"publish","type":"product","link":"https:\/\/roveyayinevi.com.tr\/index.php\/urun\/kutlecekimin-yukselisi\/","title":{"rendered":"K\u00fctle\u00e7ekimin Y\u00fckseli\u015fi"},"content":{"rendered":"<p>Newton G\u00fcne\u015f\u2019ten uzanan ve g\u00f6zle g\u00f6r\u00fclmeyen bir par\u00e7a esnek lastik gibi D\u00fcnya\u2019y\u0131 yakalayan bir k\u00fctle\u00e7ekim \u2018kuvveti\u2019 d\u00fc\u015flerken Einstein G\u00fcne\u015f\u2019in kendi \u00e7evresinde uzay-zamanda bir vadi yaratt\u0131\u011f\u0131n\u0131, D\u00fcnya\u2019n\u0131n da bu vadide t\u0131pk\u0131 devasa bir ruletteki gezegen b\u00fcy\u00fckl\u00fc\u011f\u00fcndeki bir rulet topu gibi s\u00fcrekli olarak \u00e7ember \u00e7izerek doland\u0131\u011f\u0131n\u0131 fark etti. Ancak Einstein\u2019\u0131n k\u00fctle\u00e7ekim kuram\u0131 da, t\u0131pk\u0131 kendinden \u00f6nceki Newton\u2019\u0131n kuram\u0131 gibi, kendi y\u0131k\u0131m\u0131n\u0131n tohumlar\u0131n\u0131 da i\u00e7inde bar\u0131nd\u0131r\u0131r. Kara deliklerin kalbinde ve Evren\u2019in do\u011fumu s\u0131ras\u0131nda sa\u00e7ma ve mant\u0131ks\u0131z tekilliklerin varl\u0131\u011f\u0131n\u0131 \u00f6ng\u00f6r\u00fcr ki, bu tekilliklerde fiziksel parametreler sonsuza gider. Yirmi birinci y\u00fczy\u0131l\u0131n ba\u015f\u0131nda yeni bir devrimin e\u015fi\u011findeyiz. Einstein\u2019\u0131nkinden daha derin bir kuram\u0131n, kuantum k\u00fctle\u00e7ekim kuram\u0131n\u0131n ara\u015ft\u0131r\u0131lmas\u0131 fizi\u011fin \u015fimdiye kadarki en zorlu ve en b\u00fcy\u00fck u\u011fra\u015f\u0131d\u0131r. Bu kitapta Marcus Chown Newton\u2019dan g\u00fcn\u00fcm\u00fcze kadar k\u00fctle\u00e7ekimin nas\u0131l form\u00fcle edildi\u011fini \u00f6zetleyerek, bu yeni beklenen devrimin ipu\u00e7lar\u0131n\u0131 okurlara sunuyor.  \u201cHarika bir kitap.\u201d  \u2013Richard Dawkins   \u201cChown\u2019un kitab\u0131 insanlara evrenin tarihini anlat\u0131yor.\u201d  \u2013Science \u201cOla\u011fan\u00fcst\u00fc tuhaf olaylar\u0131n ola\u011fan\u00fcst\u00fc e\u011flenceli ve basit bir a\u00e7\u0131klamas\u0131.\u201d \u2013Wall Street Journal \u201c\u00d6d\u00fcll\u00fc yazar Chown bilimle u\u011fra\u015fmayanlar\u0131n bile zor bilimsel meseleleri anlayabilecekleri kitaplar yazarak, birinci s\u0131n\u0131f bir bilim yazar\u0131 oldu\u011funu kan\u0131tl\u0131yor.\u201d  \u2013Booklist <\/p>\n","protected":false},"excerpt":{"rendered":"<p>Newton G\u00fcne\u015f\u2019ten uzanan ve g\u00f6zle g\u00f6r\u00fclmeyen bir par\u00e7a esnek lastik gibi D\u00fcnya\u2019y\u0131 yakalayan bir k\u00fctle\u00e7ekim \u2018kuvveti\u2019 d\u00fc\u015flerken Einstein G\u00fcne\u015f\u2019in kendi \u00e7evresinde uzay-zamanda bir vadi yaratt\u0131\u011f\u0131n\u0131, D\u00fcnya\u2019n\u0131n<span class=\"excerpt-hellip\"> [\u2026]<\/span><\/p>\n","protected":false},"featured_media":0,"template":"","meta":{"_monsterinsights_skip_tracking":false,"_monsterinsights_sitenote_active":false,"_monsterinsights_sitenote_note":"","_monsterinsights_sitenote_category":0},"product_brand":[],"product_cat":[13005,37328],"product_tag":[],"class_list":{"0":"post-726106","1":"product","2":"type-product","3":"status-publish","5":"product_cat-bilim-muhendislik","6":"product_cat-diger-bilim-muhendislik","7":"pa_cilt-ciltsiz","8":"pa_tur-kitap","9":"pa_yayinevi-alfa-yayinlari","10":"pa_yazar-marcus-chown","12":"first","13":"instock","14":"sale","15":"shipping-taxable","16":"purchasable","17":"product-type-simple"},"_links":{"self":[{"href":"https:\/\/roveyayinevi.com.tr\/index.php\/wp-json\/wp\/v2\/product\/726106","targetHints":{"allow":["GET"]}}],"collection":[{"href":"https:\/\/roveyayinevi.com.tr\/index.php\/wp-json\/wp\/v2\/product"}],"about":[{"href":"https:\/\/roveyayinevi.com.tr\/index.php\/wp-json\/wp\/v2\/types\/product"}],"wp:attachment":[{"href":"https:\/\/roveyayinevi.com.tr\/index.php\/wp-json\/wp\/v2\/media?parent=726106"}],"wp:term":[{"taxonomy":"product_brand","embeddable":true,"href":"https:\/\/roveyayinevi.com.tr\/index.php\/wp-json\/wp\/v2\/product_brand?post=726106"},{"taxonomy":"product_cat","embeddable":true,"href":"https:\/\/roveyayinevi.com.tr\/index.php\/wp-json\/wp\/v2\/product_cat?post=726106"},{"taxonomy":"product_tag","embeddable":true,"href":"https:\/\/roveyayinevi.com.tr\/index.php\/wp-json\/wp\/v2\/product_tag?post=726106"}],"curies":[{"name":"wp","href":"https:\/\/api.w.org\/{rel}","templated":true}]}}