{"id":726104,"date":"2025-08-27T20:01:12","date_gmt":"2025-08-27T17:01:12","guid":{"rendered":"https:\/\/roveyayinevi.com.tr\/index.php\/urun\/kor-talih\/"},"modified":"2026-01-20T03:00:49","modified_gmt":"2026-01-20T00:00:49","slug":"kor-talih","status":"publish","type":"product","link":"https:\/\/roveyayinevi.com.tr\/index.php\/urun\/kor-talih\/","title":{"rendered":"K\u00f6r Talih"},"content":{"rendered":"<p>Polisiye kurgusuyla okuru gerilim dolu bir bilimkurgu yolculu\u011funa \u00e7a\u011f\u0131ran K\u00f6r Talih rastlant\u0131lar, \u00f6l\u00fcmler, s\u0131rlar ve stratejik planlar\u0131n i\u00e7 i\u00e7e ge\u00e7ti\u011fi kaotik bir d\u00fcnyay\u0131 resmediyor.Emekli astronot, Napoli\u2019de ger\u00e7ekle\u015fen \u015f\u00fcpheli \u00f6l\u00fcmlerin s\u0131rr\u0131n\u0131 \u00e7\u00f6zmekle g\u00f6revlendirilir. 40-50 ya\u015flar\u0131nda, uzun boylu, \u0130talyanca bilmeyen 11 erke\u011fin \u00f6l\u00fcmlerinin ortak bir noktas\u0131 vard\u0131r: Hepsi Napoli\u2019nin kapl\u0131calar\u0131ndaki k\u00fck\u00fcrt banyolar\u0131nda hem dinlenmeye hem de tedaviye gitmi\u015ftir. Hareketlerinde, g\u00fcndelik rutinlerinde ve psikolojilerinde bozukluklar meydana gelen bu adamlardan yaln\u0131zca ikisi k\u00f6r talihin elinden kurtulabilmi\u015f, di\u011ferleri intihar etmi\u015ftir. Bu ya\u015fl\u0131 adamlar\u0131 intihara s\u00fcr\u00fckleyen nedenleri ise eski astronot, yeni dedektif \u00e7\u00f6zecektir. \u0130ntihara g\u00f6t\u00fcren sebep nedir? Kurtulanlar nas\u0131l kurtulmu\u015ftur? Napoli\u2019de bu adamlara ne tedavisi uygulanmaktad\u0131r? Emekli astronot, t\u00fcm bu s\u0131r silsilesinin arka plan\u0131nda, cinayetleri \u00e7\u00f6zmekle g\u00f6revli bilim insanlar\u0131 ve kurulu\u015flarla bir araya gelip kendini farkl\u0131 m\u00fccadelelerin i\u00e7inde bulacakt\u0131r.<\/p>\n","protected":false},"excerpt":{"rendered":"<p>Polisiye kurgusuyla okuru gerilim dolu bir bilimkurgu yolculu\u011funa \u00e7a\u011f\u0131ran K\u00f6r Talih rastlant\u0131lar, \u00f6l\u00fcmler, s\u0131rlar ve stratejik planlar\u0131n i\u00e7 i\u00e7e ge\u00e7ti\u011fi kaotik bir d\u00fcnyay\u0131 resmediyor.Emekli astronot, Napoli\u2019de<span class=\"excerpt-hellip\"> [\u2026]<\/span><\/p>\n","protected":false},"featured_media":0,"template":"","meta":{"_monsterinsights_skip_tracking":false,"_monsterinsights_sitenote_active":false,"_monsterinsights_sitenote_note":"","_monsterinsights_sitenote_category":0},"product_brand":[],"product_cat":[12540,12291],"product_tag":[],"class_list":{"0":"post-726104","1":"product","2":"type-product","3":"status-publish","5":"product_cat-bilim-kurgu","6":"product_cat-edebiyat","7":"pa_cilt-ciltsiz","8":"pa_tur-kitap","9":"pa_yayinevi-alfa-yayinlari","10":"pa_yazar-stanislaw-lem","12":"first","13":"instock","14":"sale","15":"shipping-taxable","16":"purchasable","17":"product-type-simple"},"_links":{"self":[{"href":"https:\/\/roveyayinevi.com.tr\/index.php\/wp-json\/wp\/v2\/product\/726104","targetHints":{"allow":["GET"]}}],"collection":[{"href":"https:\/\/roveyayinevi.com.tr\/index.php\/wp-json\/wp\/v2\/product"}],"about":[{"href":"https:\/\/roveyayinevi.com.tr\/index.php\/wp-json\/wp\/v2\/types\/product"}],"wp:attachment":[{"href":"https:\/\/roveyayinevi.com.tr\/index.php\/wp-json\/wp\/v2\/media?parent=726104"}],"wp:term":[{"taxonomy":"product_brand","embeddable":true,"href":"https:\/\/roveyayinevi.com.tr\/index.php\/wp-json\/wp\/v2\/product_brand?post=726104"},{"taxonomy":"product_cat","embeddable":true,"href":"https:\/\/roveyayinevi.com.tr\/index.php\/wp-json\/wp\/v2\/product_cat?post=726104"},{"taxonomy":"product_tag","embeddable":true,"href":"https:\/\/roveyayinevi.com.tr\/index.php\/wp-json\/wp\/v2\/product_tag?post=726104"}],"curies":[{"name":"wp","href":"https:\/\/api.w.org\/{rel}","templated":true}]}}