{"id":726103,"date":"2025-08-27T20:01:12","date_gmt":"2025-08-27T17:01:12","guid":{"rendered":"https:\/\/roveyayinevi.com.tr\/index.php\/urun\/headbang-6\/"},"modified":"2026-04-16T02:34:00","modified_gmt":"2026-04-15T23:34:00","slug":"headbang-6","status":"publish","type":"product","link":"https:\/\/roveyayinevi.com.tr\/index.php\/urun\/headbang-6\/","title":{"rendered":"Headbang 6"},"content":{"rendered":"<p>T\u00dcRK\u0130YE&#8217;N\u0130N ROCK &amp; METAL AR\u015e\u0130V\u0130 &#8211; \u00d6ZEL SAYI \u0130lk say\u0131s\u0131 2007\u2019de yay\u0131mlanan Headbang dergisi Kas\u0131m 2017\u2019de \u201cbookazine\u201d yani \u201ckitap-dergi\u201d format\u0131yla yolculu\u011funa devam etmi\u015fti. Bu formatla 5 Headbang kitab\u0131 raflara \u00e7\u0131kt\u0131. Tam 6. say\u0131 haz\u0131rlan\u0131yordu ki derginin kurucusu, genel yay\u0131n y\u00f6netmeni ve her daim edit\u00f6r\u00fc \u00c7a\u011flan Tekil\u2019i kaybettik&#8230; Headbang ekibi yar\u0131m kalan dergiyi bitirmek i\u00e7in kollar\u0131 s\u0131vad\u0131. Sadece Headbang ekibi de\u011fil, bu \u00e7ok \u00f6zel say\u0131 i\u00e7in \u00c7a\u011flan Tekil\u2019in kurucusu oldu\u011fu Laneth ve Non Serviam dergilerinden ve uzun y\u0131llar \u00e7al\u0131\u015ft\u0131\u011f\u0131 Blue Jean dergisinden kalem arkada\u015flar\u0131 da seferber oldular. 90\u2019lar\u0131n rock ortamlar\u0131n\u0131 ve \u201cBaron\u201d lakab\u0131yla tan\u0131nan \u00c7a\u011flan Tekil\u2019in metal sab\u0131kalar\u0131n\u0131 anlatan hikayelerle katk\u0131da bulundular. Pentagram\u2019dan Dr. Skull\u2019a \u00e7ok \u00f6zel konuklar bir araya geldiler. Bu say\u0131da son i\u00e7erik toplant\u0131s\u0131nda karar verilmi\u015f konularla birlikte yepyeni konular da bulunuyor. Pentagram\u2019\u0131n ilk alb\u00fcm\u00fcn\u00fcn 30. y\u0131l\u0131nda bu alb\u00fcm \u00fczerine 27 sayfal\u0131k kapsaml\u0131 bir dosya, Paradise Lost\u2019tan Nick Holmes ile karantina muhabbeti, Mayhem\u2019den Necrobutcher ile efsanevi \u0130zmir konserinin perde arkas\u0131 ve \u00e7ok daha fazlas\u0131&#8230; Elinizde tuttu\u011funuz kitap, 6. Headbang kitab\u0131, ayn\u0131 zamanda 13 y\u0131l \u00f6nce yay\u0131n hayat\u0131na ba\u015flayan bir derginin 101. ve son say\u0131s\u0131. Metal camiam\u0131z\u0131n Don Ki\u015fot\u2019una, heavy metal bir veda.<\/p>\n","protected":false},"excerpt":{"rendered":"<p>T\u00dcRK\u0130YE&#8217;N\u0130N ROCK &amp; METAL AR\u015e\u0130V\u0130 &#8211; \u00d6ZEL SAYI \u0130lk say\u0131s\u0131 2007\u2019de yay\u0131mlanan Headbang dergisi Kas\u0131m 2017\u2019de \u201cbookazine\u201d yani \u201ckitap-dergi\u201d format\u0131yla yolculu\u011funa devam etmi\u015fti. Bu formatla 5<span class=\"excerpt-hellip\"> [\u2026]<\/span><\/p>\n","protected":false},"featured_media":0,"template":"","meta":{"_monsterinsights_skip_tracking":false,"_monsterinsights_sitenote_active":false,"_monsterinsights_sitenote_note":"","_monsterinsights_sitenote_category":0},"product_brand":[],"product_cat":[14556,40131],"product_tag":[],"class_list":{"0":"post-726103","1":"product","2":"type-product","3":"status-publish","5":"product_cat-muzik","6":"product_cat-sanatcilar","7":"pa_cilt-ciltsiz","8":"pa_tur-kitap","9":"pa_yayinevi-kara-karga-yayinlari","10":"pa_yazar-kara-karga-kolektif","12":"first","13":"instock","14":"sale","15":"shipping-taxable","16":"purchasable","17":"product-type-simple"},"_links":{"self":[{"href":"https:\/\/roveyayinevi.com.tr\/index.php\/wp-json\/wp\/v2\/product\/726103","targetHints":{"allow":["GET"]}}],"collection":[{"href":"https:\/\/roveyayinevi.com.tr\/index.php\/wp-json\/wp\/v2\/product"}],"about":[{"href":"https:\/\/roveyayinevi.com.tr\/index.php\/wp-json\/wp\/v2\/types\/product"}],"wp:attachment":[{"href":"https:\/\/roveyayinevi.com.tr\/index.php\/wp-json\/wp\/v2\/media?parent=726103"}],"wp:term":[{"taxonomy":"product_brand","embeddable":true,"href":"https:\/\/roveyayinevi.com.tr\/index.php\/wp-json\/wp\/v2\/product_brand?post=726103"},{"taxonomy":"product_cat","embeddable":true,"href":"https:\/\/roveyayinevi.com.tr\/index.php\/wp-json\/wp\/v2\/product_cat?post=726103"},{"taxonomy":"product_tag","embeddable":true,"href":"https:\/\/roveyayinevi.com.tr\/index.php\/wp-json\/wp\/v2\/product_tag?post=726103"}],"curies":[{"name":"wp","href":"https:\/\/api.w.org\/{rel}","templated":true}]}}