{"id":726101,"date":"2025-08-27T20:01:10","date_gmt":"2025-08-27T17:01:10","guid":{"rendered":"https:\/\/roveyayinevi.com.tr\/index.php\/urun\/kultur-ve-politika-genisletilmis-baski\/"},"modified":"2026-04-16T02:34:00","modified_gmt":"2026-04-15T23:34:00","slug":"kultur-ve-politika-genisletilmis-baski","status":"publish","type":"product","link":"https:\/\/roveyayinevi.com.tr\/index.php\/urun\/kultur-ve-politika-genisletilmis-baski\/","title":{"rendered":"K\u00fclt\u00fcr ve Politika ( Geni\u015fletilmi\u015f Bask\u0131 )"},"content":{"rendered":"<p>Birbirinden ayr\u0131 iki farkl\u0131 kavram ve alan bu kitapta birlikte ele al\u0131nmaktad\u0131r. Her k\u00fclt\u00fcr\u00fcn bir politikas\u0131 oldu\u011fu gibi her politikan\u0131n da bir k\u00fclt\u00fcr\u00fc vard\u0131r. \u00c7a\u011fda\u015f geli\u015fmeler bu iki kavram\u0131 daha da yak\u0131nla\u015ft\u0131rarak, bir d\u00fcnyay\u0131 iki farkl\u0131 a\u00e7\u0131dan de\u011ferlendirmektedir. D\u00fcnyan\u0131n tam ortas\u0131nda do\u011fu ve bat\u0131 d\u00fcnyalar\u0131n\u0131n kesi\u015fme noktas\u0131ndaki merkezi \u00fclke olarak, T\u00fcrkiye a\u00e7\u0131s\u0131ndan k\u00fclt\u00fcr \u00f6nemli bir yere sahiptir.Merkezi alanda do\u011fu ve bat\u0131 d\u00fcnyalar\u0131n\u0131n \u00e7at\u0131\u015fmas\u0131n\u0131 \u00f6nleyebilmek i\u00e7in evrensel alanda ge\u00e7erli olabilecek bir do\u011fu ve bat\u0131 sentezine gereksinme vard\u0131r. Bu kitap, \u00fclkemizde yay\u0131nlanan bir eser olarak, \u00fclke ve b\u00f6lge istikrar\u0131 i\u00e7in bir merkezi sentezin k\u00fclt\u00fcr alan\u0131nda olu\u015fturulmas\u0131 a\u00e7\u0131s\u0131ndan yap\u0131lmas\u0131 gereken politik \u00e7al\u0131\u015fmalar\u0131 belirli tasniflerle a\u00e7\u0131klamaya \u00e7al\u0131\u015fmaktad\u0131r.<\/p>\n","protected":false},"excerpt":{"rendered":"<p>Birbirinden ayr\u0131 iki farkl\u0131 kavram ve alan bu kitapta birlikte ele al\u0131nmaktad\u0131r. Her k\u00fclt\u00fcr\u00fcn bir politikas\u0131 oldu\u011fu gibi her politikan\u0131n da bir k\u00fclt\u00fcr\u00fc vard\u0131r. \u00c7a\u011fda\u015f geli\u015fmeler<span class=\"excerpt-hellip\"> [\u2026]<\/span><\/p>\n","protected":false},"featured_media":0,"template":"","meta":{"_monsterinsights_skip_tracking":false,"_monsterinsights_sitenote_active":false,"_monsterinsights_sitenote_note":"","_monsterinsights_sitenote_category":0},"product_brand":[],"product_cat":[13590,12337],"product_tag":[],"class_list":{"0":"post-726101","1":"product","2":"type-product","3":"status-publish","5":"product_cat-arastirma-inceleme-politika-siyaset","6":"product_cat-politika-siyaset","7":"pa_cilt-ciltsiz","8":"pa_tur-kitap","9":"pa_yayinevi-astana-yayinlari","10":"pa_yazar-anil-cecen","12":"first","13":"instock","14":"sale","15":"shipping-taxable","16":"purchasable","17":"product-type-simple"},"_links":{"self":[{"href":"https:\/\/roveyayinevi.com.tr\/index.php\/wp-json\/wp\/v2\/product\/726101","targetHints":{"allow":["GET"]}}],"collection":[{"href":"https:\/\/roveyayinevi.com.tr\/index.php\/wp-json\/wp\/v2\/product"}],"about":[{"href":"https:\/\/roveyayinevi.com.tr\/index.php\/wp-json\/wp\/v2\/types\/product"}],"wp:attachment":[{"href":"https:\/\/roveyayinevi.com.tr\/index.php\/wp-json\/wp\/v2\/media?parent=726101"}],"wp:term":[{"taxonomy":"product_brand","embeddable":true,"href":"https:\/\/roveyayinevi.com.tr\/index.php\/wp-json\/wp\/v2\/product_brand?post=726101"},{"taxonomy":"product_cat","embeddable":true,"href":"https:\/\/roveyayinevi.com.tr\/index.php\/wp-json\/wp\/v2\/product_cat?post=726101"},{"taxonomy":"product_tag","embeddable":true,"href":"https:\/\/roveyayinevi.com.tr\/index.php\/wp-json\/wp\/v2\/product_tag?post=726101"}],"curies":[{"name":"wp","href":"https:\/\/api.w.org\/{rel}","templated":true}]}}