{"id":726100,"date":"2025-08-27T20:01:09","date_gmt":"2025-08-27T17:01:09","guid":{"rendered":"https:\/\/roveyayinevi.com.tr\/index.php\/urun\/donusum-muhtesem-olacak-zeynep-kiraz-5\/"},"modified":"2026-04-16T02:33:59","modified_gmt":"2026-04-15T23:33:59","slug":"donusum-muhtesem-olacak-zeynep-kiraz-5","status":"publish","type":"product","link":"https:\/\/roveyayinevi.com.tr\/index.php\/urun\/donusum-muhtesem-olacak-zeynep-kiraz-5\/","title":{"rendered":"D\u00f6n\u00fc\u015f\u00fcm Muhte\u015fem Olacak &#8211; Zeynep Kiraz 5"},"content":{"rendered":"<p>Sen de \u00fcz\u00fcld\u00fcn dimi. Koskoca seri nas\u0131l da g\u00f6z a\u00e7\u0131p kapay\u0131ncaya kadar bitti? Ama hiii\u00e7\u00e7\u00e7 dert etme. Zeynep yine yapaca\u011f\u0131n\u0131 yap\u0131yor. Ve bize unutulmaz bir kitapla veda ediyor.Sonunda b\u00fctt\u00fc\u00fc\u00fcnnn aileyi bir araya getirmenin bir yolunu buluyor. Hem de Kiraz Nene\u2019nin k\u00f6y\u00fcnde. Yetmez gibi tang\u0131r tungur bir trakt\u00f6rle yaylaya \u00e7\u0131k\u0131l\u0131yor. Aman\u0131n o da ne? Galiba f\u0131rt\u0131na kopuyor. Bakal\u0131m Zeynepler kurtulabilecek mi?Peki ya yeni okul? O talihsiz ilk g\u00fcn!Ve b\u00fcy\u00fck rezalet\u2026 Zeynep acaba nas\u0131l yeniden hayata d\u00f6necek? Yaksa Fehmi amca bu sefer ger\u00e7ekten, sahiden ve cidden mi emekli olacak? Arif de kimdi? Oooo b\u00fcy\u00fck bir i\u015fin kokusu \u015fimdiden burnumuza geldi\u2026Tamam tamam duygusalla\u015fmayal\u0131m \u015fimdi. Zeynepher an her yerde kar\u015f\u0131m\u0131za \u00e7\u0131kabilir dimi\u2026Sonu\u00e7ta o biiiiiiiiir Kiraz Efsanesi..<\/p>\n","protected":false},"excerpt":{"rendered":"<p>Sen de \u00fcz\u00fcld\u00fcn dimi. Koskoca seri nas\u0131l da g\u00f6z a\u00e7\u0131p kapay\u0131ncaya kadar bitti? Ama hiii\u00e7\u00e7\u00e7 dert etme. Zeynep yine yapaca\u011f\u0131n\u0131 yap\u0131yor. Ve bize unutulmaz bir kitapla<span class=\"excerpt-hellip\"> [\u2026]<\/span><\/p>\n","protected":false},"featured_media":0,"template":"","meta":{"_monsterinsights_skip_tracking":false,"_monsterinsights_sitenote_active":false,"_monsterinsights_sitenote_note":"","_monsterinsights_sitenote_category":0},"product_brand":[],"product_cat":[12275,12274],"product_tag":[],"class_list":{"0":"post-726100","1":"product","2":"type-product","3":"status-publish","5":"product_cat-6-12-yas-kitaplari","6":"product_cat-cocuk-ve-genclik-kitaplari","7":"pa_cilt-ciltsiz","8":"pa_tur-kitap","9":"pa_yayinevi-ugurbocegi-yayinlari","10":"pa_yazar-ilknur-koc-aytac","12":"first","13":"instock","14":"sale","15":"shipping-taxable","16":"purchasable","17":"product-type-simple"},"_links":{"self":[{"href":"https:\/\/roveyayinevi.com.tr\/index.php\/wp-json\/wp\/v2\/product\/726100","targetHints":{"allow":["GET"]}}],"collection":[{"href":"https:\/\/roveyayinevi.com.tr\/index.php\/wp-json\/wp\/v2\/product"}],"about":[{"href":"https:\/\/roveyayinevi.com.tr\/index.php\/wp-json\/wp\/v2\/types\/product"}],"wp:attachment":[{"href":"https:\/\/roveyayinevi.com.tr\/index.php\/wp-json\/wp\/v2\/media?parent=726100"}],"wp:term":[{"taxonomy":"product_brand","embeddable":true,"href":"https:\/\/roveyayinevi.com.tr\/index.php\/wp-json\/wp\/v2\/product_brand?post=726100"},{"taxonomy":"product_cat","embeddable":true,"href":"https:\/\/roveyayinevi.com.tr\/index.php\/wp-json\/wp\/v2\/product_cat?post=726100"},{"taxonomy":"product_tag","embeddable":true,"href":"https:\/\/roveyayinevi.com.tr\/index.php\/wp-json\/wp\/v2\/product_tag?post=726100"}],"curies":[{"name":"wp","href":"https:\/\/api.w.org\/{rel}","templated":true}]}}