{"id":726097,"date":"2025-08-27T20:01:06","date_gmt":"2025-08-27T17:01:06","guid":{"rendered":"https:\/\/roveyayinevi.com.tr\/index.php\/urun\/kara-dusen-ay-isigi\/"},"modified":"2026-04-16T02:33:59","modified_gmt":"2026-04-15T23:33:59","slug":"kara-dusen-ay-isigi","status":"publish","type":"product","link":"https:\/\/roveyayinevi.com.tr\/index.php\/urun\/kara-dusen-ay-isigi\/","title":{"rendered":"Kara D\u00fc\u015fen Ay I\u015f\u0131\u011f\u0131"},"content":{"rendered":"<p>Umut nedir, neye benzer? En dipte oldu\u011funuz anda hayata tutunman\u0131z\u0131 sa\u011flayacak bir ip midir yoksa en karanl\u0131k gecelerde bile kara aksini d\u00fc\u015f\u00fcren bir ay \u0131\u015f\u0131\u011f\u0131 m\u0131?Eva ile senfoni orkestras\u0131nda kemanc\u0131 olan e\u015fi Michal\u2019in \u00f6yk\u00fcs\u00fc masallardaki gibi ba\u015flam\u0131\u015ft\u0131r. Ancak 1942 y\u0131l\u0131nda Prag \u015fehrini i\u015fgal eden Naziler, Michal\u2019i \u00fcnl\u00fc toplama kamp\u0131 Auschwitz\u2019e s\u00fcrg\u00fcn ettiklerinde masal bir anda deh\u015fet verici bir k\u00e2busa d\u00f6n\u00fc\u015f\u00fcr. E\u015fine bir an \u00f6nce kavu\u015fmaktan ba\u015fka bir \u015fey d\u00fc\u015f\u00fcnemeyen Eva, sonunda \u00e7areyi kocas\u0131n\u0131n pe\u015finden g\u00f6n\u00fcll\u00fc olarak Auschwitz\u2019e gitmekte bulur.\u00d6te yandan orada hi\u00e7bir \u015fey hayal etti\u011fi gibi olmayacakt\u0131r. Michal\u2019den tek bir iz bile bulamamas\u0131 bir yana, kamp\u0131n insanl\u0131k d\u0131\u015f\u0131 \u015fartlar\u0131 alt\u0131nda ya\u015fama tutunmak neredeyse imk\u00e2ns\u0131zd\u0131r. Dondurucu so\u011fukla ve umutsuzlukla sava\u015fan bedeni ranzas\u0131nda tir tir titrerken, ona yard\u0131m elini uzatan ranza arkada\u015f\u0131 Sofie olur.Sofie de Auschwitz\u2019e o\u011flunu bulabilmek umuduyla gelmi\u015ftir. Art\u0131k bu iki kad\u0131n, bu cehennemde umutlar\u0131na ve hayallerine birlikte tutunacak, d\u00fc\u015fmanla dost olmak anlam\u0131na gelse bile birbirlerini kollayacakt\u0131r. Fakat Eva\u2019n\u0131n bir mucize eseri hamile kalmas\u0131yla ikisinin de hayatlar\u0131 tehlikeye girer. Bundan b\u00f6yle tek bir ama\u00e7lar\u0131 vard\u0131r: Kendilerini olmasa bile \u00e7ocuklar\u0131n\u0131 koruyabilmek ve onlar g\u00f6\u00e7\u00fcp gitse bile hik\u00e2yelerini t\u00fcm d\u00fcnyaya anlatmalar\u0131n\u0131 sa\u011flamak.Ger\u00e7ek hayatlardan uyarlanan hik\u00e2yesiyle Kara D\u00fc\u015fen Ay I\u015f\u0131\u011f\u0131, \u00f6l\u00fcmle ya\u015fam aras\u0131ndaki o ince \u00e7izgi \u00fczerinde dans edenlerin y\u00fcrek burkan \u00f6yk\u00fcs\u00fc.<\/p>\n","protected":false},"excerpt":{"rendered":"<p>Umut nedir, neye benzer? En dipte oldu\u011funuz anda hayata tutunman\u0131z\u0131 sa\u011flayacak bir ip midir yoksa en karanl\u0131k gecelerde bile kara aksini d\u00fc\u015f\u00fcren bir ay \u0131\u015f\u0131\u011f\u0131 m\u0131?Eva<span class=\"excerpt-hellip\"> [\u2026]<\/span><\/p>\n","protected":false},"featured_media":0,"template":"","meta":{"_monsterinsights_skip_tracking":false,"_monsterinsights_sitenote_active":false,"_monsterinsights_sitenote_note":"","_monsterinsights_sitenote_category":0},"product_brand":[],"product_cat":[12291,12711],"product_tag":[],"class_list":{"0":"post-726097","1":"product","2":"type-product","3":"status-publish","5":"product_cat-edebiyat","6":"product_cat-roman-oyku","7":"pa_cilt-ciltsiz","8":"pa_tur-kitap","9":"pa_yayinevi-arkadya-yayinlari","10":"pa_yazar-lily-graham","12":"first","13":"instock","14":"sale","15":"shipping-taxable","16":"purchasable","17":"product-type-simple"},"_links":{"self":[{"href":"https:\/\/roveyayinevi.com.tr\/index.php\/wp-json\/wp\/v2\/product\/726097","targetHints":{"allow":["GET"]}}],"collection":[{"href":"https:\/\/roveyayinevi.com.tr\/index.php\/wp-json\/wp\/v2\/product"}],"about":[{"href":"https:\/\/roveyayinevi.com.tr\/index.php\/wp-json\/wp\/v2\/types\/product"}],"wp:attachment":[{"href":"https:\/\/roveyayinevi.com.tr\/index.php\/wp-json\/wp\/v2\/media?parent=726097"}],"wp:term":[{"taxonomy":"product_brand","embeddable":true,"href":"https:\/\/roveyayinevi.com.tr\/index.php\/wp-json\/wp\/v2\/product_brand?post=726097"},{"taxonomy":"product_cat","embeddable":true,"href":"https:\/\/roveyayinevi.com.tr\/index.php\/wp-json\/wp\/v2\/product_cat?post=726097"},{"taxonomy":"product_tag","embeddable":true,"href":"https:\/\/roveyayinevi.com.tr\/index.php\/wp-json\/wp\/v2\/product_tag?post=726097"}],"curies":[{"name":"wp","href":"https:\/\/api.w.org\/{rel}","templated":true}]}}