{"id":726096,"date":"2025-08-27T20:01:06","date_gmt":"2025-08-27T17:01:06","guid":{"rendered":"https:\/\/roveyayinevi.com.tr\/index.php\/urun\/sessizligin-ote-yani\/"},"modified":"2026-04-16T02:33:59","modified_gmt":"2026-04-15T23:33:59","slug":"sessizligin-ote-yani","status":"publish","type":"product","link":"https:\/\/roveyayinevi.com.tr\/index.php\/urun\/sessizligin-ote-yani\/","title":{"rendered":"Sessizli\u011fin \u00d6te Yan\u0131"},"content":{"rendered":"<p>Hayat\u0131 ba\u015fka insanlar\u0131n ruhlar\u0131n\u0131 iyile\u015ftirmekle ge\u00e7en psikiyatrist Linda Gask, depresyon konusunda bir uzman olman\u0131n depresyona kar\u015f\u0131 ba\u011f\u0131\u015f\u0131kl\u0131k geli\u015ftirmek anlam\u0131na gelmedi\u011finin fark\u0131nda. Onun da kendine dikkat etmesi, kendi ge\u00e7mi\u015fiyle y\u00fczle\u015fmesi, kendi depresyonuyla m\u00fccadele etmesi gerekiyor.Linda \u00f6zenle yaz\u0131lm\u0131\u015f bu kitab\u0131nda dan\u0131\u015fanlar\u0131n\u0131n hik\u00e2yelerine kendi hik\u00e2yesini de dahil ederek okuru korkular, kay\u0131plar, yaln\u0131zl\u0131k, ba\u011f\u0131ml\u0131l\u0131k ve kederin yol a\u00e7t\u0131\u011f\u0131 problemlerin oldu\u011fu bir d\u00fcnyaya g\u00f6t\u00fcr\u00fcyor. Bir yandan depresyon denen zorlu hastal\u0131\u011f\u0131n ne demek oldu\u011funu, nas\u0131l hissettirdi\u011fini anlat\u0131p psikoterapi ve ila\u00e7lar\u0131n \u00f6neminden bahsederken bir yandan da bu hastal\u0131kla bo\u011fu\u015fanlara ve yak\u0131nlar\u0131na umut oluyor.<\/p>\n","protected":false},"excerpt":{"rendered":"<p>Hayat\u0131 ba\u015fka insanlar\u0131n ruhlar\u0131n\u0131 iyile\u015ftirmekle ge\u00e7en psikiyatrist Linda Gask, depresyon konusunda bir uzman olman\u0131n depresyona kar\u015f\u0131 ba\u011f\u0131\u015f\u0131kl\u0131k geli\u015ftirmek anlam\u0131na gelmedi\u011finin fark\u0131nda. Onun da kendine dikkat etmesi,<span class=\"excerpt-hellip\"> [\u2026]<\/span><\/p>\n","protected":false},"featured_media":0,"template":"","meta":{"_monsterinsights_skip_tracking":false,"_monsterinsights_sitenote_active":false,"_monsterinsights_sitenote_note":"","_monsterinsights_sitenote_category":0},"product_brand":[],"product_cat":[12358,12357],"product_tag":[],"class_list":{"0":"post-726096","1":"product","2":"type-product","3":"status-publish","5":"product_cat-genel-psikoloji","6":"product_cat-psikoloji","7":"pa_cilt-ciltsiz","8":"pa_tur-kitap","9":"pa_yayinevi-hep-kitap","10":"pa_yazar-linda-gask","12":"first","13":"instock","14":"sale","15":"shipping-taxable","16":"purchasable","17":"product-type-simple"},"_links":{"self":[{"href":"https:\/\/roveyayinevi.com.tr\/index.php\/wp-json\/wp\/v2\/product\/726096","targetHints":{"allow":["GET"]}}],"collection":[{"href":"https:\/\/roveyayinevi.com.tr\/index.php\/wp-json\/wp\/v2\/product"}],"about":[{"href":"https:\/\/roveyayinevi.com.tr\/index.php\/wp-json\/wp\/v2\/types\/product"}],"wp:attachment":[{"href":"https:\/\/roveyayinevi.com.tr\/index.php\/wp-json\/wp\/v2\/media?parent=726096"}],"wp:term":[{"taxonomy":"product_brand","embeddable":true,"href":"https:\/\/roveyayinevi.com.tr\/index.php\/wp-json\/wp\/v2\/product_brand?post=726096"},{"taxonomy":"product_cat","embeddable":true,"href":"https:\/\/roveyayinevi.com.tr\/index.php\/wp-json\/wp\/v2\/product_cat?post=726096"},{"taxonomy":"product_tag","embeddable":true,"href":"https:\/\/roveyayinevi.com.tr\/index.php\/wp-json\/wp\/v2\/product_tag?post=726096"}],"curies":[{"name":"wp","href":"https:\/\/api.w.org\/{rel}","templated":true}]}}