{"id":726094,"date":"2025-08-27T20:01:04","date_gmt":"2025-08-27T17:01:04","guid":{"rendered":"https:\/\/roveyayinevi.com.tr\/index.php\/urun\/bugu\/"},"modified":"2026-04-16T02:33:59","modified_gmt":"2026-04-15T23:33:59","slug":"bugu","status":"publish","type":"product","link":"https:\/\/roveyayinevi.com.tr\/index.php\/urun\/bugu\/","title":{"rendered":"Bu\u011fu"},"content":{"rendered":"<p>Bu\u011fulu g\u00f6zlerleBu\u011fulu penceredeBakarken y\u0131ld\u0131zlaraUtanacaklar sendeVazoda boynu b\u00fck\u00fckYaln\u0131z bir \u00e7i\u00e7ekHa \u00f6ld\u00fc ha \u00f6lecekO da gidince bendenBenimle kim dertle\u015fecek***\u015eair Hamdi Dilmen bu sat\u0131rlar\u0131 ya\u015fam\u0131 i\u00e7erisinde esinlendi\u011fi anlarda yazm\u0131\u015ft\u0131r. <\/p>\n","protected":false},"excerpt":{"rendered":"<p>Bu\u011fulu g\u00f6zlerleBu\u011fulu penceredeBakarken y\u0131ld\u0131zlaraUtanacaklar sendeVazoda boynu b\u00fck\u00fckYaln\u0131z bir \u00e7i\u00e7ekHa \u00f6ld\u00fc ha \u00f6lecekO da gidince bendenBenimle kim dertle\u015fecek***\u015eair Hamdi Dilmen bu sat\u0131rlar\u0131 ya\u015fam\u0131 i\u00e7erisinde esinlendi\u011fi anlarda yazm\u0131\u015ft\u0131r.<\/p>\n","protected":false},"featured_media":0,"template":"","meta":{"_monsterinsights_skip_tracking":false,"_monsterinsights_sitenote_active":false,"_monsterinsights_sitenote_note":"","_monsterinsights_sitenote_category":0},"product_brand":[],"product_cat":[12291,12509],"product_tag":[],"class_list":{"0":"post-726094","1":"product","2":"type-product","3":"status-publish","5":"product_cat-edebiyat","6":"product_cat-siir","7":"pa_cilt-ciltsiz","8":"pa_tur-kitap","9":"pa_yayinevi-vaveyla-yayincilik","10":"pa_yazar-hamdi-dilmen","12":"first","13":"instock","14":"sale","15":"shipping-taxable","16":"purchasable","17":"product-type-simple"},"_links":{"self":[{"href":"https:\/\/roveyayinevi.com.tr\/index.php\/wp-json\/wp\/v2\/product\/726094","targetHints":{"allow":["GET"]}}],"collection":[{"href":"https:\/\/roveyayinevi.com.tr\/index.php\/wp-json\/wp\/v2\/product"}],"about":[{"href":"https:\/\/roveyayinevi.com.tr\/index.php\/wp-json\/wp\/v2\/types\/product"}],"wp:attachment":[{"href":"https:\/\/roveyayinevi.com.tr\/index.php\/wp-json\/wp\/v2\/media?parent=726094"}],"wp:term":[{"taxonomy":"product_brand","embeddable":true,"href":"https:\/\/roveyayinevi.com.tr\/index.php\/wp-json\/wp\/v2\/product_brand?post=726094"},{"taxonomy":"product_cat","embeddable":true,"href":"https:\/\/roveyayinevi.com.tr\/index.php\/wp-json\/wp\/v2\/product_cat?post=726094"},{"taxonomy":"product_tag","embeddable":true,"href":"https:\/\/roveyayinevi.com.tr\/index.php\/wp-json\/wp\/v2\/product_tag?post=726094"}],"curies":[{"name":"wp","href":"https:\/\/api.w.org\/{rel}","templated":true}]}}