{"id":726092,"date":"2025-08-27T20:01:02","date_gmt":"2025-08-27T17:01:02","guid":{"rendered":"https:\/\/roveyayinevi.com.tr\/index.php\/urun\/kapitalizmi-kurtarmak\/"},"modified":"2026-04-16T02:33:59","modified_gmt":"2026-04-15T23:33:59","slug":"kapitalizmi-kurtarmak","status":"publish","type":"product","link":"https:\/\/roveyayinevi.com.tr\/index.php\/urun\/kapitalizmi-kurtarmak\/","title":{"rendered":"Kapitalizmi Kurtarmak"},"content":{"rendered":"<p>Bir \u00f6\u011fretmenin, bir f\u0131r\u0131nc\u0131n\u0131n veya bir tamircinin gelirinin bir ev ve iki araba almaya ve ayn\u0131 zamanda bir aile ge\u00e7indirmeye yetti\u011fi zamanlar\u0131 hat\u0131rl\u0131yor musunuz?Robert Reich hat\u0131rl\u0131yor. Reich\u2019in babas\u0131 bir sat\u0131\u015f eleman\u0131yd\u0131 ve ailesi refah i\u00e7inde ya\u015fayacak gelire sahipti. Bug\u00fcnse orta s\u0131n\u0131f h\u0131zl\u0131 bir \u015fekilde yok oluyor. Son seksen y\u0131lda Amerika\u2019n\u0131n gelir ve servet da\u011f\u0131l\u0131m\u0131n\u0131n adaletsizli\u011fi en y\u00fcksek seviyeye ula\u015fm\u0131\u015f durumda. Robert Reich, kapitalizme y\u00f6nelik olu\u015fan tehdidin sebebinin art\u0131k ne sosyalizm ne de fa\u015fizm oldu\u011funu s\u00f6yl\u00fcyor; tehdit, modern toplumlar\u0131n ihtiyac\u0131 olan denge ve b\u00fcy\u00fcmeye y\u00f6nelik g\u00fcvenin s\u00fcrekli olarak alt\u0131n\u0131n de\u015filmesidir.<\/p>\n","protected":false},"excerpt":{"rendered":"<p>Bir \u00f6\u011fretmenin, bir f\u0131r\u0131nc\u0131n\u0131n veya bir tamircinin gelirinin bir ev ve iki araba almaya ve ayn\u0131 zamanda bir aile ge\u00e7indirmeye yetti\u011fi zamanlar\u0131 hat\u0131rl\u0131yor musunuz?Robert Reich hat\u0131rl\u0131yor.<span class=\"excerpt-hellip\"> [\u2026]<\/span><\/p>\n","protected":false},"featured_media":0,"template":"","meta":{"_monsterinsights_skip_tracking":false,"_monsterinsights_sitenote_active":false,"_monsterinsights_sitenote_note":"","_monsterinsights_sitenote_category":0},"product_brand":[],"product_cat":[13059,12337],"product_tag":[],"class_list":{"0":"post-726092","1":"product","2":"type-product","3":"status-publish","5":"product_cat-diger-politika-siyaset","6":"product_cat-politika-siyaset","7":"pa_cilt-ciltsiz","8":"pa_tur-kitap","9":"pa_yayinevi-efil-yayinevi","10":"pa_yazar-robert-b-reich","12":"first","13":"instock","14":"sale","15":"shipping-taxable","16":"purchasable","17":"product-type-simple"},"_links":{"self":[{"href":"https:\/\/roveyayinevi.com.tr\/index.php\/wp-json\/wp\/v2\/product\/726092","targetHints":{"allow":["GET"]}}],"collection":[{"href":"https:\/\/roveyayinevi.com.tr\/index.php\/wp-json\/wp\/v2\/product"}],"about":[{"href":"https:\/\/roveyayinevi.com.tr\/index.php\/wp-json\/wp\/v2\/types\/product"}],"wp:attachment":[{"href":"https:\/\/roveyayinevi.com.tr\/index.php\/wp-json\/wp\/v2\/media?parent=726092"}],"wp:term":[{"taxonomy":"product_brand","embeddable":true,"href":"https:\/\/roveyayinevi.com.tr\/index.php\/wp-json\/wp\/v2\/product_brand?post=726092"},{"taxonomy":"product_cat","embeddable":true,"href":"https:\/\/roveyayinevi.com.tr\/index.php\/wp-json\/wp\/v2\/product_cat?post=726092"},{"taxonomy":"product_tag","embeddable":true,"href":"https:\/\/roveyayinevi.com.tr\/index.php\/wp-json\/wp\/v2\/product_tag?post=726092"}],"curies":[{"name":"wp","href":"https:\/\/api.w.org\/{rel}","templated":true}]}}