{"id":726091,"date":"2025-08-27T20:01:02","date_gmt":"2025-08-27T17:01:02","guid":{"rendered":"https:\/\/roveyayinevi.com.tr\/index.php\/urun\/normalin-sonu\/"},"modified":"2026-04-16T02:33:59","modified_gmt":"2026-04-15T23:33:59","slug":"normalin-sonu","status":"publish","type":"product","link":"https:\/\/roveyayinevi.com.tr\/index.php\/urun\/normalin-sonu\/","title":{"rendered":"Normalin Sonu"},"content":{"rendered":"<p>Zaman\u0131m\u0131z\u0131n en sayg\u0131de\u011fer iktisadi d\u00fc\u015f\u00fcn\u00fcrlerinin ve yazarlar\u0131n\u0131n birinden, ekonomik b\u00fcy\u00fcmenin ge\u00e7mi\u015fi ve gelece\u011fi \u00fczerine k\u0131\u015fk\u0131rt\u0131c\u0131 bir arg\u00fcman.B\u00dcY\u00dcK 2008 KR\u0130Z\u0130\u2019NDEN SONRAK\u0130 YILLARDA yava\u015f b\u00fcy\u00fcme, y\u00fcksek i\u015fsizlik, d\u00fc\u015fen ev fiyatlar\u0131, kronik b\u00fct\u00e7e a\u00e7\u0131klar\u0131, Avrupa\u2019da derinle\u015fen bir ekonomik felaket ve bir taraf\u0131nda \u201ckemer s\u0131kma\u201d di\u011fer taraf\u0131nda \u201cte\u015fvik\u201d bulunan iki yanl\u0131\u015f \u00e7\u00f6z\u00fcm\u00fcn aras\u0131nda bayat bir arg\u00fcman tart\u0131\u015f\u0131lmaktad\u0131r. 1950\u2019lerden 2000\u2019e kadar s\u00fcregelen ekonomik b\u00fcy\u00fcme hik\u00e2yesi, \u2013sadece 1970\u2019lerde kesintiye u\u011fram\u0131\u015f bir \u015fekilde\u2013 \u201cnormal\u201d olarak bilineni temsil etmektedir. Bu pencereden bak\u0131ld\u0131\u011f\u0131nda kriz, k\u00f6t\u00fc politikalar veya k\u00f6t\u00fc insanlar taraf\u0131ndan yarat\u0131lm\u0131\u015ft\u0131r ve ortaya \u00e7\u0131k\u0131\u015f sebebinin d\u00fczeltilmesiyle tamamen iyile\u015fmesi beklenmektedir.Normalin Sonu, bu bak\u0131\u015f a\u00e7\u0131s\u0131na meydan okumaktad\u0131r. Krizi bir perspektif i\u00e7ine alarak, k\u00fcresel iktisadi tarihi geriye do\u011fru takip etmekte ve \u201cnormalin sonu\u201dnu i\u015faret eden d\u00f6rt etkene bakmaktad\u0131r: Kaynaklar\u0131n maliyetlerinin artmas\u0131; art\u0131k a\u00e7\u0131kl\u0131\u011fa kavu\u015fmu\u015f olan, askeri kuvvetin gereksizli\u011fi; dijital devrimin i\u015fg\u00fcc\u00fc tasarrufu getiren sonu\u00e7lar\u0131; finans sekt\u00f6r\u00fcndeki kanuni ve ahlaki \u00e7\u00f6k\u00fc\u015f. B\u00fcy\u00fck Kriz, artan dengesiz iktisadi ko\u015fullar\u0131n barometresi olan ve zor zamanlarda kaliteli ya\u015fam sa\u011flaman\u0131n g\u00fc\u00e7l\u00fcklerini g\u00f6steren bir d\u00f6n\u00fcm noktas\u0131 olarak g\u00f6r\u00fclmelidir.<\/p>\n","protected":false},"excerpt":{"rendered":"<p>Zaman\u0131m\u0131z\u0131n en sayg\u0131de\u011fer iktisadi d\u00fc\u015f\u00fcn\u00fcrlerinin ve yazarlar\u0131n\u0131n birinden, ekonomik b\u00fcy\u00fcmenin ge\u00e7mi\u015fi ve gelece\u011fi \u00fczerine k\u0131\u015fk\u0131rt\u0131c\u0131 bir arg\u00fcman.B\u00dcY\u00dcK 2008 KR\u0130Z\u0130\u2019NDEN SONRAK\u0130 YILLARDA yava\u015f b\u00fcy\u00fcme, y\u00fcksek i\u015fsizlik, d\u00fc\u015fen<span class=\"excerpt-hellip\"> [\u2026]<\/span><\/p>\n","protected":false},"featured_media":0,"template":"","meta":{"_monsterinsights_skip_tracking":false,"_monsterinsights_sitenote_active":false,"_monsterinsights_sitenote_note":"","_monsterinsights_sitenote_category":0},"product_brand":[],"product_cat":[20333,13043],"product_tag":[],"class_list":{"0":"post-726091","1":"product","2":"type-product","3":"status-publish","5":"product_cat-diger-ekonomi","6":"product_cat-ekonomi","7":"pa_cilt-ciltsiz","8":"pa_tur-kitap","9":"pa_yayinevi-efil-yayinevi","10":"pa_yazar-james-k-galbraith","12":"first","13":"instock","14":"sale","15":"shipping-taxable","16":"purchasable","17":"product-type-simple"},"_links":{"self":[{"href":"https:\/\/roveyayinevi.com.tr\/index.php\/wp-json\/wp\/v2\/product\/726091","targetHints":{"allow":["GET"]}}],"collection":[{"href":"https:\/\/roveyayinevi.com.tr\/index.php\/wp-json\/wp\/v2\/product"}],"about":[{"href":"https:\/\/roveyayinevi.com.tr\/index.php\/wp-json\/wp\/v2\/types\/product"}],"wp:attachment":[{"href":"https:\/\/roveyayinevi.com.tr\/index.php\/wp-json\/wp\/v2\/media?parent=726091"}],"wp:term":[{"taxonomy":"product_brand","embeddable":true,"href":"https:\/\/roveyayinevi.com.tr\/index.php\/wp-json\/wp\/v2\/product_brand?post=726091"},{"taxonomy":"product_cat","embeddable":true,"href":"https:\/\/roveyayinevi.com.tr\/index.php\/wp-json\/wp\/v2\/product_cat?post=726091"},{"taxonomy":"product_tag","embeddable":true,"href":"https:\/\/roveyayinevi.com.tr\/index.php\/wp-json\/wp\/v2\/product_tag?post=726091"}],"curies":[{"name":"wp","href":"https:\/\/api.w.org\/{rel}","templated":true}]}}