{"id":726090,"date":"2025-08-27T20:01:01","date_gmt":"2025-08-27T17:01:01","guid":{"rendered":"https:\/\/roveyayinevi.com.tr\/index.php\/urun\/ozguven-tuzagi\/"},"modified":"2026-04-16T02:33:59","modified_gmt":"2026-04-15T23:33:59","slug":"ozguven-tuzagi","status":"publish","type":"product","link":"https:\/\/roveyayinevi.com.tr\/index.php\/urun\/ozguven-tuzagi\/","title":{"rendered":"\u00d6zg\u00fcven Tuza\u011f\u0131"},"content":{"rendered":"<p>2008 K\u00fcresel Finansal Krizi her ne kadar finans ya da kapitalizmin krizi olsa da, bir demokrasi krizi olarak da tan\u0131mlanabilir. Runciman, bu kitab\u0131nda demokrasi krizlerini, belli d\u00f6nemlerde ya\u015fanan olaylarla ili\u015fkilendirerek aktar\u0131yor. \u00d6rne\u011fin, 1918\u2019de, 1. D\u00fcnya Sava\u015f\u0131\u2019n\u0131n etkisiyle ya\u015fanan ve 1933\u2019te B\u00fcy\u00fck Bunal\u0131m\u2019\u0131n atlat\u0131ld\u0131\u011f\u0131 y\u0131llarda etkisini hissettiren demokrasi krizleri gibi. Runciman, demokrasileri neyin krize s\u00fcr\u00fckledi\u011fini ve bu krizlerden nas\u0131l ka\u00e7\u0131nabileceklerini tart\u0131\u015f\u0131yor. Bununla birlikte alternatif y\u00f6netim bi\u00e7imlerini de irdeliyor. David Runciman\u2019\u0131n geni\u015f kitlelerde merak uyand\u0131ran, bug\u00fcne kadar yazd\u0131\u011f\u0131 en iyi ve en \u00f6zg\u00fcn kitab\u0131: Cesur, a\u00e7\u0131k, \u015fa\u015f\u0131rt\u0131c\u0131 derecede bilgilendirici ve her sat\u0131r\u0131yla m\u00fckemmel. Runciman\u2019\u0131n ek\u00fcmenik merak\u0131, ilgi \u00e7ekici oldu\u011fu kadar sakinle\u015ftirici bir \u015fekilde sizi zahmetsiz bir okumayla bulu\u015fturuyor ve okumay\u0131 bitirdikten sonra \u00fczerine uzun s\u00fcre d\u00fc\u015f\u00fcnmenizi sa\u011fl\u0131yor.-Ian Shapiro, The Real World of Democratic Theory\u2019nin yazar\u0131.\u00d6zg\u00fcven Tuza\u011f\u0131\u2019n\u0131n d\u00fc\u015f\u00fcnd\u00fcr\u00fcc\u00fc analitik tarihi, demokrasinin ge\u00e7mi\u015f y\u00fczy\u0131lda sorumlu tutuldu\u011fu tekrarlanan krizleri ve derin ba\u015far\u0131lar\u0131n\u0131 ayd\u0131nlat\u0131yor. Bu huzursuz anlar\u0131 isabetli bir \u015fekilde yorumlayan; hayatta kalma ve \u00e7are bulman\u0131n engebeli yollar\u0131n\u0131 takip eden bu zengin ve \u00f6nemli kitap, demokrasilerin b\u00fcy\u00fck iktisadi, jeopolitik ve \u00e7evresel sorunlar\u0131n\u0131 anlamam\u0131z\u0131, hatta a\u015fmam\u0131z\u0131 sa\u011fl\u0131yor.-Ira Katznelson, Fear Itself: The New Deal and the Origins of Our Time\u2019\u0131n yazar\u0131.David Runciman bu kitab\u0131, yirmi birinci y\u00fczy\u0131lda demokrasiye y\u00f6nelik k\u00fcresel beklentilerimizi bulabilece\u011fimiz en \u00f6zg\u00fcn rehber olarak bizlere sunuyor.-Melissa Lane, Princeton \u00dcniversitesi<\/p>\n","protected":false},"excerpt":{"rendered":"<p>2008 K\u00fcresel Finansal Krizi her ne kadar finans ya da kapitalizmin krizi olsa da, bir demokrasi krizi olarak da tan\u0131mlanabilir. Runciman, bu kitab\u0131nda demokrasi krizlerini, belli<span class=\"excerpt-hellip\"> [\u2026]<\/span><\/p>\n","protected":false},"featured_media":0,"template":"","meta":{"_monsterinsights_skip_tracking":false,"_monsterinsights_sitenote_active":false,"_monsterinsights_sitenote_note":"","_monsterinsights_sitenote_category":0},"product_brand":[],"product_cat":[12304,13493],"product_tag":[],"class_list":{"0":"post-726090","1":"product","2":"type-product","3":"status-publish","5":"product_cat-tarih","6":"product_cat-turkiye-ve-cumhuriyet-tarihi","7":"pa_cilt-ciltsiz","8":"pa_tur-kitap","9":"pa_yayinevi-efil-yayinevi","10":"pa_yazar-david-runciman","12":"first","13":"instock","14":"sale","15":"shipping-taxable","16":"purchasable","17":"product-type-simple"},"_links":{"self":[{"href":"https:\/\/roveyayinevi.com.tr\/index.php\/wp-json\/wp\/v2\/product\/726090","targetHints":{"allow":["GET"]}}],"collection":[{"href":"https:\/\/roveyayinevi.com.tr\/index.php\/wp-json\/wp\/v2\/product"}],"about":[{"href":"https:\/\/roveyayinevi.com.tr\/index.php\/wp-json\/wp\/v2\/types\/product"}],"wp:attachment":[{"href":"https:\/\/roveyayinevi.com.tr\/index.php\/wp-json\/wp\/v2\/media?parent=726090"}],"wp:term":[{"taxonomy":"product_brand","embeddable":true,"href":"https:\/\/roveyayinevi.com.tr\/index.php\/wp-json\/wp\/v2\/product_brand?post=726090"},{"taxonomy":"product_cat","embeddable":true,"href":"https:\/\/roveyayinevi.com.tr\/index.php\/wp-json\/wp\/v2\/product_cat?post=726090"},{"taxonomy":"product_tag","embeddable":true,"href":"https:\/\/roveyayinevi.com.tr\/index.php\/wp-json\/wp\/v2\/product_tag?post=726090"}],"curies":[{"name":"wp","href":"https:\/\/api.w.org\/{rel}","templated":true}]}}