{"id":726087,"date":"2025-08-27T20:00:59","date_gmt":"2025-08-27T17:00:59","guid":{"rendered":"https:\/\/roveyayinevi.com.tr\/index.php\/urun\/komintern-belgelerinde-turkiye-ciltli\/"},"modified":"2026-04-16T02:33:59","modified_gmt":"2026-04-15T23:33:59","slug":"komintern-belgelerinde-turkiye-ciltli","status":"publish","type":"product","link":"https:\/\/roveyayinevi.com.tr\/index.php\/urun\/komintern-belgelerinde-turkiye-ciltli\/","title":{"rendered":"Komintern Belgelerinde T\u00fcrkiye ( C\u0130ltli )"},"content":{"rendered":"<p>Dr. Do\u011fu Perin\u00e7ek, Kom\u00fcnist Enternasyonal\u2019in 1919 y\u0131l\u0131ndan 1943\u2019e kadar \u00e7\u0131kard\u0131\u011f\u0131 b\u00fct\u00fcn Almanca yay\u0131nlar\u0131, kongre tutanaklar\u0131n\u0131, kararlar\u0131, raporlar\u0131 ve di\u011fer belgeleri tarayarak, T\u00fcrkiye \u00fczerine kaleme al\u0131nm\u0131\u015f metinleri ve konu\u015fmalar\u0131 \u201cKomintern Belgelerinde T\u00fcrkiye\u201d ba\u015fl\u0131\u011f\u0131 alt\u0131nda bir araya getirdi. Belgelerin Frans\u0131zca kaynaklar \u00fczerinden de kontrol edildi\u011fi titiz bir \u00e7al\u0131\u015fman\u0131n \u00fcr\u00fcn\u00fc olan \u201cKomintern Belgelerinde T\u00fcrkiye\u201d, Kom\u00fcnist Enternasyonal\u2019in T\u00fcrkiye\u2019ye bak\u0131\u015f\u0131n\u0131 sergileyen benzersiz bir \u00e7al\u0131\u015fma.Daha \u00f6nce be\u015f ayr\u0131 kitap halinde yay\u0131mlanm\u0131\u015f belgeler tek ciltte toplanarak d\u00fcnya ve T\u00fcrkiye kom\u00fcnist hareketi a\u00e7\u0131s\u0131ndan oldu\u011fu kadar Kurtulu\u015f Sava\u015f\u0131 ve Gen\u00e7 Cumhuriyetimiz a\u00e7\u0131s\u0131ndan da 680 sayfal\u0131k son derece ayd\u0131nlat\u0131c\u0131 ve \u00f6\u011fretici bir toplam olu\u015fturuyor.Kitapta yer alan ba\u015fl\u0131ca konular \u015f\u00f6yle s\u0131ralan\u0131yor:-Do\u011fu Sorunu, Kurtulu\u015f Sava\u015f\u0131 ve Lozan-Emperyalizm ve Yeni T\u00fcrkiye-Komintern\u2019de T\u00fcrkiye Kom\u00fcnistleri-Kemalist Devrim ve T\u00fcrkiye K\u00f6yl\u00fcs\u00fc-T\u00fcrkiye\u2019de \u0130\u015f\u00e7i S\u0131n\u0131f\u0131 ve Kom\u00fcnist Hareket-Kemalistlerin Sovyetler Birli\u011fi\u2019ne Kar\u015f\u0131 Tutumu-Gerici ve B\u00f6l\u00fcc\u00fc Ayaklanmalar-T\u00fcrkiye\u2019de Kad\u0131nlar\u0131n Uyan\u0131\u015f\u0131<\/p>\n","protected":false},"excerpt":{"rendered":"<p>Dr. Do\u011fu Perin\u00e7ek, Kom\u00fcnist Enternasyonal\u2019in 1919 y\u0131l\u0131ndan 1943\u2019e kadar \u00e7\u0131kard\u0131\u011f\u0131 b\u00fct\u00fcn Almanca yay\u0131nlar\u0131, kongre tutanaklar\u0131n\u0131, kararlar\u0131, raporlar\u0131 ve di\u011fer belgeleri tarayarak, T\u00fcrkiye \u00fczerine kaleme al\u0131nm\u0131\u015f metinleri<span class=\"excerpt-hellip\"> [\u2026]<\/span><\/p>\n","protected":false},"featured_media":0,"template":"","meta":{"_monsterinsights_skip_tracking":false,"_monsterinsights_sitenote_active":false,"_monsterinsights_sitenote_note":"","_monsterinsights_sitenote_category":0},"product_brand":[],"product_cat":[12337,14543],"product_tag":[],"class_list":{"0":"post-726087","1":"product","2":"type-product","3":"status-publish","5":"product_cat-politika-siyaset","6":"product_cat-turkiye-siyaseti-ve-politikasi","7":"pa_cilt-ciltli","8":"pa_tur-kitap","9":"pa_yayinevi-kaynak-yayinlari","10":"pa_yazar-dogu-perincek","12":"first","13":"instock","14":"sale","15":"shipping-taxable","16":"purchasable","17":"product-type-simple"},"_links":{"self":[{"href":"https:\/\/roveyayinevi.com.tr\/index.php\/wp-json\/wp\/v2\/product\/726087","targetHints":{"allow":["GET"]}}],"collection":[{"href":"https:\/\/roveyayinevi.com.tr\/index.php\/wp-json\/wp\/v2\/product"}],"about":[{"href":"https:\/\/roveyayinevi.com.tr\/index.php\/wp-json\/wp\/v2\/types\/product"}],"wp:attachment":[{"href":"https:\/\/roveyayinevi.com.tr\/index.php\/wp-json\/wp\/v2\/media?parent=726087"}],"wp:term":[{"taxonomy":"product_brand","embeddable":true,"href":"https:\/\/roveyayinevi.com.tr\/index.php\/wp-json\/wp\/v2\/product_brand?post=726087"},{"taxonomy":"product_cat","embeddable":true,"href":"https:\/\/roveyayinevi.com.tr\/index.php\/wp-json\/wp\/v2\/product_cat?post=726087"},{"taxonomy":"product_tag","embeddable":true,"href":"https:\/\/roveyayinevi.com.tr\/index.php\/wp-json\/wp\/v2\/product_tag?post=726087"}],"curies":[{"name":"wp","href":"https:\/\/api.w.org\/{rel}","templated":true}]}}