{"id":726086,"date":"2025-08-27T20:00:59","date_gmt":"2025-08-27T17:00:59","guid":{"rendered":"https:\/\/roveyayinevi.com.tr\/index.php\/urun\/mukaddime-1-2\/"},"modified":"2026-04-16T02:33:59","modified_gmt":"2026-04-15T23:33:59","slug":"mukaddime-1-2","status":"publish","type":"product","link":"https:\/\/roveyayinevi.com.tr\/index.php\/urun\/mukaddime-1-2\/","title":{"rendered":"Mukaddime 1-2"},"content":{"rendered":"<p>\u0130bni Haldun\u2019un, \u0130slam d\u00fcnyas\u0131n\u0131n ilk sosyolojik eseri olarak kabul edilen \u00fcnl\u00fc Mukaddime\u2019si, Arap edebiyat\u0131nda, tarihi, \u00f6yk\u00fcc\u00fcl\u00fckten kurtarmak, muhakemeyi egemen k\u0131lmak ve tarihin yasalar\u0131n\u0131 ara\u015ft\u0131rmak \u00f6zellikleriyle bilinen, y\u00fczy\u0131llara dayanm\u0131\u015f, klasikle\u015fmi\u015f bir metin.Araplar\u0131 ele\u015ftiren ve T\u00fcrkleri \u00f6ven bak\u0131\u015f a\u00e7\u0131s\u0131yla dikkat \u00e7eken eserde \u0130bni Haldun, iktisadi ko\u015fullar\u0131n de\u011fi\u015fmesini, g\u00f6\u00e7ebelikten yerle\u015fik ya\u015fama ge\u00e7i\u015fi merkez alarak tarihe b\u00f6l\u00fcnmez bir b\u00fct\u00fcn olarak bak\u0131yor ve tarihsel bir y\u00f6ntem yarat\u0131yor.\u201cS\u00f6z\u00fcn \u00f6z\u00fc \u015fu ki bir toplumbilimci, \u00f6zg\u00fcr d\u00fc\u015f\u00fcnceli bir bilimadam\u0131 \u2018din\u2019 olay\u0131na nas\u0131l bak\u0131yorsa \u0130bni Haldun da \u00f6yle bak\u0131yor. \u00dcstelik \u0130bni Haldun, herhangi bir toplumbilimci ve bilimadam\u0131ndan da \u2018din\u2019i daha iyi biliyor.\u201d(Turan Dursun) ***B\u00fcy\u00fck d\u00fc\u015f\u00fcn\u00fcr \u0130bn-i Haldun&#8217;un Mukaddime&#8217;sinin bilim d\u00fcnyas\u0131na yapt\u0131g\u0131 katk\u0131, bug\u00fcn bile tart\u0131\u015f\u0131lamaz. Eserin bulunmas\u0131 ve \u00e7evrilmesi d\u00fcnyan\u0131n her yerinde \u00e7o\u015fkunlukla kar\u015f\u0131lanm\u0131\u015ft\u0131r.T\u00fcrkiye&#8217;de Ayd\u0131nlanma denince akla ilk olarak Turan Dursun gelir. Turan Dursun hem Mukaddime&#8217;yi en \u00f6zg\u00fcn kayna\u011f\u0131ndan \u00e7evirmi\u015ftir hem de esere okuru ayd\u0131nlat\u0131c\u0131 bir \u00f6ns\u00f6zle katk\u0131da bulunmu\u015ftur.Kaynak Yay\u0131nlar\u0131, Turan Dursun&#8217;un din ve toplum tarihi konusundaki derin bilgisinin yan\u0131 s\u0131ra, onun Arap tarihi ve dili konusundaki engin tecr\u00fcbesinin de bilincindedir. Bu nedenle Kaynak Yay\u0131nlar\u0131, Turan Dursun&#8217;un \u0130bni Haldun \u00e7evirisini eserlerinin aras\u0131na katt\u0131.<\/p>\n","protected":false},"excerpt":{"rendered":"<p>\u0130bni Haldun\u2019un, \u0130slam d\u00fcnyas\u0131n\u0131n ilk sosyolojik eseri olarak kabul edilen \u00fcnl\u00fc Mukaddime\u2019si, Arap edebiyat\u0131nda, tarihi, \u00f6yk\u00fcc\u00fcl\u00fckten kurtarmak, muhakemeyi egemen k\u0131lmak ve tarihin yasalar\u0131n\u0131 ara\u015ft\u0131rmak \u00f6zellikleriyle bilinen,<span class=\"excerpt-hellip\"> [\u2026]<\/span><\/p>\n","protected":false},"featured_media":0,"template":"","meta":{"_monsterinsights_skip_tracking":false,"_monsterinsights_sitenote_active":false,"_monsterinsights_sitenote_note":"","_monsterinsights_sitenote_category":0},"product_brand":[],"product_cat":[19998,12388],"product_tag":[],"class_list":{"0":"post-726086","1":"product","2":"type-product","3":"status-publish","5":"product_cat-din-felsefesi","6":"product_cat-felsefe","7":"pa_cilt-ciltsiz","8":"pa_tur-kitap","9":"pa_yayinevi-kaynak-yayinlari","10":"pa_yazar-ibni-haldun","12":"first","13":"instock","14":"sale","15":"shipping-taxable","16":"purchasable","17":"product-type-simple"},"_links":{"self":[{"href":"https:\/\/roveyayinevi.com.tr\/index.php\/wp-json\/wp\/v2\/product\/726086","targetHints":{"allow":["GET"]}}],"collection":[{"href":"https:\/\/roveyayinevi.com.tr\/index.php\/wp-json\/wp\/v2\/product"}],"about":[{"href":"https:\/\/roveyayinevi.com.tr\/index.php\/wp-json\/wp\/v2\/types\/product"}],"wp:attachment":[{"href":"https:\/\/roveyayinevi.com.tr\/index.php\/wp-json\/wp\/v2\/media?parent=726086"}],"wp:term":[{"taxonomy":"product_brand","embeddable":true,"href":"https:\/\/roveyayinevi.com.tr\/index.php\/wp-json\/wp\/v2\/product_brand?post=726086"},{"taxonomy":"product_cat","embeddable":true,"href":"https:\/\/roveyayinevi.com.tr\/index.php\/wp-json\/wp\/v2\/product_cat?post=726086"},{"taxonomy":"product_tag","embeddable":true,"href":"https:\/\/roveyayinevi.com.tr\/index.php\/wp-json\/wp\/v2\/product_tag?post=726086"}],"curies":[{"name":"wp","href":"https:\/\/api.w.org\/{rel}","templated":true}]}}