{"id":726085,"date":"2025-08-27T20:00:58","date_gmt":"2025-08-27T17:00:58","guid":{"rendered":"https:\/\/roveyayinevi.com.tr\/index.php\/urun\/kamu-politikalarinda-mali-ve-iktisadi-yapidaki-donusum-yerelden-globale-teori-beklentiler-ve-uygulama\/"},"modified":"2026-04-16T02:33:59","modified_gmt":"2026-04-15T23:33:59","slug":"kamu-politikalarinda-mali-ve-iktisadi-yapidaki-donusum-yerelden-globale-teori-beklentiler-ve-uygulama","status":"publish","type":"product","link":"https:\/\/roveyayinevi.com.tr\/index.php\/urun\/kamu-politikalarinda-mali-ve-iktisadi-yapidaki-donusum-yerelden-globale-teori-beklentiler-ve-uygulama\/","title":{"rendered":"Kamu Politikalar\u0131nda Mali ve \u0130ktisadi Yap\u0131daki D\u00f6n\u00fc\u015f\u00fcm: Yerelden Globale Teori, Beklentiler ve Uygulama"},"content":{"rendered":"<p>-Yerel Y\u00f6netimlerde Kaynak Finansman Modelinin Sosyo Ekonomik ve Politik Etkileri \u2013 Sinek K\u00e2\u011f\u0131d\u0131 Etkisi: T\u00fcrkiye De\u011ferlendirmesi &#8211;   Eren \u00c7a\u015fkurlu, G\u00f6khan \u00dcnalan -Faiz Oranlar\u0131n\u0131n Vade Yap\u0131s\u0131 Hakk\u0131nda Kavramsal \u00c7er\u00e7eve &#8211;  Osman T\u00fcz\u00fcn-T\u00fcrkiye\u2019de Sosyal G\u00fcvenli\u011fin Finansman: Sosyal G\u00fcvenlik Kurumu ve Mali Yap\u0131s\u0131 \u00dczerine Bir De\u011ferlendirme &#8211;  Altu\u011f Murat K\u00f6kta\u015f, Ali G\u00f6khan G\u00f6l\u00e7ek-Kamu Mali G\u00f6stergelerinin Birle\u015fmi\u015f Milletler S\u00fcrd\u00fcr\u00fclebilir Kalk\u0131nma Hedefleri \u0130\u00e7erisindeki Yeri: T\u00fcrkiye A\u00e7\u0131s\u0131ndan De\u011ferlendirilmesi &#8211;  Dilek G\u00f6ze Kaya, Ceyda \u015eataf-T\u00fcrkiye\u2019de \u0130novasyonu Belirleyen Fakt\u00f6rler: 5746 ve 4691 Say\u0131l\u0131 Kanunlar Kapsam\u0131nda Bir De\u011ferlendirme \u2013  Esra Do\u011fan-T\u00fcrkiye\u2019de Kamu Politikalar\u0131n\u0131n G\u00fcvenilirli\u011fi: Bankac\u0131l\u0131k Sekt\u00f6r\u00fcnde Dersler \u2013  Y\u0131ld\u0131r\u0131m Beyaz\u0131t \u00c7i\u00e7en -\u0130ktisadi Kalk\u0131nma Ekseninde T\u00fcrkiye\u2019de Ara\u015ft\u0131rma ve Geli\u015ftirme &#8211;  K\u00fcbra Sayaner, Erdo\u011fan Teyyare -D\u00fcnden Bug\u00fcne T\u00fcrkiye\u2019de D\u0131\u015f Bor\u00e7lanma &#8211;  Nergis \u00dcnl\u00fc, Hatice Armut\u00e7uo\u011flu Tekin -Kamu \u0130hale Sistemi ve T\u00fcm Y\u00f6nleri ile Dijital D\u00f6n\u00fc\u015f\u00fcm &#8211;  Kamil T\u00fc\u011fen, Bur\u00e7in Kaya -Osmanl\u0131 Mal\u00ee Sisteminde D\u00f6n\u00fc\u015f\u00fcm \u00c7abalar\u0131: 1908 \u2013 1918 \u0130ttihat ve Terakki D\u00f6nemi Mal\u00ee Politikalar\u0131 &#8211;  Mehmet \u00c7etin, Serdar Serdaro\u011flu -Kamunun Sosyal Harcamalar\u0131 \u00dczerine Kar\u015f\u0131la\u015ft\u0131rmal\u0131 Bir Analiz &#8211;  Cevat Tosun-Kamu Maliyesi Alan\u0131nda Devletin De\u011fi\u015fen Rol\u00fc: G20 \u00dclkeleri \u00dczerine Bir \u0130nceleme &#8211;  Mehmet Sad\u0131k Ayd\u0131n-Se\u00e7ilmi\u015f Geli\u015fmi\u015f \u00dclkelerde Mali Kural Uygulamalar\u0131  &#8211;  Esin Aslanay \u00d6zdemir, Ahmet \u0130nneci-K\u00fcreselle\u015fme S\u00fcreciyle Beraber Kamu Maliyesinde Uygulanan Politikalar &#8211;  Song\u00fcl Aky\u0131ld\u0131z-Uluslararas\u0131 Salg\u0131n Hastal\u0131klar\u0131n Kamu Maliyesi \u00dczerindeki Etkileri &#8211;  Mustafa Sakal, Burcu Durak Olda\u00e7-Avrupa Bor\u00e7 Krizi Kar\u015f\u0131s\u0131nda PHGS \u00dclkelerinin Ald\u0131klar\u0131 Mali Konsolidasyon Tedbirleri ve COV\u0130D 19 Salg\u0131n\u0131n\u0131n Olas\u0131 Etkileri &#8211;  \u00d6zg\u00fcr Sara\u00e7 -Yolsuzluk Ekonomi ve Devlet \u00dczerine Bir \u0130nceleme &#8211;  Sedef \u015een-Kooperatiflerin B\u00f6lge Ekonomileri \u00dczerindeki Rol\u00fc &#8211;  Cuma Demirta\u015f, Arif \u0130\u011fdeli-\u0130hale Usullerinin Da\u011f\u0131l\u0131m\u0131n\u0131n EKAP Kapsam\u0131nda De\u011ferlendirilmesi: Fethiye \u0130l\u00e7esi \u00d6rne\u011fi &#8211;  Kamil T\u00fc\u011fen, \u00d6znur Yuval\u0131-\u0130zmir \u0130li Sel\u00e7uk \u0130l\u00e7e Belediyesi\u2019nin 2014-2019 D\u00f6nemi Mali Yap\u0131s\u0131n\u0131n De\u011fi\u015fim Analizi &#8211;  Dahi Zeynel Bak\u0131c\u0131-T\u00fcrkiye\u2019nin Te\u015fvik Tarihi &#8211;  \u00d6zg\u00fcr \u015eahan-Savunma Harcamalar\u0131n\u0131n B\u00fct\u00e7edeki Pay\u0131 \u0130ktisadi B\u00fcy\u00fcmeyi Tetikler mi? E7 \u00dclkeleri \u00c7er\u00e7evesinde Bir Panel VAR Analizi &#8211;  Mehmet \u00d6zcan<\/p>\n","protected":false},"excerpt":{"rendered":"<p>-Yerel Y\u00f6netimlerde Kaynak Finansman Modelinin Sosyo Ekonomik ve Politik Etkileri \u2013 Sinek K\u00e2\u011f\u0131d\u0131 Etkisi: T\u00fcrkiye De\u011ferlendirmesi &#8211; Eren \u00c7a\u015fkurlu, G\u00f6khan \u00dcnalan -Faiz Oranlar\u0131n\u0131n Vade Yap\u0131s\u0131 Hakk\u0131nda<span class=\"excerpt-hellip\"> [\u2026]<\/span><\/p>\n","protected":false},"featured_media":0,"template":"","meta":{"_monsterinsights_skip_tracking":false,"_monsterinsights_sitenote_active":false,"_monsterinsights_sitenote_note":"","_monsterinsights_sitenote_category":0},"product_brand":[],"product_cat":[13043,14381],"product_tag":[],"class_list":{"0":"post-726085","1":"product","2":"type-product","3":"status-publish","5":"product_cat-ekonomi","6":"product_cat-isletme-muhasebe-maliye","7":"pa_cilt-ciltsiz","8":"pa_tur-kitap","9":"pa_yayinevi-gazi-kitabevi","10":"pa_yazar-sahin-karabulut","12":"first","13":"instock","14":"sale","15":"shipping-taxable","16":"purchasable","17":"product-type-simple"},"_links":{"self":[{"href":"https:\/\/roveyayinevi.com.tr\/index.php\/wp-json\/wp\/v2\/product\/726085","targetHints":{"allow":["GET"]}}],"collection":[{"href":"https:\/\/roveyayinevi.com.tr\/index.php\/wp-json\/wp\/v2\/product"}],"about":[{"href":"https:\/\/roveyayinevi.com.tr\/index.php\/wp-json\/wp\/v2\/types\/product"}],"wp:attachment":[{"href":"https:\/\/roveyayinevi.com.tr\/index.php\/wp-json\/wp\/v2\/media?parent=726085"}],"wp:term":[{"taxonomy":"product_brand","embeddable":true,"href":"https:\/\/roveyayinevi.com.tr\/index.php\/wp-json\/wp\/v2\/product_brand?post=726085"},{"taxonomy":"product_cat","embeddable":true,"href":"https:\/\/roveyayinevi.com.tr\/index.php\/wp-json\/wp\/v2\/product_cat?post=726085"},{"taxonomy":"product_tag","embeddable":true,"href":"https:\/\/roveyayinevi.com.tr\/index.php\/wp-json\/wp\/v2\/product_tag?post=726085"}],"curies":[{"name":"wp","href":"https:\/\/api.w.org\/{rel}","templated":true}]}}