{"id":726083,"date":"2025-08-27T20:00:56","date_gmt":"2025-08-27T17:00:56","guid":{"rendered":"https:\/\/roveyayinevi.com.tr\/index.php\/urun\/aman-nazar-degmesin\/"},"modified":"2026-04-16T02:33:59","modified_gmt":"2026-04-15T23:33:59","slug":"aman-nazar-degmesin","status":"publish","type":"product","link":"https:\/\/roveyayinevi.com.tr\/index.php\/urun\/aman-nazar-degmesin\/","title":{"rendered":"Aman Nazar De\u011fmesin"},"content":{"rendered":"<p>Bizim evdekiler nazarl\u0131klarla doldurdu karde\u015fimin d\u00f6rt bir yan\u0131n\u0131.Herkesin dilinde ayn\u0131 s\u00f6z: \u201cYavrumuza da bak\u0131n! Ah, o minik burnu,o minik a\u011fz\u0131&#8230; Aman, ne tatl\u0131! Nazar de\u011fmesin sak\u0131n!\u201dNeymi\u015f bu nazar, \u015fu mavi boncukla ne ilgisi var? L\u00fctfen, biri bana a\u00e7\u0131klas\u0131n!\u00c7a\u011fda\u015f \u00e7ocuk edebiyat\u0131n\u0131n sevilen yazar\u0131 T\u00fclin Koziko\u011flu, insanl\u0131\u011f\u0131nbinlerce y\u0131ll\u0131k k\u00fclt\u00fcrel simgesi nazar boncu\u011funu bir \u00e7ocu\u011fun g\u00f6z\u00fcndenanlat\u0131yor. Karde\u015f k\u0131skan\u00e7l\u0131\u011f\u0131,aile ba\u011flar\u0131 ve do\u011fum g\u00fcn\u00fc gibi temalarlazenginle\u015fen bu ne\u015feli \u00f6yk\u00fc, Deniz \u00dc\u00e7ba\u015faran\u2019\u0131n \u00f6zg\u00fcn desenleriyle derinle\u015fiyor.<\/p>\n","protected":false},"excerpt":{"rendered":"<p>Bizim evdekiler nazarl\u0131klarla doldurdu karde\u015fimin d\u00f6rt bir yan\u0131n\u0131.Herkesin dilinde ayn\u0131 s\u00f6z: \u201cYavrumuza da bak\u0131n! Ah, o minik burnu,o minik a\u011fz\u0131&#8230; Aman, ne tatl\u0131! Nazar de\u011fmesin sak\u0131n!\u201dNeymi\u015f<span class=\"excerpt-hellip\"> [\u2026]<\/span><\/p>\n","protected":false},"featured_media":0,"template":"","meta":{"_monsterinsights_skip_tracking":false,"_monsterinsights_sitenote_active":false,"_monsterinsights_sitenote_note":"","_monsterinsights_sitenote_category":0},"product_brand":[],"product_cat":[12274,12284],"product_tag":[],"class_list":{"0":"post-726083","1":"product","2":"type-product","3":"status-publish","5":"product_cat-cocuk-ve-genclik-kitaplari","6":"product_cat-hikayeler","7":"pa_cilt-ciltsiz","8":"pa_tur-kitap","9":"pa_yayinevi-kirmizi-kedi-yayinevi","10":"pa_yazar-tulin-kozikoglu","12":"first","13":"instock","14":"sale","15":"shipping-taxable","16":"purchasable","17":"product-type-simple"},"_links":{"self":[{"href":"https:\/\/roveyayinevi.com.tr\/index.php\/wp-json\/wp\/v2\/product\/726083","targetHints":{"allow":["GET"]}}],"collection":[{"href":"https:\/\/roveyayinevi.com.tr\/index.php\/wp-json\/wp\/v2\/product"}],"about":[{"href":"https:\/\/roveyayinevi.com.tr\/index.php\/wp-json\/wp\/v2\/types\/product"}],"wp:attachment":[{"href":"https:\/\/roveyayinevi.com.tr\/index.php\/wp-json\/wp\/v2\/media?parent=726083"}],"wp:term":[{"taxonomy":"product_brand","embeddable":true,"href":"https:\/\/roveyayinevi.com.tr\/index.php\/wp-json\/wp\/v2\/product_brand?post=726083"},{"taxonomy":"product_cat","embeddable":true,"href":"https:\/\/roveyayinevi.com.tr\/index.php\/wp-json\/wp\/v2\/product_cat?post=726083"},{"taxonomy":"product_tag","embeddable":true,"href":"https:\/\/roveyayinevi.com.tr\/index.php\/wp-json\/wp\/v2\/product_tag?post=726083"}],"curies":[{"name":"wp","href":"https:\/\/api.w.org\/{rel}","templated":true}]}}