{"id":726082,"date":"2025-08-27T20:00:56","date_gmt":"2025-08-27T17:00:56","guid":{"rendered":"https:\/\/roveyayinevi.com.tr\/index.php\/urun\/le-corbusier-turkiyede-izmir-nazim-plani-1939-1949\/"},"modified":"2026-04-16T02:33:59","modified_gmt":"2026-04-15T23:33:59","slug":"le-corbusier-turkiyede-izmir-nazim-plani-1939-1949","status":"publish","type":"product","link":"https:\/\/roveyayinevi.com.tr\/index.php\/urun\/le-corbusier-turkiyede-izmir-nazim-plani-1939-1949\/","title":{"rendered":"Le Corbus\u0131er T\u00fcrkiye\u2019de \u2013 \u0130zmir Naz\u0131m Plan\u0131 1939 \u2013 1949"},"content":{"rendered":"<p>Le Corbusier\u2019nin 1939 y\u0131l\u0131nda \u0130zmir kent y\u00f6netiminin talebi \u00fczerine haz\u0131rlad\u0131\u011f\u0131 \u0130zmir n\u00e2z\u0131m plan projesi, gerek Fransa gerekse T\u00fcrkiye\u2019de az say\u0131da uzman taraf\u0131ndan bilinir. Mimar\u0131n uluslararas\u0131 konjonkt\u00fcre kurban giden ve \u0130zmir kentinin y\u00f6neticileriyle y\u00fcr\u00fct\u00fclen \u00e7etin pazarl\u0131klar nedeniyle yava\u015flayan \u00e7al\u0131\u015fmas\u0131 1949\u2019da sona erer. Ancak teslim edilen proje dosyas\u0131 \u0130zmirli y\u00f6neticileri teredd\u00fcde d\u00fc\u015f\u00fcr\u00fcr. Dosya daha sonra kentin belediye hizmet binalar\u0131nda kaybolur. Bir kopyas\u0131 ise, n\u00e2z\u0131m plan projesine ili\u015fkin \u00f6zg\u00fcn \u00e7izim ve plan\u015flarla birlikte, Paris\u2019tekiLe Corbusier Vakf\u0131\u2019nda \u015fans eseri korunur. Bu belgeler 2009 y\u0131l\u0131n\u0131n May\u0131s ve Temmuz aylar\u0131nda ger\u00e7ekle\u015ftirilen bir gezici sergi \u00e7er\u00e7evesinde \u0130zmir ve Strasbourg\u2019da sergilenir. Elinizdeki kitap, sergi kapsam\u0131nda Frans\u0131zca olarak yay\u0131mlanan Le Corbusier T\u00fcrkiye\u2019de \u2012 \u0130zmir N\u00e2z\u0131m Plan\u0131 (1939-1949) adl\u0131 kitab\u0131n g\u00f6zden ge\u00e7irilmi\u015f ve geli\u015ftirilmi\u015f T\u00fcrk\u00e7e bask\u0131s\u0131. Anekdotlarla iyice belirginle\u015ftirilmi\u015f tan\u0131kl\u0131klar e\u015fli\u011finde, tarihsel ve duygusal y\u00f6nleriyle ele alarak \u0130zmir projesinin, Le Corbusier\u2019nin \u015fehircilik k\u00fclliyat\u0131ndaki ve 20. y\u00fczy\u0131l\u0131n ilk yar\u0131s\u0131nda Avrupa\u2019ya \u00f6zg\u00fc kent anlay\u0131\u015f\u0131 etraf\u0131nda geli\u015fen tart\u0131\u015fmalardaki yerini g\u00f6zden ge\u00e7iriyor<\/p>\n","protected":false},"excerpt":{"rendered":"<p>Le Corbusier\u2019nin 1939 y\u0131l\u0131nda \u0130zmir kent y\u00f6netiminin talebi \u00fczerine haz\u0131rlad\u0131\u011f\u0131 \u0130zmir n\u00e2z\u0131m plan projesi, gerek Fransa gerekse T\u00fcrkiye\u2019de az say\u0131da uzman taraf\u0131ndan bilinir. Mimar\u0131n uluslararas\u0131 konjonkt\u00fcre<span class=\"excerpt-hellip\"> [\u2026]<\/span><\/p>\n","protected":false},"featured_media":0,"template":"","meta":{"_monsterinsights_skip_tracking":false,"_monsterinsights_sitenote_active":false,"_monsterinsights_sitenote_note":"","_monsterinsights_sitenote_category":0},"product_brand":[],"product_cat":[12312,12304],"product_tag":[],"class_list":{"0":"post-726082","1":"product","2":"type-product","3":"status-publish","5":"product_cat-diger","6":"product_cat-tarih","7":"pa_cilt-ciltsiz","8":"pa_tur-kitap","9":"pa_yayinevi-kirmizi-kedi-yayinevi","10":"pa_yazar-le-corbusier","12":"first","13":"instock","14":"sale","15":"shipping-taxable","16":"purchasable","17":"product-type-simple"},"_links":{"self":[{"href":"https:\/\/roveyayinevi.com.tr\/index.php\/wp-json\/wp\/v2\/product\/726082","targetHints":{"allow":["GET"]}}],"collection":[{"href":"https:\/\/roveyayinevi.com.tr\/index.php\/wp-json\/wp\/v2\/product"}],"about":[{"href":"https:\/\/roveyayinevi.com.tr\/index.php\/wp-json\/wp\/v2\/types\/product"}],"wp:attachment":[{"href":"https:\/\/roveyayinevi.com.tr\/index.php\/wp-json\/wp\/v2\/media?parent=726082"}],"wp:term":[{"taxonomy":"product_brand","embeddable":true,"href":"https:\/\/roveyayinevi.com.tr\/index.php\/wp-json\/wp\/v2\/product_brand?post=726082"},{"taxonomy":"product_cat","embeddable":true,"href":"https:\/\/roveyayinevi.com.tr\/index.php\/wp-json\/wp\/v2\/product_cat?post=726082"},{"taxonomy":"product_tag","embeddable":true,"href":"https:\/\/roveyayinevi.com.tr\/index.php\/wp-json\/wp\/v2\/product_tag?post=726082"}],"curies":[{"name":"wp","href":"https:\/\/api.w.org\/{rel}","templated":true}]}}