{"id":726081,"date":"2025-08-27T20:00:55","date_gmt":"2025-08-27T17:00:55","guid":{"rendered":"https:\/\/roveyayinevi.com.tr\/index.php\/urun\/muzaffer-ilhan-erdost\/"},"modified":"2026-04-16T02:33:59","modified_gmt":"2026-04-15T23:33:59","slug":"muzaffer-ilhan-erdost","status":"publish","type":"product","link":"https:\/\/roveyayinevi.com.tr\/index.php\/urun\/muzaffer-ilhan-erdost\/","title":{"rendered":"Muzaffer \u0130lhan Erdost"},"content":{"rendered":"<p>\u201c\u2018\u0130lhan\u2026 \u0130lhan\u2026\u2019 dedim, sesim havada kald\u0131.\u0130brahim o\u011flu Yusuf ailesinde iki \u0130lhan var.Biri be\u015f ya\u015f\u0131nda \u00f6len \u0130lhan. Ad\u0131n\u0131 ben koymu\u015fum. 5 May\u0131s 1941\u2019de \u00f6ld\u00fc.Biri \u00f6ld\u00fcr\u00fclen \u0130lhan.17 Aral\u0131k 1944\u2019te Artova\u2019da do\u011fdu.7 Kas\u0131m karanl\u0131\u011f\u0131nda, Mamak Askeri Cezaevi\u2019nde C Blok F Ko\u011fu\u015fu\u2019nda, iki tutuklunun kollar\u0131 aras\u0131nda sa\u011f dizi \u00fcst\u00fcne \u00e7\u00f6meldi. Kollar\u0131 yana sarkt\u0131. Ba\u015f\u0131 hafif \u00f6ne d\u00fc\u015ft\u00fc.\u2018\u0130lhan\u2026 \u0130lhan\u2026\u2019 dedim, sesim havada kald\u0131.\u00dcst\u00fcne uzatt\u0131klar\u0131 battaniyeyle ald\u0131 g\u00f6t\u00fcrd\u00fcler.O gitti, ben kald\u0131m.\u201dO tarihten sonra Muzaffer Erdost, Muzaffer \u0130lhan Erdost oldu.Karde\u015fine son sesleni\u015fi olan \u0130lhan\u0130lhan kitabevini kurdu.25 \u015eubat 2020 tarihinde hayata veda etti.Feyziye \u00d6zberk, Muzaffer \u0130lhan Erdost kitab\u0131yla ya\u015fam\u0131n t\u00fcm f\u0131rt\u0131nalar\u0131na ra\u011fmen ayakta kalan ve \u00fcretmeye devam eden devrimci bir ayd\u0131n\u0131n portresini \u00e7iziyor.<\/p>\n","protected":false},"excerpt":{"rendered":"<p>\u201c\u2018\u0130lhan\u2026 \u0130lhan\u2026\u2019 dedim, sesim havada kald\u0131.\u0130brahim o\u011flu Yusuf ailesinde iki \u0130lhan var.Biri be\u015f ya\u015f\u0131nda \u00f6len \u0130lhan. Ad\u0131n\u0131 ben koymu\u015fum. 5 May\u0131s 1941\u2019de \u00f6ld\u00fc.Biri \u00f6ld\u00fcr\u00fclen \u0130lhan.17 Aral\u0131k<span class=\"excerpt-hellip\"> [\u2026]<\/span><\/p>\n","protected":false},"featured_media":0,"template":"","meta":{"_monsterinsights_skip_tracking":false,"_monsterinsights_sitenote_active":false,"_monsterinsights_sitenote_note":"","_monsterinsights_sitenote_category":0},"product_brand":[],"product_cat":[14009,12291],"product_tag":[],"class_list":{"0":"post-726081","1":"product","2":"type-product","3":"status-publish","5":"product_cat-biyografi-otobiyografi-edebiyat","6":"product_cat-edebiyat","7":"pa_cilt-ciltsiz","8":"pa_tur-kitap","9":"pa_yayinevi-kirmizi-kedi-yayinevi","10":"pa_yazar-feyziye-ozberk","12":"first","13":"instock","14":"sale","15":"shipping-taxable","16":"purchasable","17":"product-type-simple"},"_links":{"self":[{"href":"https:\/\/roveyayinevi.com.tr\/index.php\/wp-json\/wp\/v2\/product\/726081","targetHints":{"allow":["GET"]}}],"collection":[{"href":"https:\/\/roveyayinevi.com.tr\/index.php\/wp-json\/wp\/v2\/product"}],"about":[{"href":"https:\/\/roveyayinevi.com.tr\/index.php\/wp-json\/wp\/v2\/types\/product"}],"wp:attachment":[{"href":"https:\/\/roveyayinevi.com.tr\/index.php\/wp-json\/wp\/v2\/media?parent=726081"}],"wp:term":[{"taxonomy":"product_brand","embeddable":true,"href":"https:\/\/roveyayinevi.com.tr\/index.php\/wp-json\/wp\/v2\/product_brand?post=726081"},{"taxonomy":"product_cat","embeddable":true,"href":"https:\/\/roveyayinevi.com.tr\/index.php\/wp-json\/wp\/v2\/product_cat?post=726081"},{"taxonomy":"product_tag","embeddable":true,"href":"https:\/\/roveyayinevi.com.tr\/index.php\/wp-json\/wp\/v2\/product_tag?post=726081"}],"curies":[{"name":"wp","href":"https:\/\/api.w.org\/{rel}","templated":true}]}}