{"id":726080,"date":"2025-08-27T20:00:54","date_gmt":"2025-08-27T17:00:54","guid":{"rendered":"https:\/\/roveyayinevi.com.tr\/index.php\/urun\/zartoloji-1001-gece-esintileri\/"},"modified":"2026-04-16T02:33:59","modified_gmt":"2026-04-15T23:33:59","slug":"zartoloji-1001-gece-esintileri","status":"publish","type":"product","link":"https:\/\/roveyayinevi.com.tr\/index.php\/urun\/zartoloji-1001-gece-esintileri\/","title":{"rendered":"Zartoloji \u2013 1001 Gece Esintileri"},"content":{"rendered":"<p>\u0130nsan\u0131n temel bedensel fonksiyonlar\u0131ndan biri olan \u201cyellenme\u201d, as\u0131rlard\u0131r mizah malzemesi olarak kullan\u0131lagelmi\u015ftir. Bug\u00fcn bir\u00e7oklar\u0131 i\u00e7in \u201ckaba\u201d bir mizah unsuru gibi g\u00f6r\u00fcnse de do\u011fru yerde \u00e7\u0131kan \u201czart\u201d sesi, herkesi g\u00fcld\u00fcrmeye yetecek g\u00fcce sahiptir\u2026 Elinizdeki se\u00e7ki, \u201cyellenme\u201dnin klasik Arap edebiyat\u0131ndaki \u00f6rnekleri \u00fczerine. Mek\u00e2n Ortado\u011fu\u2019nun ilim ve k\u00fclt\u00fcr havzalar\u0131 konumundaki Ba\u011fdat, Basra, Medine, \u015eam, Horasan gibi merkezler; hik\u00e2ye kahramanlar\u0131n\u0131n bir\u00e7o\u011fu ise halifelerden sultanlara, emirlerden valilere, kad\u0131lardan ediplere, \u015fairlerden k\u00e2tiplere, bedevilerden s\u0131radan M\u00fcsl\u00fcman Orta\u00e7a\u011f insan\u0131na kadar son derece geni\u015f bir \u201cyel-pazedeki\u201d otantik karakterler.Zartoloji \u2013 1001 Gece Esintileri, \u201cf\u0131s\u201d\u0131ndan pis kokan\u0131na, \u015fiddetiyle \u015falvar y\u0131rtan\u0131ndan bahanesiyle \u00f6d\u00fcl kazand\u0131ran\u0131na 140 hik\u00e2yeden olu\u015fan bir \u201cyel-name\u201d. San\u0131ld\u0131\u011f\u0131n\u0131n aksine \u201cyellenme\u201dye dair de\u011fil, insana dair hik\u00e2yeler toplam\u0131. G\u00fclerken dikkat, ka\u00e7\u0131vermesin\u2026<\/p>\n","protected":false},"excerpt":{"rendered":"<p>\u0130nsan\u0131n temel bedensel fonksiyonlar\u0131ndan biri olan \u201cyellenme\u201d, as\u0131rlard\u0131r mizah malzemesi olarak kullan\u0131lagelmi\u015ftir. Bug\u00fcn bir\u00e7oklar\u0131 i\u00e7in \u201ckaba\u201d bir mizah unsuru gibi g\u00f6r\u00fcnse de do\u011fru yerde \u00e7\u0131kan \u201czart\u201d<span class=\"excerpt-hellip\"> [\u2026]<\/span><\/p>\n","protected":false},"featured_media":0,"template":"","meta":{"_monsterinsights_skip_tracking":false,"_monsterinsights_sitenote_active":false,"_monsterinsights_sitenote_note":"","_monsterinsights_sitenote_category":0},"product_brand":[],"product_cat":[12291,14825],"product_tag":[],"class_list":{"0":"post-726080","1":"product","2":"type-product","3":"status-publish","5":"product_cat-edebiyat","6":"product_cat-mizah","7":"pa_cilt-ciltsiz","8":"pa_tur-kitap","9":"pa_yayinevi-kirmizi-kedi-yayinevi","10":"pa_yazar-huseyin-gunday-sener-sahin","12":"first","13":"instock","14":"sale","15":"shipping-taxable","16":"purchasable","17":"product-type-simple"},"_links":{"self":[{"href":"https:\/\/roveyayinevi.com.tr\/index.php\/wp-json\/wp\/v2\/product\/726080","targetHints":{"allow":["GET"]}}],"collection":[{"href":"https:\/\/roveyayinevi.com.tr\/index.php\/wp-json\/wp\/v2\/product"}],"about":[{"href":"https:\/\/roveyayinevi.com.tr\/index.php\/wp-json\/wp\/v2\/types\/product"}],"wp:attachment":[{"href":"https:\/\/roveyayinevi.com.tr\/index.php\/wp-json\/wp\/v2\/media?parent=726080"}],"wp:term":[{"taxonomy":"product_brand","embeddable":true,"href":"https:\/\/roveyayinevi.com.tr\/index.php\/wp-json\/wp\/v2\/product_brand?post=726080"},{"taxonomy":"product_cat","embeddable":true,"href":"https:\/\/roveyayinevi.com.tr\/index.php\/wp-json\/wp\/v2\/product_cat?post=726080"},{"taxonomy":"product_tag","embeddable":true,"href":"https:\/\/roveyayinevi.com.tr\/index.php\/wp-json\/wp\/v2\/product_tag?post=726080"}],"curies":[{"name":"wp","href":"https:\/\/api.w.org\/{rel}","templated":true}]}}