{"id":726079,"date":"2025-08-27T20:00:53","date_gmt":"2025-08-27T17:00:53","guid":{"rendered":"https:\/\/roveyayinevi.com.tr\/index.php\/urun\/fernando-pessoa-kalp-dusunebilseydi-atmaktan-vazgecerdi\/"},"modified":"2026-04-16T02:33:59","modified_gmt":"2026-04-15T23:33:59","slug":"fernando-pessoa-kalp-dusunebilseydi-atmaktan-vazgecerdi","status":"publish","type":"product","link":"https:\/\/roveyayinevi.com.tr\/index.php\/urun\/fernando-pessoa-kalp-dusunebilseydi-atmaktan-vazgecerdi\/","title":{"rendered":"Fernando Pessoa \/ Kalp D\u00fc\u015f\u00fcnebilseydi Atmaktan Vazge\u00e7erdi"},"content":{"rendered":"<p>Hepimiz kendi d\u0131\u015f\u0131m\u0131zdaki ko\u015fullar\u0131n tutsa\u011f\u0131y\u0131z.\u201dFernando Pessoa kendini farkl\u0131 ki\u015filiklere b\u00f6lerek, benli\u011finde sustuklar\u0131n\u0131 dile getirir. Hangi c\u00fcmlesini kald\u0131r\u0131rsan\u0131z alt\u0131nda ona dair bir yaln\u0131zl\u0131k bi\u00e7imiyle kar\u015f\u0131la\u015f\u0131rs\u0131n\u0131z. Pessoa\u2019n\u0131n kelimelerle \u00f6rd\u00fc\u011f\u00fc kendine \u00f6zel o yaln\u0131zl\u0131k bi\u00e7imi, tanyeri a\u011far\u0131rken ortaya \u00e7\u0131kan serinlik gibi hafif bir \u00fcrperti ta\u015f\u0131r.Proust gibi Pessoa da hayat\u0131n en dar \u015feritlerinde y\u00fcr\u00fcr; i\u00e7ine d\u00fc\u015fme pahas\u0131na derin bo\u015fluklar\u0131n k\u0131y\u0131s\u0131nda dolan\u0131r. Hayat\u0131n\u0131n bir an\u0131nda, bir zihin \u00e7ak\u0131m\u0131nda bir \u015feyler g\u00f6r\u00fcr ve hayat\u0131 boyunca bunun ne oldu\u011funu bulmaya \u00e7al\u0131\u015f\u0131r.Hemen her eserine derin bir \u015fekilde n\u00fcfuz eden Pessoa, edebiyat\u0131 kendine s\u0131\u011f\u0131n\u0131lacak bir liman olarak se\u00e7mi\u015f ve bu s\u00fcre boyunca ortaya \u00e7\u0131kard\u0131\u011f\u0131 eserlerle s\u0131\u011f\u0131nd\u0131\u011f\u0131 liman\u0131na demir atm\u0131\u015ft\u0131r.Daha k\u00fc\u00e7\u00fck bir \u00e7ocukken kendisine \u00e7izilen yoldan gitmesi adeta kaderi olan Pessoa, hayat\u0131n i\u00e7inde olmas\u0131na ra\u011fmen onu d\u0131\u015far\u0131dan net bir \u015fekilde g\u00f6rebilen nadir yazarlardand\u0131r.<\/p>\n","protected":false},"excerpt":{"rendered":"<p>Hepimiz kendi d\u0131\u015f\u0131m\u0131zdaki ko\u015fullar\u0131n tutsa\u011f\u0131y\u0131z.\u201dFernando Pessoa kendini farkl\u0131 ki\u015filiklere b\u00f6lerek, benli\u011finde sustuklar\u0131n\u0131 dile getirir. Hangi c\u00fcmlesini kald\u0131r\u0131rsan\u0131z alt\u0131nda ona dair bir yaln\u0131zl\u0131k bi\u00e7imiyle kar\u015f\u0131la\u015f\u0131rs\u0131n\u0131z. Pessoa\u2019n\u0131n kelimelerle<span class=\"excerpt-hellip\"> [\u2026]<\/span><\/p>\n","protected":false},"featured_media":0,"template":"","meta":{"_monsterinsights_skip_tracking":false,"_monsterinsights_sitenote_active":false,"_monsterinsights_sitenote_note":"","_monsterinsights_sitenote_category":0},"product_brand":[],"product_cat":[12388,13555],"product_tag":[],"class_list":{"0":"post-726079","1":"product","2":"type-product","3":"status-publish","5":"product_cat-felsefe","6":"product_cat-genel-felsefe","7":"pa_cilt-ciltsiz","8":"pa_tur-kitap","9":"pa_yayinevi-destek-yayinlari","10":"pa_yazar-yilmaz-sener","12":"first","13":"instock","14":"sale","15":"shipping-taxable","16":"purchasable","17":"product-type-simple"},"_links":{"self":[{"href":"https:\/\/roveyayinevi.com.tr\/index.php\/wp-json\/wp\/v2\/product\/726079","targetHints":{"allow":["GET"]}}],"collection":[{"href":"https:\/\/roveyayinevi.com.tr\/index.php\/wp-json\/wp\/v2\/product"}],"about":[{"href":"https:\/\/roveyayinevi.com.tr\/index.php\/wp-json\/wp\/v2\/types\/product"}],"wp:attachment":[{"href":"https:\/\/roveyayinevi.com.tr\/index.php\/wp-json\/wp\/v2\/media?parent=726079"}],"wp:term":[{"taxonomy":"product_brand","embeddable":true,"href":"https:\/\/roveyayinevi.com.tr\/index.php\/wp-json\/wp\/v2\/product_brand?post=726079"},{"taxonomy":"product_cat","embeddable":true,"href":"https:\/\/roveyayinevi.com.tr\/index.php\/wp-json\/wp\/v2\/product_cat?post=726079"},{"taxonomy":"product_tag","embeddable":true,"href":"https:\/\/roveyayinevi.com.tr\/index.php\/wp-json\/wp\/v2\/product_tag?post=726079"}],"curies":[{"name":"wp","href":"https:\/\/api.w.org\/{rel}","templated":true}]}}