{"id":726078,"date":"2025-08-27T20:00:52","date_gmt":"2025-08-27T17:00:52","guid":{"rendered":"https:\/\/roveyayinevi.com.tr\/index.php\/urun\/karanliga-yolculuk-2\/"},"modified":"2026-04-16T02:33:59","modified_gmt":"2026-04-15T23:33:59","slug":"karanliga-yolculuk-2","status":"publish","type":"product","link":"https:\/\/roveyayinevi.com.tr\/index.php\/urun\/karanliga-yolculuk-2\/","title":{"rendered":"Karanl\u0131\u011fa Yolculuk"},"content":{"rendered":"<p>\u201cPaul Leppin, ac\u0131 i\u00e7inde yok olan Prag\u2019\u0131n g\u00fczide ozan\u0131, sonsuz bir hayal k\u0131r\u0131kl\u0131\u011f\u0131n\u0131n \u015fairiydi\u2026\u201dMAX BROD\u201cPrag bohemlerinin kral\u0131\u201d olarak tan\u0131nan Paul Leppin, Karanl\u0131\u011fa Yolculuk\u2019ta ad\u0131n\u0131 koyamad\u0131\u011f\u0131m\u0131z bir huzursuzlu\u011fu, sebebini bulamad\u0131\u011f\u0131m\u0131z bir bunal\u0131m\u0131 ve adresini bilmedi\u011fimiz bir isyan\u0131 anlat\u0131yor. \u0130lk kez 1914\u2019te yay\u0131mlanan bu k\u0131sa roman, varolu\u015ftan \u00fcmidini yitirip melankolik bir ruh haline b\u00fcr\u00fcnen yirminci y\u00fczy\u0131l insan\u0131n\u0131n portresini \u015feffaf bir \u015fekilde ortaya koyuyor. Yirmili ya\u015flar\u0131ndaki Severin, Prag\u2019\u0131n eski ve yeni d\u00fcnya aras\u0131nda s\u0131k\u0131\u015fan sokaklar\u0131nda y\u00fcr\u00fcrken, bir yandan ruhsal bir aray\u0131\u015fa da \u00e7\u0131kar. Varolu\u015fun anlam\u0131na ve ge\u00e7en zaman\u0131n b\u0131rakt\u0131\u011f\u0131 ize dair sorgulamalara, de\u011fi\u015fen \u015fehrin yaratt\u0131\u011f\u0131 nostalji de e\u015flik eder. Manevi bo\u015flu\u011fu dolduramayan bedensel hazlar\u0131n, hayata anlam katmaya \u00e7al\u0131\u015fan \u00f6l\u00fcmc\u00fcl aray\u0131\u015flar\u0131n hi\u00e7biri kesin \u00e7\u00f6z\u00fcm de\u011fildir bu yolculukta. \u00c7\u00f6k\u00fc\u015f ka\u00e7\u0131n\u0131lmazd\u0131r.Bir yandan devlet memurlu\u011fu yapt\u0131\u011f\u0131 tekd\u00fcze bir i\u015f hayat\u0131na sahipken di\u011fer yandan da \u00e7al\u0131\u015fmalar\u0131yla \u00c7ek ve Alman edebiyatlar\u0131 aras\u0131nda bir k\u00f6pr\u00fc kuran Leppin, 1939\u2019da Nazilerin Prag\u2019\u0131 i\u015fgal etmesi sonucu Gestapo taraf\u0131ndan tutuklan\u0131p sorguya \u00e7ekildi. Serbest b\u0131rak\u0131ld\u0131ktan sonra sa\u011fl\u0131k sorunlar\u0131 artt\u0131 ve g\u00fcn\u00fcn b\u00fcy\u00fck bir k\u0131sm\u0131n\u0131 tekerlekli sandalyede ge\u00e7irmeye ba\u015flasa da yazmaya devam etti.Karanl\u0131\u011fa Yolculuk, evini arayan bir ruhun, g\u00f6z\u00fcn\u00fc arayan bir zihnin hik\u00e2yesi\u2026<\/p>\n","protected":false},"excerpt":{"rendered":"<p>\u201cPaul Leppin, ac\u0131 i\u00e7inde yok olan Prag\u2019\u0131n g\u00fczide ozan\u0131, sonsuz bir hayal k\u0131r\u0131kl\u0131\u011f\u0131n\u0131n \u015fairiydi\u2026\u201dMAX BROD\u201cPrag bohemlerinin kral\u0131\u201d olarak tan\u0131nan Paul Leppin, Karanl\u0131\u011fa Yolculuk\u2019ta ad\u0131n\u0131 koyamad\u0131\u011f\u0131m\u0131z bir<span class=\"excerpt-hellip\"> [\u2026]<\/span><\/p>\n","protected":false},"featured_media":0,"template":"","meta":{"_monsterinsights_skip_tracking":false,"_monsterinsights_sitenote_active":false,"_monsterinsights_sitenote_note":"","_monsterinsights_sitenote_category":0},"product_brand":[],"product_cat":[12291,12711],"product_tag":[],"class_list":{"0":"post-726078","1":"product","2":"type-product","3":"status-publish","5":"product_cat-edebiyat","6":"product_cat-roman-oyku","7":"pa_cilt-ciltsiz","8":"pa_tur-kitap","9":"pa_yayinevi-cinar-yayinlari","10":"pa_yazar-paul-leppin","12":"first","13":"instock","14":"sale","15":"shipping-taxable","16":"purchasable","17":"product-type-simple"},"_links":{"self":[{"href":"https:\/\/roveyayinevi.com.tr\/index.php\/wp-json\/wp\/v2\/product\/726078","targetHints":{"allow":["GET"]}}],"collection":[{"href":"https:\/\/roveyayinevi.com.tr\/index.php\/wp-json\/wp\/v2\/product"}],"about":[{"href":"https:\/\/roveyayinevi.com.tr\/index.php\/wp-json\/wp\/v2\/types\/product"}],"wp:attachment":[{"href":"https:\/\/roveyayinevi.com.tr\/index.php\/wp-json\/wp\/v2\/media?parent=726078"}],"wp:term":[{"taxonomy":"product_brand","embeddable":true,"href":"https:\/\/roveyayinevi.com.tr\/index.php\/wp-json\/wp\/v2\/product_brand?post=726078"},{"taxonomy":"product_cat","embeddable":true,"href":"https:\/\/roveyayinevi.com.tr\/index.php\/wp-json\/wp\/v2\/product_cat?post=726078"},{"taxonomy":"product_tag","embeddable":true,"href":"https:\/\/roveyayinevi.com.tr\/index.php\/wp-json\/wp\/v2\/product_tag?post=726078"}],"curies":[{"name":"wp","href":"https:\/\/api.w.org\/{rel}","templated":true}]}}