{"id":726076,"date":"2025-08-27T20:00:51","date_gmt":"2025-08-27T17:00:51","guid":{"rendered":"https:\/\/roveyayinevi.com.tr\/index.php\/urun\/cinde-zanaat\/"},"modified":"2026-04-16T02:33:59","modified_gmt":"2026-04-15T23:33:59","slug":"cinde-zanaat","status":"publish","type":"product","link":"https:\/\/roveyayinevi.com.tr\/index.php\/urun\/cinde-zanaat\/","title":{"rendered":"\u00c7in&#8217;de Zanaat"},"content":{"rendered":"<p>Geleneksel \u00c7in zanaat\u0131 \u00fcr\u00fcnleri; incelikleri, g\u00fczellikleri, sergiledikleri el i\u015f\u00e7ili\u011fi ve sanatsal becerilerle b\u00fct\u00fcn d\u00fcnyada tan\u0131n\u0131r. \u00c7in zanaat\u0131mn geli\u015fimi \u00fclkenin \u00f6zel co\u011frafi konumundan ve uzun, s\u00fcrekli tar\u0131m k\u00fclt\u00fcr\u00fcnden derinden etkilenmi\u015ftir. \u00c7in anakaras\u0131n\u0131n uzun bir k\u0131y\u0131 \u015feridi vard\u0131r ama uygarl\u0131\u011f\u0131 Orta \u00c7in&#8217;de, \u00c7in&#8217;in en eski y\u00f6netimi olan Xia, Shang ve Bat\u0131 Zhou Hanedanlar\u0131n\u0131n birbiri ard\u0131na kuruldu\u011fu i\u00e7 b\u00f6lgelerde ba\u015flar. \u00dclkenin d\u00fczl\u00fck ve da\u011fl\u0131k b\u00f6lgelerinde ya\u015fayan etnik gruplar i\u00e7in \u00e7ift\u00e7ilik en \u00f6nemli ge\u00e7im kayna\u011f\u0131yd\u0131. Geleneksel \u00c7in el sanatlar\u0131n\u0131n \u00f6zelliklerini belirleyen, \u00fclke zanaat\u0131n\u0131n geli\u015fimini \u015fekillendiren, erken tar\u0131m toplumunun bu ya\u015fam ve sanat tarz\u0131yd\u0131. Ba\u015flang\u0131\u00e7ta, t\u00fcm eli\u015fi \u00fcr\u00fcnleri \u00e7e\u015fitleri pratik ama\u00e7lar i\u00e7in \u00fcretildi\u011fi i\u00e7in basit ve kullan\u0131m\u0131 kolay nesnelerdi. Imparatorluk ailesi ve bilginlerin kulland\u0131klar\u0131 el i\u015f\u00e7ili\u011fi \u00fcr\u00fcnlerinin bile pratik bir tarz\u0131, basit \u00f6zellikleri vard\u0131. Erken d\u00f6nem \u00c7in eli\u015fi \u00fcr\u00fcnleri manzara, hayvan ya da bitkileri konu alan desenleri ve s\u00fcslemeleriyle do\u011fal dekoratif tarzda nesnelerdi. Bu s\u00fcslemeler ne\u015feli ve iyimser bir ruh yans\u0131t\u0131yordu. \u00c7in&#8217;in geleneksel ahlak felsefesinin &#8220;\u00d6nemsiz \u015feylere a\u015f\u0131r\u0131 \u00f6nem vermek iradeyi baltalar&#8221; diyen bir \u00f6zl\u00fc s\u00f6z\u00fc vard\u0131r. Bu felsefe, &#8220;\u00e7ok zarif ama yarars\u0131z beceri ve \u00fcr\u00fcnlerin&#8221; a\u015f\u0131r\u0131 geli\u015ftirilmesini reddeder. Bu t\u00fcr d\u00fc\u015f\u00fcnceler \u00c7inli sanatUrlar\u0131 fark\u0131nda olmadan \u00f6yle etkilemi\u015ftir ki, \u00fclkenin zanaat\u0131 i\u015flevselli\u011fe b\u00fcy\u00fck \u00f6nem vermi\u015ftir. Bu yakla\u015f\u0131m, binlerce y\u0131ll\u0131k bir zaman boyunca, el becerilerinin geli\u015fimini sa\u011flam\u0131\u015f, \u00fclkenin, tar\u0131m toplumunun kaynaklardan m\u00fcmk\u00fcn olan en y\u00fcksek d\u00fczeyde faydalanmas\u0131na olanak vermi\u015ftir. \u00c7in; porselenleri, cam ve ah\u015fap i\u015f\u00e7ili\u011fi, ipekli dokumalar\u0131, lake cila teknikleri, alt\u0131n ve g\u00fcm\u00fc\u015f kakmac\u0131l\u0131\u011f\u0131 ve minecili\u011fiyle, bambu, fildi\u015fi ve boynuz oymac\u0131l\u0131\u011f\u0131yla d\u00fcnya \u00f6l\u00e7e\u011finde \u00f6zg\u00fcn ve \u00fcst\u00fcn bir beceri sergilemi\u015ftir ve hem \u00f6nc\u00fc rol oynam\u0131\u015f hem de m\u00fckemmel \u00fcr\u00fcnleri b\u00fct\u00fcn d\u00fcnyan\u0131n hayranl\u0131\u011f\u0131n\u0131 uyand\u0131rm\u0131\u015ft\u0131r. Bug\u00fcn bu \u00fcr\u00fcnler, hem \u00c7in&#8217;e hem d\u00fcnyaya \u00fclkenin insanlar\u0131n\u0131n yarat\u0131c\u0131l\u0131\u011f\u0131n\u0131 ve hayata ili\u015fkin bilgeli\u011fini ta\u015f\u0131yan, zengin bir k\u00fclt\u00fcrel miras sunmaktad\u0131r.<\/p>\n","protected":false},"excerpt":{"rendered":"<p>Geleneksel \u00c7in zanaat\u0131 \u00fcr\u00fcnleri; incelikleri, g\u00fczellikleri, sergiledikleri el i\u015f\u00e7ili\u011fi ve sanatsal becerilerle b\u00fct\u00fcn d\u00fcnyada tan\u0131n\u0131r. \u00c7in zanaat\u0131mn geli\u015fimi \u00fclkenin \u00f6zel co\u011frafi konumundan ve uzun, s\u00fcrekli tar\u0131m<span class=\"excerpt-hellip\"> [\u2026]<\/span><\/p>\n","protected":false},"featured_media":0,"template":"","meta":{"_monsterinsights_skip_tracking":false,"_monsterinsights_sitenote_active":false,"_monsterinsights_sitenote_note":"","_monsterinsights_sitenote_category":0},"product_brand":[],"product_cat":[12370,12304],"product_tag":[],"class_list":{"0":"post-726076","1":"product","2":"type-product","3":"status-publish","5":"product_cat-arastirma-inceleme","6":"product_cat-tarih","7":"pa_cilt-ciltsiz","8":"pa_tur-kitap","9":"pa_yayinevi-kaynak-yayinlari","10":"pa_yazar-guo-qiuhui-wang-lidan","12":"first","13":"instock","14":"sale","15":"shipping-taxable","16":"purchasable","17":"product-type-simple"},"_links":{"self":[{"href":"https:\/\/roveyayinevi.com.tr\/index.php\/wp-json\/wp\/v2\/product\/726076","targetHints":{"allow":["GET"]}}],"collection":[{"href":"https:\/\/roveyayinevi.com.tr\/index.php\/wp-json\/wp\/v2\/product"}],"about":[{"href":"https:\/\/roveyayinevi.com.tr\/index.php\/wp-json\/wp\/v2\/types\/product"}],"wp:attachment":[{"href":"https:\/\/roveyayinevi.com.tr\/index.php\/wp-json\/wp\/v2\/media?parent=726076"}],"wp:term":[{"taxonomy":"product_brand","embeddable":true,"href":"https:\/\/roveyayinevi.com.tr\/index.php\/wp-json\/wp\/v2\/product_brand?post=726076"},{"taxonomy":"product_cat","embeddable":true,"href":"https:\/\/roveyayinevi.com.tr\/index.php\/wp-json\/wp\/v2\/product_cat?post=726076"},{"taxonomy":"product_tag","embeddable":true,"href":"https:\/\/roveyayinevi.com.tr\/index.php\/wp-json\/wp\/v2\/product_tag?post=726076"}],"curies":[{"name":"wp","href":"https:\/\/api.w.org\/{rel}","templated":true}]}}