{"id":726074,"date":"2025-08-27T20:00:49","date_gmt":"2025-08-27T17:00:49","guid":{"rendered":"https:\/\/roveyayinevi.com.tr\/index.php\/urun\/cin-yazi-karakterleri\/"},"modified":"2026-04-16T02:33:59","modified_gmt":"2026-04-15T23:33:59","slug":"cin-yazi-karakterleri","status":"publish","type":"product","link":"https:\/\/roveyayinevi.com.tr\/index.php\/urun\/cin-yazi-karakterleri\/","title":{"rendered":"\u00c7in Yaz\u0131 Karakterleri"},"content":{"rendered":"<p>Bu kitap, pek \u00e7ok resim e\u015fli\u011finde kolay anla\u015f\u0131l\u0131r bir dille Han karakterleri k\u00fclt\u00fcr\u00fcn\u00fcn temel bilgi birikimine k\u0131sa bir giri\u015f niteli\u011findedir. Okuyucular\u0131n Han karakterlerine dair genel bilgiler edinmeleri ve bu konuya ilgi duymalar\u0131; b\u00f6ylelikle Han karakterlerini ay\u0131rt edip kullanmalar\u0131 ve \u00c7in&#8217;e yak\u0131nla\u015fmalar\u0131 ama\u00e7lanm\u0131\u015ft\u0131r. Han karakterlerinin k\u00f6keni \u00e7izimlerdir. \u015eekil olarak, Jiaguwen (hayvan kemikleri veya kaplumba\u011fa kabuklar\u0131n\u0131n \u00fcst\u00fcndeki yaz\u0131tlar), Jinwen (antik bronz e\u015fyalar\u0131n \u00fczerindeki yaz\u0131tlar), Xiaozhuan (Qin Hanedan\u0131&#8217;n\u0131n [M\u00d6 221-M\u00d6 206] k\u00fc\u00e7\u00fck m\u00fch\u00fcr tarz\u0131 \u00c7ince karakterleri), Lishu (Han Hanedan\u0131&#8217;n\u0131n [M\u00d6 206-MS 220] resmi yaz\u0131 dili) ve Kaishu (al\u0131\u015f\u0131lm\u0131\u015f yaz\u0131 dili) olmak \u00fczere evrim ge\u00e7irmi\u015ftir. Yava\u015f yava\u015f \u00e7izimler hatlara evrilmi\u015f, piktografik karakterler semboller olmu\u015f, karma\u015f\u0131k karakterler yerlerini basitlere b\u0131rakm\u0131\u015ft\u0131r. Basitle\u015fme, daima Han karakterlerinin ana geli\u015fim \u00e7izgisi olmu\u015ftur. Bir grafik yaz\u0131l\u0131 dil t\u00fcr\u00fc olan Han karakterlerinin e\u015fsiz, kendine \u00f6zg\u00fc grafik ve piktografik g\u00f6rsel \u00f6zellikleri vard\u0131r. Bilindi\u011fi \u00fczere, g\u00fcn\u00fcm\u00fcz Han karakterleri art\u0131k piktografik karakterler de\u011fildir, ancak h\u00e2l\u00e2 var olan grafik \u00f6zellikleriyle \u00e7e\u015fitli antik piktografik karakter bi\u00e7imlerini bar\u0131nd\u0131rmaya devam etmektedir. &#8220;Ya\u015fayan fosiller&#8221; olarak adland\u0131r\u0131lan Han karakterleri, zengin bir bilgi birikimi ta\u015f\u0131yan kare \u015fekilli yap\u0131lar\u0131yla binlerce y\u0131ll\u0131k \u00c7in ulusu uygarl\u0131\u011f\u0131n&#8217; bir noktada toplamaktad\u0131r. Bu kitap ayn\u0131 zamanda \u00c7in k\u00fclt\u00fcr\u00fcn\u00fcn bu \u00f6nemli par\u00e7alar\u0131n\u0131 ve Han karakterlerinin m\u00fckemmel bir sanat dal\u0131 olarak ya\u015fam\u0131\u015f olmas\u0131n\u0131n de\u011ferini ortaya koymaktad\u0131r. D\u00fcnyada en \u00e7ok say\u0131da ki\u015finin kullanm\u0131\u015f oldu\u011fu kadim Han karakterleri, halen geli\u015fmektedir ve gen\u00e7liklerini sonsuza kadar koruyacakt\u0131r.<\/p>\n","protected":false},"excerpt":{"rendered":"<p>Bu kitap, pek \u00e7ok resim e\u015fli\u011finde kolay anla\u015f\u0131l\u0131r bir dille Han karakterleri k\u00fclt\u00fcr\u00fcn\u00fcn temel bilgi birikimine k\u0131sa bir giri\u015f niteli\u011findedir. Okuyucular\u0131n Han karakterlerine dair genel bilgiler<span class=\"excerpt-hellip\"> [\u2026]<\/span><\/p>\n","protected":false},"featured_media":0,"template":"","meta":{"_monsterinsights_skip_tracking":false,"_monsterinsights_sitenote_active":false,"_monsterinsights_sitenote_note":"","_monsterinsights_sitenote_category":0},"product_brand":[],"product_cat":[12305,12304],"product_tag":[],"class_list":{"0":"post-726074","1":"product","2":"type-product","3":"status-publish","5":"product_cat-dunya-tarihi","6":"product_cat-tarih","7":"pa_cilt-ciltsiz","8":"pa_tur-kitap","9":"pa_yayinevi-kaynak-yayinlari","10":"pa_yazar-han-jiantag","12":"first","13":"instock","14":"sale","15":"shipping-taxable","16":"purchasable","17":"product-type-simple"},"_links":{"self":[{"href":"https:\/\/roveyayinevi.com.tr\/index.php\/wp-json\/wp\/v2\/product\/726074","targetHints":{"allow":["GET"]}}],"collection":[{"href":"https:\/\/roveyayinevi.com.tr\/index.php\/wp-json\/wp\/v2\/product"}],"about":[{"href":"https:\/\/roveyayinevi.com.tr\/index.php\/wp-json\/wp\/v2\/types\/product"}],"wp:attachment":[{"href":"https:\/\/roveyayinevi.com.tr\/index.php\/wp-json\/wp\/v2\/media?parent=726074"}],"wp:term":[{"taxonomy":"product_brand","embeddable":true,"href":"https:\/\/roveyayinevi.com.tr\/index.php\/wp-json\/wp\/v2\/product_brand?post=726074"},{"taxonomy":"product_cat","embeddable":true,"href":"https:\/\/roveyayinevi.com.tr\/index.php\/wp-json\/wp\/v2\/product_cat?post=726074"},{"taxonomy":"product_tag","embeddable":true,"href":"https:\/\/roveyayinevi.com.tr\/index.php\/wp-json\/wp\/v2\/product_tag?post=726074"}],"curies":[{"name":"wp","href":"https:\/\/api.w.org\/{rel}","templated":true}]}}