{"id":726068,"date":"2025-08-27T20:00:44","date_gmt":"2025-08-27T17:00:44","guid":{"rendered":"https:\/\/roveyayinevi.com.tr\/index.php\/urun\/halley-kimi-kurtarir\/"},"modified":"2026-04-16T02:33:59","modified_gmt":"2026-04-15T23:33:59","slug":"halley-kimi-kurtarir","status":"publish","type":"product","link":"https:\/\/roveyayinevi.com.tr\/index.php\/urun\/halley-kimi-kurtarir\/","title":{"rendered":"Halley Kimi Kurtar\u0131r"},"content":{"rendered":"<p>Deneme t\u00fcr\u00fcn\u00fcn en malumatfuru\u015f ve k\u0131vrak kalemlerinden Sal\u00e2h Birsel, 1001 Gece Denemeleri&#8217;nin Halley Kimi Kurtar\u0131r adl\u0131 be\u015finci cildinde edebiyat\u0131n tas\u0131n\u0131 \u00e7atlat\u0131rcas\u0131na dedikodu kazan\u0131n\u0131 kaynat\u0131yor. Yedi cihandan toplad\u0131\u011f\u0131 anekdotlar\u0131 tek bir kitapta muhabbetle bulu\u015fturuyor; Camus&#8217;den Pavese&#8217;ye, Necatigil&#8217;den G\u00fcrp\u0131nar&#8217;a, Na\u00eem\u00e2&#8217;dan Cevdet Pa\u015fa&#8217;ya, Malraux&#8217;dan Apollinaire&#8217;e, \u015einasi&#8217;den Tepeyran&#8217;a, and\u0131\u011f\u0131 her \u015fahsiyet, tarihe not d\u00fc\u015ft\u00fc\u011f\u00fc her an\u0131yla dadanmad\u0131k d\u00f6nem, ar\u015f\u0131nlamad\u0131k co\u011frafya b\u0131rakm\u0131yor. Yaz\u0131n\u0131n bal\u0131ndan, laf\u0131n d\u00fcmeninden, edebiyat\u0131n dilinden iyi anlayan Birsel, T\u00fcrk\u00e7eyi nargilesine doldurup fokurdat\u0131rken bir edebiyat tarih\u00e7isi vazife\u015finasl\u0131\u011f\u0131yla okurunu muz\u0131r muz\u0131r selaml\u0131yor. <\/p>\n","protected":false},"excerpt":{"rendered":"<p>Deneme t\u00fcr\u00fcn\u00fcn en malumatfuru\u015f ve k\u0131vrak kalemlerinden Sal\u00e2h Birsel, 1001 Gece Denemeleri&#8217;nin Halley Kimi Kurtar\u0131r adl\u0131 be\u015finci cildinde edebiyat\u0131n tas\u0131n\u0131 \u00e7atlat\u0131rcas\u0131na dedikodu kazan\u0131n\u0131 kaynat\u0131yor. Yedi cihandan<span class=\"excerpt-hellip\"> [\u2026]<\/span><\/p>\n","protected":false},"featured_media":0,"template":"","meta":{"_monsterinsights_skip_tracking":false,"_monsterinsights_sitenote_active":false,"_monsterinsights_sitenote_note":"","_monsterinsights_sitenote_category":0},"product_brand":[],"product_cat":[12777,12291],"product_tag":[],"class_list":{"0":"post-726068","1":"product","2":"type-product","3":"status-publish","5":"product_cat-deneme","6":"product_cat-edebiyat","7":"pa_cilt-ciltsiz","8":"pa_tur-kitap","9":"pa_yayinevi-sel-yayincilik","10":"pa_yazar-salah-birsel","12":"first","13":"instock","14":"sale","15":"shipping-taxable","16":"purchasable","17":"product-type-simple"},"_links":{"self":[{"href":"https:\/\/roveyayinevi.com.tr\/index.php\/wp-json\/wp\/v2\/product\/726068","targetHints":{"allow":["GET"]}}],"collection":[{"href":"https:\/\/roveyayinevi.com.tr\/index.php\/wp-json\/wp\/v2\/product"}],"about":[{"href":"https:\/\/roveyayinevi.com.tr\/index.php\/wp-json\/wp\/v2\/types\/product"}],"wp:attachment":[{"href":"https:\/\/roveyayinevi.com.tr\/index.php\/wp-json\/wp\/v2\/media?parent=726068"}],"wp:term":[{"taxonomy":"product_brand","embeddable":true,"href":"https:\/\/roveyayinevi.com.tr\/index.php\/wp-json\/wp\/v2\/product_brand?post=726068"},{"taxonomy":"product_cat","embeddable":true,"href":"https:\/\/roveyayinevi.com.tr\/index.php\/wp-json\/wp\/v2\/product_cat?post=726068"},{"taxonomy":"product_tag","embeddable":true,"href":"https:\/\/roveyayinevi.com.tr\/index.php\/wp-json\/wp\/v2\/product_tag?post=726068"}],"curies":[{"name":"wp","href":"https:\/\/api.w.org\/{rel}","templated":true}]}}