{"id":726066,"date":"2025-08-27T20:00:42","date_gmt":"2025-08-27T17:00:42","guid":{"rendered":"https:\/\/roveyayinevi.com.tr\/index.php\/urun\/frida-ve-sihirli-corbasi\/"},"modified":"2026-02-03T02:49:12","modified_gmt":"2026-02-02T23:49:12","slug":"frida-ve-sihirli-corbasi","status":"publish","type":"product","link":"https:\/\/roveyayinevi.com.tr\/index.php\/urun\/frida-ve-sihirli-corbasi\/","title":{"rendered":"Frida Ve Sihirli \u00c7orbas\u0131"},"content":{"rendered":"<p>Frida, \u00f6nemli bir yere davet edilmi\u015fti. Giderken g\u00f6t\u00fcrece\u011fi kekin yan\u0131nda mantar \u00e7orbas\u0131 da yapmaya karar verdi. Ancak Frida, her zamanki gibi tela\u015fl\u0131 ve dikkatsizdi. \u00c7orban\u0131n i\u00e7ine ad\u0131n\u0131 bile bilmedi\u011fi otlar\u0131 kar\u0131\u015ft\u0131rd\u0131. Frida\u2019n\u0131n dikkatsizli\u011fi ve unutkanl\u0131\u011f\u0131 ba\u015f\u0131na yine ne i\u015fler a\u00e7acak acaba?   <\/p>\n","protected":false},"excerpt":{"rendered":"<p>Frida, \u00f6nemli bir yere davet edilmi\u015fti. Giderken g\u00f6t\u00fcrece\u011fi kekin yan\u0131nda mantar \u00e7orbas\u0131 da yapmaya karar verdi. Ancak Frida, her zamanki gibi tela\u015fl\u0131 ve dikkatsizdi. \u00c7orban\u0131n i\u00e7ine<span class=\"excerpt-hellip\"> [\u2026]<\/span><\/p>\n","protected":false},"featured_media":0,"template":"","meta":{"_monsterinsights_skip_tracking":false,"_monsterinsights_sitenote_active":false,"_monsterinsights_sitenote_note":"","_monsterinsights_sitenote_category":0},"product_brand":[],"product_cat":[12274,12518],"product_tag":[],"class_list":{"0":"post-726066","1":"product","2":"type-product","3":"status-publish","5":"product_cat-cocuk-ve-genclik-kitaplari","6":"product_cat-okul-oncesi-kitaplar","7":"pa_cilt-ciltsiz","8":"pa_tur-kitap","9":"pa_yayinevi-is-bankasi-kultur-yayinlari","10":"pa_yazar-jutta-langreuter","12":"first","13":"instock","14":"sale","15":"shipping-taxable","16":"purchasable","17":"product-type-simple"},"_links":{"self":[{"href":"https:\/\/roveyayinevi.com.tr\/index.php\/wp-json\/wp\/v2\/product\/726066","targetHints":{"allow":["GET"]}}],"collection":[{"href":"https:\/\/roveyayinevi.com.tr\/index.php\/wp-json\/wp\/v2\/product"}],"about":[{"href":"https:\/\/roveyayinevi.com.tr\/index.php\/wp-json\/wp\/v2\/types\/product"}],"wp:attachment":[{"href":"https:\/\/roveyayinevi.com.tr\/index.php\/wp-json\/wp\/v2\/media?parent=726066"}],"wp:term":[{"taxonomy":"product_brand","embeddable":true,"href":"https:\/\/roveyayinevi.com.tr\/index.php\/wp-json\/wp\/v2\/product_brand?post=726066"},{"taxonomy":"product_cat","embeddable":true,"href":"https:\/\/roveyayinevi.com.tr\/index.php\/wp-json\/wp\/v2\/product_cat?post=726066"},{"taxonomy":"product_tag","embeddable":true,"href":"https:\/\/roveyayinevi.com.tr\/index.php\/wp-json\/wp\/v2\/product_tag?post=726066"}],"curies":[{"name":"wp","href":"https:\/\/api.w.org\/{rel}","templated":true}]}}