{"id":726064,"date":"2025-08-27T20:00:39","date_gmt":"2025-08-27T17:00:39","guid":{"rendered":"https:\/\/roveyayinevi.com.tr\/index.php\/urun\/bir-ucurumun-haritasi\/"},"modified":"2026-04-16T02:33:59","modified_gmt":"2026-04-15T23:33:59","slug":"bir-ucurumun-haritasi","status":"publish","type":"product","link":"https:\/\/roveyayinevi.com.tr\/index.php\/urun\/bir-ucurumun-haritasi\/","title":{"rendered":"Bir U\u00e7urumun Haritas\u0131"},"content":{"rendered":"<p>Virg\u00fcl yanl\u0131\u015f yerde, nokta hi\u00e7 yok\u00d6l\u00fcm\u00fcn imlas\u0131 ne zor, okunmuyorBir veda mektubu ald\u0131m, i\u00e7inde veda yok!Yeni bir lisan \u00f6\u011frenir gibiyim&#8230; Bir U\u00e7urumun Haritas\u0131\u2019nda \u015fiirlere birer paragrafl\u0131k denemeler e\u015flik ediyor. Akg\u00fcl, metinleraras\u0131l\u0131\u011fa yaslanan imgelerden \u00e7ok hat\u0131ra u\u00e7lar\u0131n\u0131 k\u0131\u015fk\u0131rt\u0131c\u0131 imgeler olarak kullan\u0131yor. B\u00f6ylelikle ya\u015fam \u015fiire d\u00f6n\u00fc\u015f\u00fcrken \u015fiir de \u00f6zg\u00fcnle\u015fip ya\u015fama evriliyor. Sanat\u0131n olabildi\u011fince \u015fahsi olmas\u0131 gerekti\u011finin alt\u0131n\u0131 \u00e7izen Akg\u00fcl, \u201cYa\u015fad\u0131k\u00e7a, tecr\u00fcbe ettik\u00e7e hayat\u0131, varolu\u015fumuz bir harita gibi katlan\u0131r; kat izleri y\u00fcz\u00fcnden co\u011frafya g\u00f6r\u00fcnmez olur. Bu haritay\u0131 \u015fiirle a\u00e7abiliriz ancak; yaz\u0131ld\u0131k\u00e7a \u015fiir, ruhumuzun \u015fose yollar\u0131 belirir; u\u00e7urumlarda son bulan sapa yollar \u015fiirle ayd\u0131nlan\u0131r\u201d diyor.<\/p>\n","protected":false},"excerpt":{"rendered":"<p>Virg\u00fcl yanl\u0131\u015f yerde, nokta hi\u00e7 yok\u00d6l\u00fcm\u00fcn imlas\u0131 ne zor, okunmuyorBir veda mektubu ald\u0131m, i\u00e7inde veda yok!Yeni bir lisan \u00f6\u011frenir gibiyim&#8230; Bir U\u00e7urumun Haritas\u0131\u2019nda \u015fiirlere birer paragrafl\u0131k<span class=\"excerpt-hellip\"> [\u2026]<\/span><\/p>\n","protected":false},"featured_media":0,"template":"","meta":{"_monsterinsights_skip_tracking":false,"_monsterinsights_sitenote_active":false,"_monsterinsights_sitenote_note":"","_monsterinsights_sitenote_category":0},"product_brand":[],"product_cat":[12291,12509],"product_tag":[],"class_list":{"0":"post-726064","1":"product","2":"type-product","3":"status-publish","5":"product_cat-edebiyat","6":"product_cat-siir","7":"pa_cilt-ciltsiz","8":"pa_tur-kitap","9":"pa_yayinevi-yapi-kredi-yayinlari","10":"pa_yazar-alphan-akgul","12":"first","13":"instock","14":"sale","15":"shipping-taxable","16":"purchasable","17":"product-type-simple"},"_links":{"self":[{"href":"https:\/\/roveyayinevi.com.tr\/index.php\/wp-json\/wp\/v2\/product\/726064","targetHints":{"allow":["GET"]}}],"collection":[{"href":"https:\/\/roveyayinevi.com.tr\/index.php\/wp-json\/wp\/v2\/product"}],"about":[{"href":"https:\/\/roveyayinevi.com.tr\/index.php\/wp-json\/wp\/v2\/types\/product"}],"wp:attachment":[{"href":"https:\/\/roveyayinevi.com.tr\/index.php\/wp-json\/wp\/v2\/media?parent=726064"}],"wp:term":[{"taxonomy":"product_brand","embeddable":true,"href":"https:\/\/roveyayinevi.com.tr\/index.php\/wp-json\/wp\/v2\/product_brand?post=726064"},{"taxonomy":"product_cat","embeddable":true,"href":"https:\/\/roveyayinevi.com.tr\/index.php\/wp-json\/wp\/v2\/product_cat?post=726064"},{"taxonomy":"product_tag","embeddable":true,"href":"https:\/\/roveyayinevi.com.tr\/index.php\/wp-json\/wp\/v2\/product_tag?post=726064"}],"curies":[{"name":"wp","href":"https:\/\/api.w.org\/{rel}","templated":true}]}}