{"id":726063,"date":"2025-08-27T20:00:38","date_gmt":"2025-08-27T17:00:38","guid":{"rendered":"https:\/\/roveyayinevi.com.tr\/index.php\/urun\/cikartmalarla-kolay-matematik-10-11-yas\/"},"modified":"2026-04-16T02:33:59","modified_gmt":"2026-04-15T23:33:59","slug":"cikartmalarla-kolay-matematik-10-11-yas","status":"publish","type":"product","link":"https:\/\/roveyayinevi.com.tr\/index.php\/urun\/cikartmalarla-kolay-matematik-10-11-yas\/","title":{"rendered":"\u00c7\u0131kartmalarla Kolay Matematik 10-11 Ya\u015f"},"content":{"rendered":"<p>\u00c7\u0131kartmalarla Kolay Matematik E\u011flenerek \u00d6\u011frenelim \u00c7\u0131kartmalarla Kolay Matematik \u00e7ocuklar\u0131n temel matematik becerilerini geli\u015ftirmek i\u00e7in m\u00fckemmel al\u0131\u015ft\u0131rma kitab\u0131d\u0131r.  Anla\u015f\u0131lmas\u0131 kolay ve ilgi \u00e7ekici al\u0131\u015ft\u0131rmalar ve aktiviteler  Rahat\u00e7a izlenebilen y\u00f6nergeler  Matematik m\u00fcfredat\u0131na uygun E\u011flenceli \u00e7\u0131kartmalar ve ailelere rehberlik edecek k\u0131sa \u00f6neriler, kitab\u0131n \u00e7ok daha verimli kullan\u0131lmas\u0131n\u0131 sa\u011flar. \u00c7ocu\u011funuz kitaptaki al\u0131\u015ft\u0131rmalar\u0131 tamamlad\u0131k\u00e7a, kendine g\u00fcveni artacak ve ger\u00e7ek ba\u015far\u0131 duygusunu tan\u0131maya ba\u015flayacakt\u0131r.  <\/p>\n","protected":false},"excerpt":{"rendered":"<p>\u00c7\u0131kartmalarla Kolay Matematik E\u011flenerek \u00d6\u011frenelim \u00c7\u0131kartmalarla Kolay Matematik \u00e7ocuklar\u0131n temel matematik becerilerini geli\u015ftirmek i\u00e7in m\u00fckemmel al\u0131\u015ft\u0131rma kitab\u0131d\u0131r. Anla\u015f\u0131lmas\u0131 kolay ve ilgi \u00e7ekici al\u0131\u015ft\u0131rmalar ve aktiviteler Rahat\u00e7a<span class=\"excerpt-hellip\"> [\u2026]<\/span><\/p>\n","protected":false},"featured_media":0,"template":"","meta":{"_monsterinsights_skip_tracking":false,"_monsterinsights_sitenote_active":false,"_monsterinsights_sitenote_note":"","_monsterinsights_sitenote_category":0},"product_brand":[],"product_cat":[12275,12274],"product_tag":[],"class_list":{"0":"post-726063","1":"product","2":"type-product","3":"status-publish","5":"product_cat-6-12-yas-kitaplari","6":"product_cat-cocuk-ve-genclik-kitaplari","7":"pa_cilt-ciltsiz","8":"pa_tur-kitap","9":"pa_yayinevi-is-bankasi-kultur-yayinlari","10":"pa_yazar-first4maths","12":"first","13":"instock","14":"sale","15":"shipping-taxable","16":"purchasable","17":"product-type-simple"},"_links":{"self":[{"href":"https:\/\/roveyayinevi.com.tr\/index.php\/wp-json\/wp\/v2\/product\/726063","targetHints":{"allow":["GET"]}}],"collection":[{"href":"https:\/\/roveyayinevi.com.tr\/index.php\/wp-json\/wp\/v2\/product"}],"about":[{"href":"https:\/\/roveyayinevi.com.tr\/index.php\/wp-json\/wp\/v2\/types\/product"}],"wp:attachment":[{"href":"https:\/\/roveyayinevi.com.tr\/index.php\/wp-json\/wp\/v2\/media?parent=726063"}],"wp:term":[{"taxonomy":"product_brand","embeddable":true,"href":"https:\/\/roveyayinevi.com.tr\/index.php\/wp-json\/wp\/v2\/product_brand?post=726063"},{"taxonomy":"product_cat","embeddable":true,"href":"https:\/\/roveyayinevi.com.tr\/index.php\/wp-json\/wp\/v2\/product_cat?post=726063"},{"taxonomy":"product_tag","embeddable":true,"href":"https:\/\/roveyayinevi.com.tr\/index.php\/wp-json\/wp\/v2\/product_tag?post=726063"}],"curies":[{"name":"wp","href":"https:\/\/api.w.org\/{rel}","templated":true}]}}