{"id":726062,"date":"2025-08-27T20:00:38","date_gmt":"2025-08-27T17:00:38","guid":{"rendered":"https:\/\/roveyayinevi.com.tr\/index.php\/urun\/a-rip-in-the-sea\/"},"modified":"2026-04-16T02:33:59","modified_gmt":"2026-04-15T23:33:59","slug":"a-rip-in-the-sea","status":"publish","type":"product","link":"https:\/\/roveyayinevi.com.tr\/index.php\/urun\/a-rip-in-the-sea\/","title":{"rendered":"A Rip In The Sea"},"content":{"rendered":"<p>Eczac\u0131ba\u015f\u0131 Holding Y\u00f6netim Kurulu Ba\u015fkan\u0131 B\u00fclent Eczac\u0131ba\u015f\u0131\u2019n\u0131n 2018\u2019de yay\u0131mlanan \u0130\u015fim G\u00fcc\u00fcm Budur Benim adl\u0131 kitab\u0131 \u0130ngilizceye \u00e7evrildi. \u201c\u0130\u015f \u0130nsan\u0131n\u0131n Yeni Sorumluluklar\u0131\u201d altba\u015fl\u0131\u011f\u0131n\u0131 ta\u015f\u0131yan kitapta B\u00fclent Eczac\u0131ba\u015f\u0131 y\u00f6netim, ekonomi, s\u00fcrd\u00fcr\u00fclebilirlik, toplum ve k\u00fclt\u00fcr-sanat alanlar\u0131na odaklan\u0131yor. Kendi deneyimlerinden yola \u00e7\u0131karak yak\u0131n tarihe, bug\u00fcne ve gelece\u011fe ili\u015fkin g\u00f6r\u00fc\u015flerini dile getiriyor. \u0130\u015fim G\u00fcc\u00fcm Budur Benim, i\u015f d\u00fcnyas\u0131n\u0131 merak edenler, i\u015f ya\u015fam\u0131na yeni giren ya da girmeyi d\u00fc\u015f\u00fcnen gen\u00e7ler i\u00e7in yaz\u0131ld\u0131.  A Rip in the Sea is the English translation of \u0130\u015fim G\u00fcc\u00fcm Budur Benim, authored by Eczac\u0131ba\u015f\u0131 Holding Chairman B\u00fclent Eczac\u0131ba\u015f\u0131 and first published in Turkish in 2018.Drawing on more than four decades of business experience, B\u00fclent Eczac\u0131ba\u015f\u0131 examines issues related to management, the economy, sustainability, society, and culture and arts and explores the role of businesspeople in contributing to solutions. While focusing primarily on pivotal changes in Turkey, the book asks probing questions about responsibility that business leaders everywhere need to consider. A Rip in the Sea is for people interested in the business world and especially for young people just starting out in business life, or those considering a career in business. <\/p>\n","protected":false},"excerpt":{"rendered":"<p>Eczac\u0131ba\u015f\u0131 Holding Y\u00f6netim Kurulu Ba\u015fkan\u0131 B\u00fclent Eczac\u0131ba\u015f\u0131\u2019n\u0131n 2018\u2019de yay\u0131mlanan \u0130\u015fim G\u00fcc\u00fcm Budur Benim adl\u0131 kitab\u0131 \u0130ngilizceye \u00e7evrildi. \u201c\u0130\u015f \u0130nsan\u0131n\u0131n Yeni Sorumluluklar\u0131\u201d altba\u015fl\u0131\u011f\u0131n\u0131 ta\u015f\u0131yan kitapta B\u00fclent Eczac\u0131ba\u015f\u0131<span class=\"excerpt-hellip\"> [\u2026]<\/span><\/p>\n","protected":false},"featured_media":0,"template":"","meta":{"_monsterinsights_skip_tracking":false,"_monsterinsights_sitenote_active":false,"_monsterinsights_sitenote_note":"","_monsterinsights_sitenote_category":0},"product_brand":[],"product_cat":[12472],"product_tag":[],"class_list":{"0":"post-726062","1":"product","2":"type-product","3":"status-publish","5":"product_cat-yabanci-dilde-kitaplar","6":"pa_cilt-ciltsiz","7":"pa_tur-kitap","8":"pa_yayinevi-yapi-kredi-yayinlari","9":"pa_yazar-bulent-eczacibasi","11":"first","12":"instock","13":"sale","14":"shipping-taxable","15":"purchasable","16":"product-type-simple"},"_links":{"self":[{"href":"https:\/\/roveyayinevi.com.tr\/index.php\/wp-json\/wp\/v2\/product\/726062","targetHints":{"allow":["GET"]}}],"collection":[{"href":"https:\/\/roveyayinevi.com.tr\/index.php\/wp-json\/wp\/v2\/product"}],"about":[{"href":"https:\/\/roveyayinevi.com.tr\/index.php\/wp-json\/wp\/v2\/types\/product"}],"wp:attachment":[{"href":"https:\/\/roveyayinevi.com.tr\/index.php\/wp-json\/wp\/v2\/media?parent=726062"}],"wp:term":[{"taxonomy":"product_brand","embeddable":true,"href":"https:\/\/roveyayinevi.com.tr\/index.php\/wp-json\/wp\/v2\/product_brand?post=726062"},{"taxonomy":"product_cat","embeddable":true,"href":"https:\/\/roveyayinevi.com.tr\/index.php\/wp-json\/wp\/v2\/product_cat?post=726062"},{"taxonomy":"product_tag","embeddable":true,"href":"https:\/\/roveyayinevi.com.tr\/index.php\/wp-json\/wp\/v2\/product_tag?post=726062"}],"curies":[{"name":"wp","href":"https:\/\/api.w.org\/{rel}","templated":true}]}}