{"id":726061,"date":"2025-08-27T20:00:37","date_gmt":"2025-08-27T17:00:37","guid":{"rendered":"https:\/\/roveyayinevi.com.tr\/index.php\/urun\/kis-yolculugu\/"},"modified":"2026-04-16T02:33:59","modified_gmt":"2026-04-15T23:33:59","slug":"kis-yolculugu","status":"publish","type":"product","link":"https:\/\/roveyayinevi.com.tr\/index.php\/urun\/kis-yolculugu\/","title":{"rendered":"K\u0131\u015f Yolculu\u011fu"},"content":{"rendered":"<p>Sel\u00e7uk Baran\u2019\u0131n yedi \u00f6yk\u00fc kitab\u0131 daha \u00f6nce Yap\u0131 Kredi Yay\u0131nlar\u0131\u2019ndan Ceviz A\u011fac\u0131na Kar Ya\u011fd\u0131 (2008) ad\u0131yla tek ciltte toplanm\u0131\u015ft\u0131. B\u00fct\u00fcn \u00f6yk\u00fcleri \u015fimdi g\u00f6zden ge\u00e7irilerek, yazar portreli kapaklarla ayr\u0131 ayr\u0131 bas\u0131l\u0131yor.Sel\u00e7uk Baran\u2019\u0131n \u00fc\u00e7\u00fcnc\u00fc \u00f6yk\u00fc kitab\u0131 K\u0131\u015f Yolculu\u011fu (1984) \u201cT\u00fcrk\u00e2n Han\u0131m\u2019\u0131n \u00d6l\u00fcm\u00fc\u201d, \u201cTemmuz, A\u011fustos, Eyl\u00fcl\u201d ve \u201cK\u0131\u015f Yolculu\u011fu\u201d adl\u0131 \u00fc\u00e7 uzun \u00f6yk\u00fcden olu\u015fuyor. Bunlardan \u201cT\u00fcrk\u00e2n Han\u0131m\u2019\u0131n \u00d6l\u00fcm\u00fc\u201d yazar\u0131 taraf\u0131ndan tiyatro oyunu olarak yeniden yaz\u0131ld\u0131 ve Ankara Devlet Tiyatrosu \u015einasi Sahnesi\u2019nde 1990-91 sezonunda sahnelendi. \u00d6yk\u00fc ve oyun metni birlikte bu y\u0131l Yap\u0131 Kredi Yay\u0131nlar\u0131 aras\u0131nda \u00e7\u0131km\u0131\u015ft\u0131.Yaln\u0131zl\u0131k ve umutsuzluk dolu \u00f6yk\u00fclerinde d\u00fc\u015fsel, \u015fiirli bir hava yaratmakta ba\u015far\u0131 g\u00f6sterdi\u011fi kabul edilen Sel\u00e7uk Baran, Beh\u00e7et Necatigil\u2019den Vedat G\u00fcnyol\u2019a, F\u00fcsun Akatl\u0131\u2019dan Selim \u0130leri\u2019ye, Hulki Aktun\u00e7\u2019tan \u0130brahim Y\u0131ld\u0131r\u0131m\u2019a, \u0130nci Aral\u2019dan Beh\u00e7et \u00c7elik\u2019e pek \u00e7ok yazar\u0131n \u00f6vg\u00fcyle \u00fcst\u00fcnde durdu\u011fu, ancak g\u00fcn\u00fcm\u00fcz okuru taraf\u0131ndan daha fazla ke\u015ffedilmeyi bekleyen bir yazar.\u201c\u0130\u00e7ime zehrini sal\u0131p gitti. Kimdi, neyin nesiydi? Sorup \u00f6\u011frenmeye hi\u00e7 niyetim yoktu. Y\u00fcre\u011fime bir b\u0131\u00e7ak saplanm\u0131\u015ft\u0131. Ac\u0131s\u0131ndan uluyabilirdim. Gene de s\u00f6z\u00fcn\u00fc dinledim. Pencerenin \u00f6n\u00fcnde durup ufka bakt\u0131m.\u201d<\/p>\n","protected":false},"excerpt":{"rendered":"<p>Sel\u00e7uk Baran\u2019\u0131n yedi \u00f6yk\u00fc kitab\u0131 daha \u00f6nce Yap\u0131 Kredi Yay\u0131nlar\u0131\u2019ndan Ceviz A\u011fac\u0131na Kar Ya\u011fd\u0131 (2008) ad\u0131yla tek ciltte toplanm\u0131\u015ft\u0131. B\u00fct\u00fcn \u00f6yk\u00fcleri \u015fimdi g\u00f6zden ge\u00e7irilerek, yazar portreli<span class=\"excerpt-hellip\"> [\u2026]<\/span><\/p>\n","protected":false},"featured_media":0,"template":"","meta":{"_monsterinsights_skip_tracking":false,"_monsterinsights_sitenote_active":false,"_monsterinsights_sitenote_note":"","_monsterinsights_sitenote_category":0},"product_brand":[],"product_cat":[12291,12711],"product_tag":[],"class_list":{"0":"post-726061","1":"product","2":"type-product","3":"status-publish","5":"product_cat-edebiyat","6":"product_cat-roman-oyku","7":"pa_cilt-ciltsiz","8":"pa_tur-kitap","9":"pa_yayinevi-yapi-kredi-yayinlari","10":"pa_yazar-selcuk-baran","12":"first","13":"instock","14":"sale","15":"shipping-taxable","16":"purchasable","17":"product-type-simple"},"_links":{"self":[{"href":"https:\/\/roveyayinevi.com.tr\/index.php\/wp-json\/wp\/v2\/product\/726061","targetHints":{"allow":["GET"]}}],"collection":[{"href":"https:\/\/roveyayinevi.com.tr\/index.php\/wp-json\/wp\/v2\/product"}],"about":[{"href":"https:\/\/roveyayinevi.com.tr\/index.php\/wp-json\/wp\/v2\/types\/product"}],"wp:attachment":[{"href":"https:\/\/roveyayinevi.com.tr\/index.php\/wp-json\/wp\/v2\/media?parent=726061"}],"wp:term":[{"taxonomy":"product_brand","embeddable":true,"href":"https:\/\/roveyayinevi.com.tr\/index.php\/wp-json\/wp\/v2\/product_brand?post=726061"},{"taxonomy":"product_cat","embeddable":true,"href":"https:\/\/roveyayinevi.com.tr\/index.php\/wp-json\/wp\/v2\/product_cat?post=726061"},{"taxonomy":"product_tag","embeddable":true,"href":"https:\/\/roveyayinevi.com.tr\/index.php\/wp-json\/wp\/v2\/product_tag?post=726061"}],"curies":[{"name":"wp","href":"https:\/\/api.w.org\/{rel}","templated":true}]}}