{"id":726057,"date":"2025-08-27T20:00:32","date_gmt":"2025-08-27T17:00:32","guid":{"rendered":"https:\/\/roveyayinevi.com.tr\/index.php\/urun\/kezibana-mektuplar\/"},"modified":"2026-04-16T02:33:59","modified_gmt":"2026-04-15T23:33:59","slug":"kezibana-mektuplar","status":"publish","type":"product","link":"https:\/\/roveyayinevi.com.tr\/index.php\/urun\/kezibana-mektuplar\/","title":{"rendered":"Keziban\u2019a Mektuplar"},"content":{"rendered":"<p>Nurullah Ata\u00e7\u2019\u0131n \u201cKeziban\u2019a Mektuplar\u201d ve \u201cAy\u015fe\u2019ye Mektup\u201d ba\u015fl\u0131klar\u0131 alt\u0131nda 1926-1940 y\u0131llar\u0131 aras\u0131ndaki s\u00fcreli yay\u0131nlarda kalm\u0131\u015f yaz\u0131lar\u0131 Keziban\u2019a Mektuplar ad\u0131yla ilk kez Yap\u0131 Kredi Yay\u0131nlar\u0131\u2019nda kitapla\u015farak okuruyla bulu\u015fuyor.Mehmet Can Do\u011fan\u2019\u0131n b\u00fcy\u00fck bir titizlikle haz\u0131rlad\u0131\u011f\u0131 kitapta, Keziban\u2019a 14 y\u0131l boyunca yaz\u0131lm\u0131\u015f toplam 44, Ay\u015fe\u2019ye ise hepsi 1940\u2019ta yaz\u0131lm\u0131\u015f 10 mektup bulunuyor.Ata\u00e7, mektup bi\u00e7imindeki ele\u015ftirel denemelerinde yaz\u0131nsal sorunlar \u00fczerine Keziban\u2019la d\u00fc\u015f\u00fcn\u00fcrken bazen ona, bazen kendisine kar\u015f\u0131 \u00e7\u0131k\u0131yor. Lirizm, intihal, snopluk, delilik, muamma, tesir, ele\u015ftiri, anket, samimiyet, eski \u015fiir, yenilik konular\u0131n\u0131n yan\u0131 s\u0131ra, dergilerde okudu\u011fu kimi yaz\u0131lar \u00fcst\u00fcne yapt\u0131\u011f\u0131 ele\u015ftirilerde, yazarlarla girdi\u011fi polemiklerde alabildi\u011fine alayc\u0131, ku\u015fkucu, sivri dilli bir Ata\u00e7, Ay\u015fe\u2019ye mektuplar\u0131ndaysa b\u00fcsb\u00fct\u00fcn a\u015fka d\u00fc\u015fm\u00fc\u015f, b\u00fcsb\u00fct\u00fcn h\u00fclyal\u0131 bir Ata\u00e7 \u00e7\u0131k\u0131yor kar\u015f\u0131m\u0131za. Sanki biri muhayyel, biri ger\u00e7ek iki kad\u0131na yaz\u0131lm\u0131\u015f mektuplar, yazan-ya\u015fayan Ata\u00e7\u2019\u0131n d\u00fc\u015f\u00fcncelerine, duygular\u0131na \u0131\u015f\u0131k tutuyor.Nurullah Ata\u00e7\u2019\u0131n modern d\u00fczyaz\u0131m\u0131z\u0131n kurucu ustalar\u0131ndan oldu\u011fu Keziban\u2019a Mektuplar\u2019da bir kez daha g\u00f6r\u00fcl\u00fcyor.\u201cYenilik pe\u015finde ko\u015fanlar\u0131n kendilerini tehlikeye att\u0131klar\u0131n\u0131 s\u00f6yledim, Keziban; do\u011fru, ancak \u015fu var ki eskiye, s\u0131nanm\u0131\u015fa ba\u011flananlar do\u011frudan do\u011fruya \u00f6l\u00fcme at\u0131lm\u0131\u015f olurlar. Her \u00e7i\u011fnenmi\u015f yolun ucunda \u00f6l\u00fcm vard\u0131r; dirim her vakit yeniliktedir.\u201d<\/p>\n","protected":false},"excerpt":{"rendered":"<p>Nurullah Ata\u00e7\u2019\u0131n \u201cKeziban\u2019a Mektuplar\u201d ve \u201cAy\u015fe\u2019ye Mektup\u201d ba\u015fl\u0131klar\u0131 alt\u0131nda 1926-1940 y\u0131llar\u0131 aras\u0131ndaki s\u00fcreli yay\u0131nlarda kalm\u0131\u015f yaz\u0131lar\u0131 Keziban\u2019a Mektuplar ad\u0131yla ilk kez Yap\u0131 Kredi Yay\u0131nlar\u0131\u2019nda kitapla\u015farak okuruyla<span class=\"excerpt-hellip\"> [\u2026]<\/span><\/p>\n","protected":false},"featured_media":0,"template":"","meta":{"_monsterinsights_skip_tracking":false,"_monsterinsights_sitenote_active":false,"_monsterinsights_sitenote_note":"","_monsterinsights_sitenote_category":0},"product_brand":[],"product_cat":[12777,12291],"product_tag":[],"class_list":{"0":"post-726057","1":"product","2":"type-product","3":"status-publish","5":"product_cat-deneme","6":"product_cat-edebiyat","7":"pa_cilt-ciltsiz","8":"pa_tur-kitap","9":"pa_yayinevi-yapi-kredi-yayinlari","10":"pa_yazar-nurullah-atac","12":"first","13":"instock","14":"sale","15":"shipping-taxable","16":"purchasable","17":"product-type-simple"},"_links":{"self":[{"href":"https:\/\/roveyayinevi.com.tr\/index.php\/wp-json\/wp\/v2\/product\/726057","targetHints":{"allow":["GET"]}}],"collection":[{"href":"https:\/\/roveyayinevi.com.tr\/index.php\/wp-json\/wp\/v2\/product"}],"about":[{"href":"https:\/\/roveyayinevi.com.tr\/index.php\/wp-json\/wp\/v2\/types\/product"}],"wp:attachment":[{"href":"https:\/\/roveyayinevi.com.tr\/index.php\/wp-json\/wp\/v2\/media?parent=726057"}],"wp:term":[{"taxonomy":"product_brand","embeddable":true,"href":"https:\/\/roveyayinevi.com.tr\/index.php\/wp-json\/wp\/v2\/product_brand?post=726057"},{"taxonomy":"product_cat","embeddable":true,"href":"https:\/\/roveyayinevi.com.tr\/index.php\/wp-json\/wp\/v2\/product_cat?post=726057"},{"taxonomy":"product_tag","embeddable":true,"href":"https:\/\/roveyayinevi.com.tr\/index.php\/wp-json\/wp\/v2\/product_tag?post=726057"}],"curies":[{"name":"wp","href":"https:\/\/api.w.org\/{rel}","templated":true}]}}