{"id":726049,"date":"2025-08-27T20:00:26","date_gmt":"2025-08-27T17:00:26","guid":{"rendered":"https:\/\/roveyayinevi.com.tr\/index.php\/urun\/cin-mimarisi\/"},"modified":"2026-04-16T02:33:58","modified_gmt":"2026-04-15T23:33:58","slug":"cin-mimarisi","status":"publish","type":"product","link":"https:\/\/roveyayinevi.com.tr\/index.php\/urun\/cin-mimarisi\/","title":{"rendered":"\u00c7in Mimarisi"},"content":{"rendered":"<p>\u00c7at\u0131lardan kap\u0131lara, bah\u00e7elerden salonlara a\u00e7\u0131lan yelpazede \u00c7in mimarisini be\u015f bin y\u0131ll\u0131k geli\u015fimi i\u00e7inde anlatan eser, \u00fclke k\u00fclt\u00fcr\u00fcn\u00fcn en renkli b\u00f6l\u00fcm\u00fcne dair ayr\u0131nt\u0131l\u0131 ve son derece ilgin\u00e7 bilgiler i\u00e7eriyor.- Antik \u015fehirler ve ba\u015fkent in\u015fas\u0131- \u0130mparatorluk g\u00fcc\u00fcn\u00fc yans\u0131tan saray yap\u0131lar\u0131- \u00c7in Seddi\u2019nin muhte\u015fem tarz\u0131- \u015eehir surlar\u0131, kap\u0131lar ve pagodalar- Tap\u0131nak ve mezar mimarisi- Taoizm, Budizm, H\u0131ristiyanl\u0131k, \u0130slamiyet ve dinlerin mimari etkisi- \u00c7in bah\u00e7elerinin e\u015fsiz g\u00fczelli\u011fi- Az\u0131nl\u0131k milliyetlerin mimari k\u00fclt\u00fcr\u00fc- \u00c7in mimarisinde Bat\u0131 etkisi- Beijing, Shanghai, Tianjin, Qingdao, Hong Kong ve kent planlamas\u0131\u00d6zellikle 1978&#8217;de ba\u015flayan Reform ve D\u0131\u015fa A\u00e7\u0131l\u0131m s\u00fcreciyle birlikte, \u015fehirlerin g\u00f6r\u00fcn\u00fc\u015flerinde h\u0131zl\u0131 de\u011fi\u015fiklikler ya\u015fand\u0131, mimari tarz \u00e7ok daha \u00e7e\u015fitlendi. G\u00fcn\u00fcm\u00fczde, zaman\u0131n tarz\u0131n\u0131n do\u011fal uyumunu yakalamak ve etnik tarz, modern \u00c7in mimarisinin en \u00f6nemli temas\u0131d\u0131r.<\/p>\n","protected":false},"excerpt":{"rendered":"<p>\u00c7at\u0131lardan kap\u0131lara, bah\u00e7elerden salonlara a\u00e7\u0131lan yelpazede \u00c7in mimarisini be\u015f bin y\u0131ll\u0131k geli\u015fimi i\u00e7inde anlatan eser, \u00fclke k\u00fclt\u00fcr\u00fcn\u00fcn en renkli b\u00f6l\u00fcm\u00fcne dair ayr\u0131nt\u0131l\u0131 ve son derece ilgin\u00e7<span class=\"excerpt-hellip\"> [\u2026]<\/span><\/p>\n","protected":false},"featured_media":0,"template":"","meta":{"_monsterinsights_skip_tracking":false,"_monsterinsights_sitenote_active":false,"_monsterinsights_sitenote_note":"","_monsterinsights_sitenote_category":0},"product_brand":[],"product_cat":[12370,12304],"product_tag":[],"class_list":{"0":"post-726049","1":"product","2":"type-product","3":"status-publish","5":"product_cat-arastirma-inceleme","6":"product_cat-tarih","7":"pa_cilt-ciltsiz","8":"pa_tur-kitap","9":"pa_yayinevi-kaynak-yayinlari","10":"pa_yazar-cai-yanxin","12":"first","13":"instock","14":"sale","15":"shipping-taxable","16":"purchasable","17":"product-type-simple"},"_links":{"self":[{"href":"https:\/\/roveyayinevi.com.tr\/index.php\/wp-json\/wp\/v2\/product\/726049","targetHints":{"allow":["GET"]}}],"collection":[{"href":"https:\/\/roveyayinevi.com.tr\/index.php\/wp-json\/wp\/v2\/product"}],"about":[{"href":"https:\/\/roveyayinevi.com.tr\/index.php\/wp-json\/wp\/v2\/types\/product"}],"wp:attachment":[{"href":"https:\/\/roveyayinevi.com.tr\/index.php\/wp-json\/wp\/v2\/media?parent=726049"}],"wp:term":[{"taxonomy":"product_brand","embeddable":true,"href":"https:\/\/roveyayinevi.com.tr\/index.php\/wp-json\/wp\/v2\/product_brand?post=726049"},{"taxonomy":"product_cat","embeddable":true,"href":"https:\/\/roveyayinevi.com.tr\/index.php\/wp-json\/wp\/v2\/product_cat?post=726049"},{"taxonomy":"product_tag","embeddable":true,"href":"https:\/\/roveyayinevi.com.tr\/index.php\/wp-json\/wp\/v2\/product_tag?post=726049"}],"curies":[{"name":"wp","href":"https:\/\/api.w.org\/{rel}","templated":true}]}}