{"id":726046,"date":"2025-08-27T20:00:23","date_gmt":"2025-08-27T17:00:23","guid":{"rendered":"https:\/\/roveyayinevi.com.tr\/index.php\/urun\/bir-gun-mutlaka-2\/"},"modified":"2026-04-16T02:33:58","modified_gmt":"2026-04-15T23:33:58","slug":"bir-gun-mutlaka-2","status":"publish","type":"product","link":"https:\/\/roveyayinevi.com.tr\/index.php\/urun\/bir-gun-mutlaka-2\/","title":{"rendered":"Bir G\u00fcn Mutlaka"},"content":{"rendered":"<p>Kitaplar\u0131 b\u00fct\u00fcn d\u00fcnyada onlarca dile \u00e7evrilen vesat\u0131\u015f rekorlar\u0131 k\u0131ran New York Times \u00e7oksatan yazar\u0131Debbie Macomber, Yeni D\u00fc\u015fler serisinin \u00fc\u00e7\u00fcnc\u00fc kitab\u0131 ile sizlerle!Bir G\u00fcn Mutlaka, her an\u0131 heyecan dolu bir duygusal ve fiziksel iyile\u015fme hik\u00e2yesi. Kalbimizi hayata, a\u015fka ve yeni ba\u015flang\u0131\u00e7lara her daim a\u00e7\u0131k tutabilmemiz i\u00e7in&#8230;Beth, annesinin hayat\u0131n\u0131 y\u00f6netmesinden bunalm\u0131\u015ft\u0131r ve evden ayr\u0131larak kendi ayaklar\u0131 \u00fczerinde durmaya karar verir. En b\u00fcy\u00fck destek\u00e7isi ise 60\u2019lar\u0131n \u00e7i\u00e7ek \u00e7ocuk ruhunu h\u00e2l\u00e2 i\u00e7inde ta\u015f\u0131yan teyzesi Sunshine olacakt\u0131r. Sunshine\u2019\u0131n ya\u015fad\u0131\u011f\u0131 \u015fehre, Portland\u2019a ta\u015f\u0131nan Beth\u2019i burada s\u00fcrprizlerle dolu bir hayat beklemektedir.Oregon\u2019da bir lisede m\u00fczik \u00f6\u011fretmeni olarak i\u015fe ba\u015flayan Beth\u2019i meslekta\u015f\u0131 Nichole bir arkada\u015f\u0131 ile tan\u0131\u015ft\u0131rmak ister. Nichole\u2019un \u0131srar\u0131yla tan\u0131\u015fmay\u0131 kabul eden Beth s\u0131ra d\u0131\u015f\u0131 bir adam olan Sam ile Nichole\u2019un evindeki bir yemekte bir araya gelir. D\u00f6vmeleri, uzun sa\u00e7lar\u0131, rahat ve umursamaz tav\u0131rlar\u0131yla Sam, Beth\u2019in d\u00fc\u015flerindeki erkek olmaktan \u00e7ok uzakt\u0131r. Beth ise han\u0131m han\u0131mc\u0131k tav\u0131rlar\u0131yla Sam\u2019in hi\u00e7 mi hi\u00e7 ilgisini \u00e7ekmemi\u015ftir. \u0130kisi de bu yemekten ka\u00e7arcas\u0131na ayr\u0131l\u0131r ve bir daha g\u00f6r\u00fc\u015fmemeyi umarlar. Ne var ki ayn\u0131 gece ya\u015fanan \u00fcz\u00fcc\u00fc bir olay yak\u0131nla\u015fmalar\u0131na ve beklenmedik bir a\u015fk\u0131n i\u00e7ine s\u00fcr\u00fcklemelerine sebep olur.Beth kendini tan\u0131y\u0131p \u00f6zg\u00fcrle\u015ftik\u00e7e annesinin ve Sunshine\u2019\u0131nge\u00e7mi\u015flerine \u0131\u015f\u0131k tutacak, ailesinde g\u00fc\u00e7l\u00fc bir de\u011fi\u015fimi ba\u015flatacakt\u0131r.Sam ise kapal\u0131 bir kalple ya\u015famak ile ge\u00e7mi\u015fin y\u00fcklerinden kurtulmak aras\u0131nda bir se\u00e7im yapmak zorunda kalacakt\u0131r<\/p>\n","protected":false},"excerpt":{"rendered":"<p>Kitaplar\u0131 b\u00fct\u00fcn d\u00fcnyada onlarca dile \u00e7evrilen vesat\u0131\u015f rekorlar\u0131 k\u0131ran New York Times \u00e7oksatan yazar\u0131Debbie Macomber, Yeni D\u00fc\u015fler serisinin \u00fc\u00e7\u00fcnc\u00fc kitab\u0131 ile sizlerle!Bir G\u00fcn Mutlaka, her an\u0131<span class=\"excerpt-hellip\"> [\u2026]<\/span><\/p>\n","protected":false},"featured_media":0,"template":"","meta":{"_monsterinsights_skip_tracking":false,"_monsterinsights_sitenote_active":false,"_monsterinsights_sitenote_note":"","_monsterinsights_sitenote_category":0},"product_brand":[],"product_cat":[12291,50487],"product_tag":[],"class_list":{"0":"post-726046","1":"product","2":"type-product","3":"status-publish","5":"product_cat-edebiyat","6":"product_cat-kurgu","7":"pa_cilt-ciltsiz","8":"pa_tur-kitap","9":"pa_yayinevi-epsilon-yayinlari","10":"pa_yazar-debbie-macomber","12":"first","13":"instock","14":"sale","15":"shipping-taxable","16":"purchasable","17":"product-type-simple"},"_links":{"self":[{"href":"https:\/\/roveyayinevi.com.tr\/index.php\/wp-json\/wp\/v2\/product\/726046","targetHints":{"allow":["GET"]}}],"collection":[{"href":"https:\/\/roveyayinevi.com.tr\/index.php\/wp-json\/wp\/v2\/product"}],"about":[{"href":"https:\/\/roveyayinevi.com.tr\/index.php\/wp-json\/wp\/v2\/types\/product"}],"wp:attachment":[{"href":"https:\/\/roveyayinevi.com.tr\/index.php\/wp-json\/wp\/v2\/media?parent=726046"}],"wp:term":[{"taxonomy":"product_brand","embeddable":true,"href":"https:\/\/roveyayinevi.com.tr\/index.php\/wp-json\/wp\/v2\/product_brand?post=726046"},{"taxonomy":"product_cat","embeddable":true,"href":"https:\/\/roveyayinevi.com.tr\/index.php\/wp-json\/wp\/v2\/product_cat?post=726046"},{"taxonomy":"product_tag","embeddable":true,"href":"https:\/\/roveyayinevi.com.tr\/index.php\/wp-json\/wp\/v2\/product_tag?post=726046"}],"curies":[{"name":"wp","href":"https:\/\/api.w.org\/{rel}","templated":true}]}}