{"id":726044,"date":"2025-08-27T20:00:22","date_gmt":"2025-08-27T17:00:22","guid":{"rendered":"https:\/\/roveyayinevi.com.tr\/index.php\/urun\/metamorfoz-insan-vucudunda-degisimin-oykusu\/"},"modified":"2026-04-16T02:33:58","modified_gmt":"2026-04-15T23:33:58","slug":"metamorfoz-insan-vucudunda-degisimin-oykusu","status":"publish","type":"product","link":"https:\/\/roveyayinevi.com.tr\/index.php\/urun\/metamorfoz-insan-vucudunda-degisimin-oykusu\/","title":{"rendered":"Metamorfoz: \u0130nsan V\u00fccudunda De\u011fi\u015fimin \u00d6yk\u00fcs\u00fc"},"content":{"rendered":"<p>\u0130NSAN V\u00dcCUDUNA SEYAHAT&#8217;in yazar\u0131ndan\u201cAk\u0131yor b\u00fct\u00fcn varl\u0131k, de\u011fi\u015fiyor, d\u00f6n\u00fc\u015f\u00fcyor ne varsa.\u201d OVIDIUSYa\u015famak, s\u00fcrekli bir de\u011fi\u015fim hali i\u00e7inde olmak demek: b\u00fcy\u00fcme, iyile\u015fme, \u00f6\u011frenme, ya\u015flanma.Gavin Francis hekimlik hayat\u0131 boyunca \u00e7ok \u015fey g\u00f6rd\u00fc: anoreksi k\u0131skac\u0131ndaki gelecek vadeden hukuk \u00f6\u011frencisi, yasakl\u0131 steroidler y\u00fcz\u00fcnden baba olma ihtimalini kaybetmek \u00fczere olan v\u00fccut geli\u015ftirici, ergenli\u011fin karman \u00e7orman fizyolojisi alt\u0131nda ezilen gen\u00e7, aln\u0131n\u0131n ortas\u0131nda boynuz \u00e7\u0131kmas\u0131na ra\u011fmen ne\u015fesi dinmeyen kad\u0131n\u2026B\u00fcy\u00fck \u00f6vg\u00fc toplayan kitab\u0131 Metamorfoz\u2019da Gavin Francis, hekimlik hayat\u0131nda bizzat kar\u015f\u0131la\u015ft\u0131\u011f\u0131 vakalar\u0131, t\u0131p tarihinden, sanattan, edebiyattan ve mitolojiden \u00f6yk\u00fclerle bir araya getirerek, neden insan olman\u0131n \u00f6z\u00fcnde de\u011fi\u015fimin yatt\u0131\u011f\u0131n\u0131 anlat\u0131yor. Francis\u2019in ellerinde her vaka, kimlik ve tabiatlar\u0131m\u0131z\u0131n biyolojik, psikolojik ve felsefi anlamda ke\u015ffi i\u00e7in birer f\u0131rsata d\u00f6n\u00fc\u015f\u00fcyor.\u201cMuazzam\u2026 Francis t\u0131p tarihini ve t\u0131bbi vakalar\u0131 ayn\u0131 rahatl\u0131kla irdeleyerek insan\u0131n bedenini ve zihnini de\u011fi\u015ftirmekte nas\u0131l da  becerikli oldu\u011funu g\u00f6zler \u00f6n\u00fcne seriyor.\u201dSIDDHARTHA MUKHERJEE\u201cHeyecan verici ve benzersiz. Engin bir zihin ve derin bir insanc\u0131ll\u0131\u011f\u0131n \u00fcr\u00fcn\u00fc.&#8221;HILARY MANTEL<\/p>\n","protected":false},"excerpt":{"rendered":"<p>\u0130NSAN V\u00dcCUDUNA SEYAHAT&#8217;in yazar\u0131ndan\u201cAk\u0131yor b\u00fct\u00fcn varl\u0131k, de\u011fi\u015fiyor, d\u00f6n\u00fc\u015f\u00fcyor ne varsa.\u201d OVIDIUSYa\u015famak, s\u00fcrekli bir de\u011fi\u015fim hali i\u00e7inde olmak demek: b\u00fcy\u00fcme, iyile\u015fme, \u00f6\u011frenme, ya\u015flanma.Gavin Francis hekimlik hayat\u0131 boyunca<span class=\"excerpt-hellip\"> [\u2026]<\/span><\/p>\n","protected":false},"featured_media":0,"template":"","meta":{"_monsterinsights_skip_tracking":false,"_monsterinsights_sitenote_active":false,"_monsterinsights_sitenote_note":"","_monsterinsights_sitenote_category":0},"product_brand":[],"product_cat":[13005,13006],"product_tag":[],"class_list":{"0":"post-726044","1":"product","2":"type-product","3":"status-publish","5":"product_cat-bilim-muhendislik","6":"product_cat-populer-bilim","7":"pa_cilt-ciltsiz","8":"pa_tur-kitap","9":"pa_yayinevi-domingo-yayinevi","10":"pa_yazar-gavin-francis","12":"first","13":"instock","14":"sale","15":"shipping-taxable","16":"purchasable","17":"product-type-simple"},"_links":{"self":[{"href":"https:\/\/roveyayinevi.com.tr\/index.php\/wp-json\/wp\/v2\/product\/726044","targetHints":{"allow":["GET"]}}],"collection":[{"href":"https:\/\/roveyayinevi.com.tr\/index.php\/wp-json\/wp\/v2\/product"}],"about":[{"href":"https:\/\/roveyayinevi.com.tr\/index.php\/wp-json\/wp\/v2\/types\/product"}],"wp:attachment":[{"href":"https:\/\/roveyayinevi.com.tr\/index.php\/wp-json\/wp\/v2\/media?parent=726044"}],"wp:term":[{"taxonomy":"product_brand","embeddable":true,"href":"https:\/\/roveyayinevi.com.tr\/index.php\/wp-json\/wp\/v2\/product_brand?post=726044"},{"taxonomy":"product_cat","embeddable":true,"href":"https:\/\/roveyayinevi.com.tr\/index.php\/wp-json\/wp\/v2\/product_cat?post=726044"},{"taxonomy":"product_tag","embeddable":true,"href":"https:\/\/roveyayinevi.com.tr\/index.php\/wp-json\/wp\/v2\/product_tag?post=726044"}],"curies":[{"name":"wp","href":"https:\/\/api.w.org\/{rel}","templated":true}]}}